{"id":1030,"date":"2019-01-11T10:37:35","date_gmt":"2019-01-11T09:37:35","guid":{"rendered":"http:\/\/theatre-pieces-detachees.org\/?page_id=1030"},"modified":"2019-02-15T18:17:35","modified_gmt":"2019-02-15T17:17:35","slug":"fiche-technique-de-la-piece","status":"publish","type":"page","link":"https:\/\/theatre-pieces-detachees.org\/?page_id=1030","title":{"rendered":"Fiche technique de la pi\u00e8ce"},"content":{"rendered":"<p>La troupe poss\u00e8de son propre \u00e9quipement afin de vous offrir la possibilit\u00e9 de jouer dans votre salle m\u00eame si elle n&#8217;est pas pr\u00e9vue pour des repr\u00e9sentations th\u00e9\u00e2trales. Il suffit qu&#8217;elle soit \u00e9quip\u00e9e de prises 220Volts.<\/p>\n<p>Si votre salle est d\u00e9j\u00e0 \u00e9quip\u00e9e, une visite pr\u00e9alable \u00e0 une repr\u00e9sentation est souhait\u00e9e par les responsables d\u00e9cors et r\u00e9gies afin d&#8217;en r\u00e9gler l&#8217;organisation.<\/p>\n<h3>Caract\u00e9ristique de l\u2019espace sc\u00e8ne<\/h3>\n<ul>\n<li>Id\u00e9alement, il nous faut une surface de 6 m\u00e8tres sur 4 m\u00e8tres pour poser nos d\u00e9cors qui ne n\u00e9cessitent aucun syst\u00e8me de fixation.<\/li>\n<\/ul>\n<h3>Une pi\u00e8ce pour le maquillage et le changement de costumes<\/h3>\n<ul>\n<li>Id\u00e9alement, nous souhaitons une pi\u00e8ce annexe avec un point d\u2019eau \u00e0 proximit\u00e9 pour les com\u00e9diens puissent se maquiller et effectuer les changements de costume avent d&#8217;entrer en sc\u00e8ne.<\/li>\n<\/ul>\n<h3>L\u2019\u00e9clairage<\/h3>\n<ul>\n<li>Nos r\u00e9gisseurs disposent d&#8217;un jeu d&#8217;orgue et d&#8217;un pont de 6 m\u00e8tres de large pour supporter les projecteurs LED.<\/li>\n<li>2 prises de 220 Volts suffisent \u00e0 alimenter l&#8217;ensemble.<\/li>\n<\/ul>\n<h3>La sonorisation<\/h3>\n<ul>\n<li>Nos musiciens sont \u00e9quip\u00e9s d&#8217;une sono compos\u00e9e d&#8217;un ampli et d&#8217;enceintes.<\/li>\n<li>Elle permet aussi de piloter par la r\u00e9gie les effets sonores n\u00e9cessaires.<\/li>\n<\/ul>\n","protected":false},"excerpt":{"rendered":"<p>La troupe poss\u00e8de son propre \u00e9quipement afin de vous offrir la possibilit\u00e9 de jouer dans votre salle m\u00eame si elle n&#8217;est pas pr\u00e9vue pour des repr\u00e9sentations th\u00e9\u00e2trales. Il suffit qu&#8217;elle soit \u00e9quip\u00e9e de prises 220Volts. Si votre salle est d\u00e9j\u00e0 \u00e9quip\u00e9e, une visite pr\u00e9alable \u00e0 une repr\u00e9sentation est souhait\u00e9e par les responsables d\u00e9cors et r\u00e9gies&hellip;<\/p>\n","protected":false},"author":4,"featured_media":0,"parent":1088,"menu_order":2,"comment_status":"closed","ping_status":"closed","template":"","meta":{"footnotes":""},"class_list":["post-1030","page","type-page","status-publish","hentry"],"yoast_head":"<!-- This site is optimized with the Yoast SEO plugin v27.3 - https:\/\/yoast.com\/product\/yoast-seo-wordpress\/ -->\n<title>Fiche technique de la pi\u00e8ce - Pi\u00e8ces d\u00e9tach\u00e9es<\/title>\n<meta name=\"robots\" content=\"index, follow, max-snippet:-1, max-image-preview:large, max-video-preview:-1\" \/>\n<link rel=\"canonical\" href=\"https:\/\/theatre-pieces-detachees.org\/?page_id=1030\" \/>\n<meta property=\"og:locale\" content=\"fr_FR\" \/>\n<meta property=\"og:type\" content=\"article\" \/>\n<meta property=\"og:title\" content=\"Fiche technique de la pi\u00e8ce - Pi\u00e8ces d\u00e9tach\u00e9es\" \/>\n<meta property=\"og:description\" content=\"La troupe poss\u00e8de son propre \u00e9quipement afin de vous offrir la possibilit\u00e9 de jouer dans votre salle m\u00eame si elle n&#8217;est pas pr\u00e9vue pour des repr\u00e9sentations th\u00e9\u00e2trales. Il suffit qu&#8217;elle soit \u00e9quip\u00e9e de prises 220Volts. Si votre salle est d\u00e9j\u00e0 \u00e9quip\u00e9e, une visite pr\u00e9alable \u00e0 une repr\u00e9sentation est souhait\u00e9e par les responsables d\u00e9cors et r\u00e9gies&hellip;\" \/>\n<meta property=\"og:url\" content=\"https:\/\/theatre-pieces-detachees.org\/?page_id=1030\" \/>\n<meta property=\"og:site_name\" content=\"Pi\u00e8ces d\u00e9tach\u00e9es\" \/>\n<meta property=\"article:modified_time\" content=\"2019-02-15T17:17:35+00:00\" \/>\n<meta name=\"twitter:card\" content=\"summary_large_image\" \/>\n<meta name=\"twitter:label1\" content=\"Dur\u00e9e de lecture estim\u00e9e\" \/>\n\t<meta name=\"twitter:data1\" content=\"1 minute\" \/>\n<script type=\"application\/ld+json\" class=\"yoast-schema-graph\">{\"@context\":\"https:\\\/\\\/schema.org\",\"@graph\":[{\"@type\":\"WebPage\",\"@id\":\"https:\\\/\\\/theatre-pieces-detachees.org\\\/?page_id=1030\",\"url\":\"https:\\\/\\\/theatre-pieces-detachees.org\\\/?page_id=1030\",\"name\":\"Fiche technique de la pi\u00e8ce - Pi\u00e8ces d\u00e9tach\u00e9es\",\"isPartOf\":{\"@id\":\"https:\\\/\\\/theatre-pieces-detachees.org\\\/#website\"},\"datePublished\":\"2019-01-11T09:37:35+00:00\",\"dateModified\":\"2019-02-15T17:17:35+00:00\",\"breadcrumb\":{\"@id\":\"https:\\\/\\\/theatre-pieces-detachees.org\\\/?page_id=1030#breadcrumb\"},\"inLanguage\":\"fr-FR\",\"potentialAction\":[{\"@type\":\"ReadAction\",\"target\":[\"https:\\\/\\\/theatre-pieces-detachees.org\\\/?page_id=1030\"]}]},{\"@type\":\"BreadcrumbList\",\"@id\":\"https:\\\/\\\/theatre-pieces-detachees.org\\\/?page_id=1030#breadcrumb\",\"itemListElement\":[{\"@type\":\"ListItem\",\"position\":1,\"name\":\"Accueil\",\"item\":\"https:\\\/\\\/theatre-pieces-detachees.org\\\/\"},{\"@type\":\"ListItem\",\"position\":2,\"name\":\"A l&#8217;affiche\",\"item\":\"https:\\\/\\\/theatre-pieces-detachees.org\\\/?page_id=1088\"},{\"@type\":\"ListItem\",\"position\":3,\"name\":\"Fiche technique de la pi\u00e8ce\"}]},{\"@type\":\"WebSite\",\"@id\":\"https:\\\/\\\/theatre-pieces-detachees.org\\\/#website\",\"url\":\"https:\\\/\\\/theatre-pieces-detachees.org\\\/\",\"name\":\"Pi\u00e8ces d\u00e9tach\u00e9es\",\"description\":\"troupe de th\u00e9\u00e2tre laxovienne\",\"potentialAction\":[{\"@type\":\"SearchAction\",\"target\":{\"@type\":\"EntryPoint\",\"urlTemplate\":\"https:\\\/\\\/theatre-pieces-detachees.org\\\/?s={search_term_string}\"},\"query-input\":{\"@type\":\"PropertyValueSpecification\",\"valueRequired\":true,\"valueName\":\"search_term_string\"}}],\"inLanguage\":\"fr-FR\"}]}<\/script>\n<!-- \/ Yoast SEO plugin. -->","yoast_head_json":{"title":"Fiche technique de la pi\u00e8ce - Pi\u00e8ces d\u00e9tach\u00e9es","robots":{"index":"index","follow":"follow","max-snippet":"max-snippet:-1","max-image-preview":"max-image-preview:large","max-video-preview":"max-video-preview:-1"},"canonical":"https:\/\/theatre-pieces-detachees.org\/?page_id=1030","og_locale":"fr_FR","og_type":"article","og_title":"Fiche technique de la pi\u00e8ce - Pi\u00e8ces d\u00e9tach\u00e9es","og_description":"La troupe poss\u00e8de son propre \u00e9quipement afin de vous offrir la possibilit\u00e9 de jouer dans votre salle m\u00eame si elle n&#8217;est pas pr\u00e9vue pour des repr\u00e9sentations th\u00e9\u00e2trales. Il suffit qu&#8217;elle soit \u00e9quip\u00e9e de prises 220Volts. Si votre salle est d\u00e9j\u00e0 \u00e9quip\u00e9e, une visite pr\u00e9alable \u00e0 une repr\u00e9sentation est souhait\u00e9e par les responsables d\u00e9cors et r\u00e9gies&hellip;","og_url":"https:\/\/theatre-pieces-detachees.org\/?page_id=1030","og_site_name":"Pi\u00e8ces d\u00e9tach\u00e9es","article_modified_time":"2019-02-15T17:17:35+00:00","twitter_card":"summary_large_image","twitter_misc":{"Dur\u00e9e de lecture estim\u00e9e":"1 minute"},"schema":{"@context":"https:\/\/schema.org","@graph":[{"@type":"WebPage","@id":"https:\/\/theatre-pieces-detachees.org\/?page_id=1030","url":"https:\/\/theatre-pieces-detachees.org\/?page_id=1030","name":"Fiche technique de la pi\u00e8ce - Pi\u00e8ces d\u00e9tach\u00e9es","isPartOf":{"@id":"https:\/\/theatre-pieces-detachees.org\/#website"},"datePublished":"2019-01-11T09:37:35+00:00","dateModified":"2019-02-15T17:17:35+00:00","breadcrumb":{"@id":"https:\/\/theatre-pieces-detachees.org\/?page_id=1030#breadcrumb"},"inLanguage":"fr-FR","potentialAction":[{"@type":"ReadAction","target":["https:\/\/theatre-pieces-detachees.org\/?page_id=1030"]}]},{"@type":"BreadcrumbList","@id":"https:\/\/theatre-pieces-detachees.org\/?page_id=1030#breadcrumb","itemListElement":[{"@type":"ListItem","position":1,"name":"Accueil","item":"https:\/\/theatre-pieces-detachees.org\/"},{"@type":"ListItem","position":2,"name":"A l&#8217;affiche","item":"https:\/\/theatre-pieces-detachees.org\/?page_id=1088"},{"@type":"ListItem","position":3,"name":"Fiche technique de la pi\u00e8ce"}]},{"@type":"WebSite","@id":"https:\/\/theatre-pieces-detachees.org\/#website","url":"https:\/\/theatre-pieces-detachees.org\/","name":"Pi\u00e8ces d\u00e9tach\u00e9es","description":"troupe de th\u00e9\u00e2tre laxovienne","potentialAction":[{"@type":"SearchAction","target":{"@type":"EntryPoint","urlTemplate":"https:\/\/theatre-pieces-detachees.org\/?s={search_term_string}"},"query-input":{"@type":"PropertyValueSpecification","valueRequired":true,"valueName":"search_term_string"}}],"inLanguage":"fr-FR"}]}},"_links":{"self":[{"href":"https:\/\/theatre-pieces-detachees.org\/index.php?rest_route=\/wp\/v2\/pages\/1030","targetHints":{"allow":["GET"]}}],"collection":[{"href":"https:\/\/theatre-pieces-detachees.org\/index.php?rest_route=\/wp\/v2\/pages"}],"about":[{"href":"https:\/\/theatre-pieces-detachees.org\/index.php?rest_route=\/wp\/v2\/types\/page"}],"author":[{"embeddable":true,"href":"https:\/\/theatre-pieces-detachees.org\/index.php?rest_route=\/wp\/v2\/users\/4"}],"replies":[{"embeddable":true,"href":"https:\/\/theatre-pieces-detachees.org\/index.php?rest_route=%2Fwp%2Fv2%2Fcomments&post=1030"}],"version-history":[{"count":8,"href":"https:\/\/theatre-pieces-detachees.org\/index.php?rest_route=\/wp\/v2\/pages\/1030\/revisions"}],"predecessor-version":[{"id":1386,"href":"https:\/\/theatre-pieces-detachees.org\/index.php?rest_route=\/wp\/v2\/pages\/1030\/revisions\/1386"}],"up":[{"embeddable":true,"href":"https:\/\/theatre-pieces-detachees.org\/index.php?rest_route=\/wp\/v2\/pages\/1088"}],"wp:attachment":[{"href":"https:\/\/theatre-pieces-detachees.org\/index.php?rest_route=%2Fwp%2Fv2%2Fmedia&parent=1030"}],"curies":[{"name":"wp","href":"https:\/\/api.w.org\/{rel}","templated":true}]}}