{"id":1366,"date":"2019-02-13T08:29:41","date_gmt":"2019-02-13T07:29:41","guid":{"rendered":"http:\/\/theatre-pieces-detachees.org\/?page_id=1366"},"modified":"2019-02-16T09:16:37","modified_gmt":"2019-02-16T08:16:37","slug":"le-mot-du-president-gilles-raveau","status":"publish","type":"page","link":"https:\/\/theatre-pieces-detachees.org\/?page_id=1366","title":{"rendered":"Le mot du Pr\u00e9sident Gilles RAVEAU"},"content":{"rendered":"<p>&nbsp;<\/p>\n<p style=\"text-align: center;\"><span style=\"font-family: georgia, palatino, serif; font-size: 18pt;\">La Compagnie <strong>Pi\u00e8ces D\u00e9tach\u00e9es<\/strong>, c\u2019est la volont\u00e9 d\u2019une troupe<br \/>\n\u2013 com\u00e9diens \u2013 techniciens \u2013 musiciens \u2013<br \/>\nde vivre sur sc\u00e8ne des moments privil\u00e9gi\u00e9s et<br \/>\nl\u2019excitation d\u2019endosser, ne serait-ce que quelques heures, <\/span><br \/>\n<span style=\"font-family: georgia, palatino, serif; font-size: 18pt;\">le r\u00f4le d\u2019un personnage dans une histoire souvent improbable.<\/span><\/p>\n<p><span style=\"font-family: georgia, palatino, serif; font-size: 18pt;\"><img loading=\"lazy\" decoding=\"async\" class=\"wp-image-1399 aligncenter\" src=\"https:\/\/theatre-pieces-detachees.org\/wp-content\/uploads\/2019\/02\/CADRE-PHOTO-GILLES-1024x819.jpg\" alt=\"\" width=\"826\" height=\"661\" srcset=\"https:\/\/theatre-pieces-detachees.org\/wp-content\/uploads\/2019\/02\/CADRE-PHOTO-GILLES-1024x819.jpg 1024w, https:\/\/theatre-pieces-detachees.org\/wp-content\/uploads\/2019\/02\/CADRE-PHOTO-GILLES-150x120.jpg 150w, https:\/\/theatre-pieces-detachees.org\/wp-content\/uploads\/2019\/02\/CADRE-PHOTO-GILLES-300x240.jpg 300w, https:\/\/theatre-pieces-detachees.org\/wp-content\/uploads\/2019\/02\/CADRE-PHOTO-GILLES.jpg 1204w\" sizes=\"auto, (max-width: 826px) 100vw, 826px\" \/><\/span><\/p>\n<p style=\"text-align: center;\"><span style=\"font-family: georgia, palatino, serif; font-size: 18pt;\">Mais cette passion n\u2019est rien si elle n\u2019est pas partag\u00e9e avec le public,<br \/>\nqui nous accompagne depuis plus de vingt ans.<\/span><\/p>\n<p style=\"text-align: center;\"><span style=\"font-family: georgia, palatino, serif; font-size: 18pt;\">Merci de nous permettre de vivre avec vous, d\u00e8s les 3coups,<br \/>\ncette aventure \u00e0 chaque fois diff\u00e9rente et unique.<\/span><\/p>\n<p style=\"text-align: center;\"><span style=\"font-family: georgia, palatino, serif; font-size: 18pt;\"><strong><em>Bon spectacle\u2026<\/em><\/strong><\/span><\/p>\n","protected":false},"excerpt":{"rendered":"<p>&nbsp; La Compagnie Pi\u00e8ces D\u00e9tach\u00e9es, c\u2019est la volont\u00e9 d\u2019une troupe \u2013 com\u00e9diens \u2013 techniciens \u2013 musiciens \u2013 de vivre sur sc\u00e8ne des moments privil\u00e9gi\u00e9s et l\u2019excitation d\u2019endosser, ne serait-ce que quelques heures, le r\u00f4le d\u2019un personnage dans une histoire souvent improbable. Mais cette passion n\u2019est rien si elle n\u2019est pas partag\u00e9e avec le public, qui&hellip;<\/p>\n","protected":false},"author":4,"featured_media":0,"parent":47,"menu_order":2,"comment_status":"closed","ping_status":"closed","template":"","meta":{"footnotes":""},"class_list":["post-1366","page","type-page","status-publish","hentry"],"yoast_head":"<!-- This site is optimized with the Yoast SEO plugin v27.4 - https:\/\/yoast.com\/product\/yoast-seo-wordpress\/ -->\n<title>Le mot du Pr\u00e9sident Gilles RAVEAU - Pi\u00e8ces d\u00e9tach\u00e9es<\/title>\n<meta name=\"robots\" content=\"index, follow, max-snippet:-1, max-image-preview:large, max-video-preview:-1\" \/>\n<link rel=\"canonical\" href=\"https:\/\/theatre-pieces-detachees.org\/?page_id=1366\" \/>\n<meta property=\"og:locale\" content=\"fr_FR\" \/>\n<meta property=\"og:type\" content=\"article\" \/>\n<meta property=\"og:title\" content=\"Le mot du Pr\u00e9sident Gilles RAVEAU - Pi\u00e8ces d\u00e9tach\u00e9es\" \/>\n<meta property=\"og:description\" content=\"&nbsp; La Compagnie Pi\u00e8ces D\u00e9tach\u00e9es, c\u2019est la volont\u00e9 d\u2019une troupe \u2013 com\u00e9diens \u2013 techniciens \u2013 musiciens \u2013 de vivre sur sc\u00e8ne des moments privil\u00e9gi\u00e9s et l\u2019excitation d\u2019endosser, ne serait-ce que quelques heures, le r\u00f4le d\u2019un personnage dans une histoire souvent improbable. Mais cette passion n\u2019est rien si elle n\u2019est pas partag\u00e9e avec le public, qui&hellip;\" \/>\n<meta property=\"og:url\" content=\"https:\/\/theatre-pieces-detachees.org\/?page_id=1366\" \/>\n<meta property=\"og:site_name\" content=\"Pi\u00e8ces d\u00e9tach\u00e9es\" \/>\n<meta property=\"article:modified_time\" content=\"2019-02-16T08:16:37+00:00\" \/>\n<meta property=\"og:image\" content=\"https:\/\/theatre-pieces-detachees.org\/wp-content\/uploads\/2019\/02\/CADRE-PHOTO-GILLES-1024x819.jpg\" \/>\n<meta name=\"twitter:card\" content=\"summary_large_image\" \/>\n<script type=\"application\/ld+json\" class=\"yoast-schema-graph\">{\"@context\":\"https:\\\/\\\/schema.org\",\"@graph\":[{\"@type\":\"WebPage\",\"@id\":\"https:\\\/\\\/theatre-pieces-detachees.org\\\/?page_id=1366\",\"url\":\"https:\\\/\\\/theatre-pieces-detachees.org\\\/?page_id=1366\",\"name\":\"Le mot du Pr\u00e9sident Gilles RAVEAU - Pi\u00e8ces d\u00e9tach\u00e9es\",\"isPartOf\":{\"@id\":\"https:\\\/\\\/theatre-pieces-detachees.org\\\/#website\"},\"primaryImageOfPage\":{\"@id\":\"https:\\\/\\\/theatre-pieces-detachees.org\\\/?page_id=1366#primaryimage\"},\"image\":{\"@id\":\"https:\\\/\\\/theatre-pieces-detachees.org\\\/?page_id=1366#primaryimage\"},\"thumbnailUrl\":\"https:\\\/\\\/theatre-pieces-detachees.org\\\/wp-content\\\/uploads\\\/2019\\\/02\\\/CADRE-PHOTO-GILLES-1024x819.jpg\",\"datePublished\":\"2019-02-13T07:29:41+00:00\",\"dateModified\":\"2019-02-16T08:16:37+00:00\",\"breadcrumb\":{\"@id\":\"https:\\\/\\\/theatre-pieces-detachees.org\\\/?page_id=1366#breadcrumb\"},\"inLanguage\":\"fr-FR\",\"potentialAction\":[{\"@type\":\"ReadAction\",\"target\":[\"https:\\\/\\\/theatre-pieces-detachees.org\\\/?page_id=1366\"]}]},{\"@type\":\"ImageObject\",\"inLanguage\":\"fr-FR\",\"@id\":\"https:\\\/\\\/theatre-pieces-detachees.org\\\/?page_id=1366#primaryimage\",\"url\":\"https:\\\/\\\/theatre-pieces-detachees.org\\\/wp-content\\\/uploads\\\/2019\\\/02\\\/CADRE-PHOTO-GILLES.jpg\",\"contentUrl\":\"https:\\\/\\\/theatre-pieces-detachees.org\\\/wp-content\\\/uploads\\\/2019\\\/02\\\/CADRE-PHOTO-GILLES.jpg\",\"width\":1204,\"height\":963},{\"@type\":\"BreadcrumbList\",\"@id\":\"https:\\\/\\\/theatre-pieces-detachees.org\\\/?page_id=1366#breadcrumb\",\"itemListElement\":[{\"@type\":\"ListItem\",\"position\":1,\"name\":\"Accueil\",\"item\":\"https:\\\/\\\/theatre-pieces-detachees.org\\\/\"},{\"@type\":\"ListItem\",\"position\":2,\"name\":\"Accueil\",\"item\":\"https:\\\/\\\/theatre-pieces-detachees.org\\\/\"},{\"@type\":\"ListItem\",\"position\":3,\"name\":\"Le mot du Pr\u00e9sident Gilles RAVEAU\"}]},{\"@type\":\"WebSite\",\"@id\":\"https:\\\/\\\/theatre-pieces-detachees.org\\\/#website\",\"url\":\"https:\\\/\\\/theatre-pieces-detachees.org\\\/\",\"name\":\"Pi\u00e8ces d\u00e9tach\u00e9es\",\"description\":\"troupe de th\u00e9\u00e2tre laxovienne\",\"potentialAction\":[{\"@type\":\"SearchAction\",\"target\":{\"@type\":\"EntryPoint\",\"urlTemplate\":\"https:\\\/\\\/theatre-pieces-detachees.org\\\/?s={search_term_string}\"},\"query-input\":{\"@type\":\"PropertyValueSpecification\",\"valueRequired\":true,\"valueName\":\"search_term_string\"}}],\"inLanguage\":\"fr-FR\"}]}<\/script>\n<!-- \/ Yoast SEO plugin. -->","yoast_head_json":{"title":"Le mot du Pr\u00e9sident Gilles RAVEAU - Pi\u00e8ces d\u00e9tach\u00e9es","robots":{"index":"index","follow":"follow","max-snippet":"max-snippet:-1","max-image-preview":"max-image-preview:large","max-video-preview":"max-video-preview:-1"},"canonical":"https:\/\/theatre-pieces-detachees.org\/?page_id=1366","og_locale":"fr_FR","og_type":"article","og_title":"Le mot du Pr\u00e9sident Gilles RAVEAU - Pi\u00e8ces d\u00e9tach\u00e9es","og_description":"&nbsp; La Compagnie Pi\u00e8ces D\u00e9tach\u00e9es, c\u2019est la volont\u00e9 d\u2019une troupe \u2013 com\u00e9diens \u2013 techniciens \u2013 musiciens \u2013 de vivre sur sc\u00e8ne des moments privil\u00e9gi\u00e9s et l\u2019excitation d\u2019endosser, ne serait-ce que quelques heures, le r\u00f4le d\u2019un personnage dans une histoire souvent improbable. Mais cette passion n\u2019est rien si elle n\u2019est pas partag\u00e9e avec le public, qui&hellip;","og_url":"https:\/\/theatre-pieces-detachees.org\/?page_id=1366","og_site_name":"Pi\u00e8ces d\u00e9tach\u00e9es","article_modified_time":"2019-02-16T08:16:37+00:00","og_image":[{"url":"https:\/\/theatre-pieces-detachees.org\/wp-content\/uploads\/2019\/02\/CADRE-PHOTO-GILLES-1024x819.jpg","type":"","width":"","height":""}],"twitter_card":"summary_large_image","schema":{"@context":"https:\/\/schema.org","@graph":[{"@type":"WebPage","@id":"https:\/\/theatre-pieces-detachees.org\/?page_id=1366","url":"https:\/\/theatre-pieces-detachees.org\/?page_id=1366","name":"Le mot du Pr\u00e9sident Gilles RAVEAU - Pi\u00e8ces d\u00e9tach\u00e9es","isPartOf":{"@id":"https:\/\/theatre-pieces-detachees.org\/#website"},"primaryImageOfPage":{"@id":"https:\/\/theatre-pieces-detachees.org\/?page_id=1366#primaryimage"},"image":{"@id":"https:\/\/theatre-pieces-detachees.org\/?page_id=1366#primaryimage"},"thumbnailUrl":"https:\/\/theatre-pieces-detachees.org\/wp-content\/uploads\/2019\/02\/CADRE-PHOTO-GILLES-1024x819.jpg","datePublished":"2019-02-13T07:29:41+00:00","dateModified":"2019-02-16T08:16:37+00:00","breadcrumb":{"@id":"https:\/\/theatre-pieces-detachees.org\/?page_id=1366#breadcrumb"},"inLanguage":"fr-FR","potentialAction":[{"@type":"ReadAction","target":["https:\/\/theatre-pieces-detachees.org\/?page_id=1366"]}]},{"@type":"ImageObject","inLanguage":"fr-FR","@id":"https:\/\/theatre-pieces-detachees.org\/?page_id=1366#primaryimage","url":"https:\/\/theatre-pieces-detachees.org\/wp-content\/uploads\/2019\/02\/CADRE-PHOTO-GILLES.jpg","contentUrl":"https:\/\/theatre-pieces-detachees.org\/wp-content\/uploads\/2019\/02\/CADRE-PHOTO-GILLES.jpg","width":1204,"height":963},{"@type":"BreadcrumbList","@id":"https:\/\/theatre-pieces-detachees.org\/?page_id=1366#breadcrumb","itemListElement":[{"@type":"ListItem","position":1,"name":"Accueil","item":"https:\/\/theatre-pieces-detachees.org\/"},{"@type":"ListItem","position":2,"name":"Accueil","item":"https:\/\/theatre-pieces-detachees.org\/"},{"@type":"ListItem","position":3,"name":"Le mot du Pr\u00e9sident Gilles RAVEAU"}]},{"@type":"WebSite","@id":"https:\/\/theatre-pieces-detachees.org\/#website","url":"https:\/\/theatre-pieces-detachees.org\/","name":"Pi\u00e8ces d\u00e9tach\u00e9es","description":"troupe de th\u00e9\u00e2tre laxovienne","potentialAction":[{"@type":"SearchAction","target":{"@type":"EntryPoint","urlTemplate":"https:\/\/theatre-pieces-detachees.org\/?s={search_term_string}"},"query-input":{"@type":"PropertyValueSpecification","valueRequired":true,"valueName":"search_term_string"}}],"inLanguage":"fr-FR"}]}},"_links":{"self":[{"href":"https:\/\/theatre-pieces-detachees.org\/index.php?rest_route=\/wp\/v2\/pages\/1366","targetHints":{"allow":["GET"]}}],"collection":[{"href":"https:\/\/theatre-pieces-detachees.org\/index.php?rest_route=\/wp\/v2\/pages"}],"about":[{"href":"https:\/\/theatre-pieces-detachees.org\/index.php?rest_route=\/wp\/v2\/types\/page"}],"author":[{"embeddable":true,"href":"https:\/\/theatre-pieces-detachees.org\/index.php?rest_route=\/wp\/v2\/users\/4"}],"replies":[{"embeddable":true,"href":"https:\/\/theatre-pieces-detachees.org\/index.php?rest_route=%2Fwp%2Fv2%2Fcomments&post=1366"}],"version-history":[{"count":9,"href":"https:\/\/theatre-pieces-detachees.org\/index.php?rest_route=\/wp\/v2\/pages\/1366\/revisions"}],"predecessor-version":[{"id":1400,"href":"https:\/\/theatre-pieces-detachees.org\/index.php?rest_route=\/wp\/v2\/pages\/1366\/revisions\/1400"}],"up":[{"embeddable":true,"href":"https:\/\/theatre-pieces-detachees.org\/index.php?rest_route=\/wp\/v2\/pages\/47"}],"wp:attachment":[{"href":"https:\/\/theatre-pieces-detachees.org\/index.php?rest_route=%2Fwp%2Fv2%2Fmedia&parent=1366"}],"curies":[{"name":"wp","href":"https:\/\/api.w.org\/{rel}","templated":true}]}}