{"id":176,"date":"2018-12-14T12:05:37","date_gmt":"2018-12-14T11:05:37","guid":{"rendered":"http:\/\/theatre-pieces-detachees.org\/?page_id=176"},"modified":"2019-02-06T17:52:00","modified_gmt":"2019-02-06T16:52:00","slug":"presentation","status":"publish","type":"page","link":"https:\/\/theatre-pieces-detachees.org\/?page_id=176","title":{"rendered":"Pr\u00e9sentation"},"content":{"rendered":"<h2 style=\"text-align: center;\">La troupe a \u00e9t\u00e9 cr\u00e9\u00e9e le 18 juin 1998<\/h2>\n<p style=\"text-align: center;\"><strong><span style=\"font-size: 14pt;\"><a href=\"https:\/\/theatre-pieces-detachees.org\/wp-content\/uploads\/2019\/02\/19980618-Statuts.pdf\" target=\"_blank\" rel=\"noopener\">Statuts<\/a><\/span><\/strong>\u00a0\u00a0\u00a0\u00a0\u00a0\u00a0 <a href=\"https:\/\/theatre-pieces-detachees.org\/wp-content\/uploads\/2019\/02\/19980820-D\u00e9claration-Pr\u00e9fecture.pdf\" target=\"_blank\" rel=\"noopener\"><span style=\"font-size: 14pt;\"><strong>Recepiss\u00e9 de la Pr\u00e9f\u00e9cture<\/strong><\/span><\/a>\u00a0\u00a0\u00a0 <a href=\"https:\/\/theatre-pieces-detachees.org\/wp-content\/uploads\/2019\/02\/19980905-JO-D\u00e9claration-Pr\u00e9fecture.pdf\" target=\"_blank\" rel=\"noopener\"><strong><span style=\"font-size: 14pt;\">Parution au Journal Officiel<\/span><\/strong><\/a><\/p>\n<p style=\"text-align: center;\">Elle est enregistr\u00e9e sous le N\u00b0 W543001623<\/p>\n<p>&nbsp;<\/p>\n<h2 style=\"text-align: center;\">Depuis son premier spectacle\u00a0 &#8220;La balade des planches&#8221;, la troupe a grandi et a su garder au fil du temps sa volont\u00e9 de proposer le th\u00e9\u00e2tre\u00a0 dans tous les quartiers de Laxou et plus loin dans les campagnes &#8230;<\/h2>\n<p><img loading=\"lazy\" decoding=\"async\" class=\"size-large wp-image-867 aligncenter\" src=\"https:\/\/theatre-pieces-detachees.org\/wp-content\/uploads\/2019\/01\/balade-des-planches-3-728x1024.jpg\" alt=\"\" width=\"728\" height=\"1024\" srcset=\"https:\/\/theatre-pieces-detachees.org\/wp-content\/uploads\/2019\/01\/balade-des-planches-3-728x1024.jpg 728w, https:\/\/theatre-pieces-detachees.org\/wp-content\/uploads\/2019\/01\/balade-des-planches-3-213x300.jpg 213w, https:\/\/theatre-pieces-detachees.org\/wp-content\/uploads\/2019\/01\/balade-des-planches-3-768x1080.jpg 768w\" sizes=\"auto, (max-width: 728px) 100vw, 728px\" \/><\/p>\n","protected":false},"excerpt":{"rendered":"<p>La troupe a \u00e9t\u00e9 cr\u00e9\u00e9e le 18 juin 1998 Statuts\u00a0\u00a0\u00a0\u00a0\u00a0\u00a0 Recepiss\u00e9 de la Pr\u00e9f\u00e9cture\u00a0\u00a0\u00a0 Parution au Journal Officiel Elle est enregistr\u00e9e sous le N\u00b0 W543001623 &nbsp; Depuis son premier spectacle\u00a0 &#8220;La balade des planches&#8221;, la troupe a grandi et a su garder au fil du temps sa volont\u00e9 de proposer le th\u00e9\u00e2tre\u00a0 dans tous les&hellip;<\/p>\n","protected":false},"author":4,"featured_media":0,"parent":125,"menu_order":1,"comment_status":"closed","ping_status":"closed","template":"","meta":{"footnotes":""},"class_list":["post-176","page","type-page","status-publish","hentry"],"yoast_head":"<!-- This site is optimized with the Yoast SEO plugin v27.4 - https:\/\/yoast.com\/product\/yoast-seo-wordpress\/ -->\n<title>Pr\u00e9sentation - Pi\u00e8ces d\u00e9tach\u00e9es<\/title>\n<meta name=\"robots\" content=\"index, follow, max-snippet:-1, max-image-preview:large, max-video-preview:-1\" \/>\n<link rel=\"canonical\" href=\"https:\/\/theatre-pieces-detachees.org\/?page_id=176\" \/>\n<meta property=\"og:locale\" content=\"fr_FR\" \/>\n<meta property=\"og:type\" content=\"article\" \/>\n<meta property=\"og:title\" content=\"Pr\u00e9sentation - Pi\u00e8ces d\u00e9tach\u00e9es\" \/>\n<meta property=\"og:description\" content=\"La troupe a \u00e9t\u00e9 cr\u00e9\u00e9e le 18 juin 1998 Statuts\u00a0\u00a0\u00a0\u00a0\u00a0\u00a0 Recepiss\u00e9 de la Pr\u00e9f\u00e9cture\u00a0\u00a0\u00a0 Parution au Journal Officiel Elle est enregistr\u00e9e sous le N\u00b0 W543001623 &nbsp; Depuis son premier spectacle\u00a0 &#8220;La balade des planches&#8221;, la troupe a grandi et a su garder au fil du temps sa volont\u00e9 de proposer le th\u00e9\u00e2tre\u00a0 dans tous les&hellip;\" \/>\n<meta property=\"og:url\" content=\"https:\/\/theatre-pieces-detachees.org\/?page_id=176\" \/>\n<meta property=\"og:site_name\" content=\"Pi\u00e8ces d\u00e9tach\u00e9es\" \/>\n<meta property=\"article:modified_time\" content=\"2019-02-06T16:52:00+00:00\" \/>\n<meta property=\"og:image\" content=\"https:\/\/theatre-pieces-detachees.org\/wp-content\/uploads\/2019\/01\/balade-des-planches-3-728x1024.jpg\" \/>\n<meta name=\"twitter:card\" content=\"summary_large_image\" \/>\n<script type=\"application\/ld+json\" class=\"yoast-schema-graph\">{\"@context\":\"https:\\\/\\\/schema.org\",\"@graph\":[{\"@type\":\"WebPage\",\"@id\":\"https:\\\/\\\/theatre-pieces-detachees.org\\\/?page_id=176\",\"url\":\"https:\\\/\\\/theatre-pieces-detachees.org\\\/?page_id=176\",\"name\":\"Pr\u00e9sentation - Pi\u00e8ces d\u00e9tach\u00e9es\",\"isPartOf\":{\"@id\":\"https:\\\/\\\/theatre-pieces-detachees.org\\\/#website\"},\"primaryImageOfPage\":{\"@id\":\"https:\\\/\\\/theatre-pieces-detachees.org\\\/?page_id=176#primaryimage\"},\"image\":{\"@id\":\"https:\\\/\\\/theatre-pieces-detachees.org\\\/?page_id=176#primaryimage\"},\"thumbnailUrl\":\"https:\\\/\\\/theatre-pieces-detachees.org\\\/wp-content\\\/uploads\\\/2019\\\/01\\\/balade-des-planches-3-728x1024.jpg\",\"datePublished\":\"2018-12-14T11:05:37+00:00\",\"dateModified\":\"2019-02-06T16:52:00+00:00\",\"breadcrumb\":{\"@id\":\"https:\\\/\\\/theatre-pieces-detachees.org\\\/?page_id=176#breadcrumb\"},\"inLanguage\":\"fr-FR\",\"potentialAction\":[{\"@type\":\"ReadAction\",\"target\":[\"https:\\\/\\\/theatre-pieces-detachees.org\\\/?page_id=176\"]}]},{\"@type\":\"ImageObject\",\"inLanguage\":\"fr-FR\",\"@id\":\"https:\\\/\\\/theatre-pieces-detachees.org\\\/?page_id=176#primaryimage\",\"url\":\"https:\\\/\\\/theatre-pieces-detachees.org\\\/wp-content\\\/uploads\\\/2019\\\/01\\\/balade-des-planches-3.jpg\",\"contentUrl\":\"https:\\\/\\\/theatre-pieces-detachees.org\\\/wp-content\\\/uploads\\\/2019\\\/01\\\/balade-des-planches-3.jpg\",\"width\":2133,\"height\":3000},{\"@type\":\"BreadcrumbList\",\"@id\":\"https:\\\/\\\/theatre-pieces-detachees.org\\\/?page_id=176#breadcrumb\",\"itemListElement\":[{\"@type\":\"ListItem\",\"position\":1,\"name\":\"Accueil\",\"item\":\"https:\\\/\\\/theatre-pieces-detachees.org\\\/\"},{\"@type\":\"ListItem\",\"position\":2,\"name\":\"Qui sommes-nous\",\"item\":\"https:\\\/\\\/theatre-pieces-detachees.org\\\/?page_id=125\"},{\"@type\":\"ListItem\",\"position\":3,\"name\":\"Pr\u00e9sentation\"}]},{\"@type\":\"WebSite\",\"@id\":\"https:\\\/\\\/theatre-pieces-detachees.org\\\/#website\",\"url\":\"https:\\\/\\\/theatre-pieces-detachees.org\\\/\",\"name\":\"Pi\u00e8ces d\u00e9tach\u00e9es\",\"description\":\"troupe de th\u00e9\u00e2tre laxovienne\",\"potentialAction\":[{\"@type\":\"SearchAction\",\"target\":{\"@type\":\"EntryPoint\",\"urlTemplate\":\"https:\\\/\\\/theatre-pieces-detachees.org\\\/?s={search_term_string}\"},\"query-input\":{\"@type\":\"PropertyValueSpecification\",\"valueRequired\":true,\"valueName\":\"search_term_string\"}}],\"inLanguage\":\"fr-FR\"}]}<\/script>\n<!-- \/ Yoast SEO plugin. -->","yoast_head_json":{"title":"Pr\u00e9sentation - Pi\u00e8ces d\u00e9tach\u00e9es","robots":{"index":"index","follow":"follow","max-snippet":"max-snippet:-1","max-image-preview":"max-image-preview:large","max-video-preview":"max-video-preview:-1"},"canonical":"https:\/\/theatre-pieces-detachees.org\/?page_id=176","og_locale":"fr_FR","og_type":"article","og_title":"Pr\u00e9sentation - Pi\u00e8ces d\u00e9tach\u00e9es","og_description":"La troupe a \u00e9t\u00e9 cr\u00e9\u00e9e le 18 juin 1998 Statuts\u00a0\u00a0\u00a0\u00a0\u00a0\u00a0 Recepiss\u00e9 de la Pr\u00e9f\u00e9cture\u00a0\u00a0\u00a0 Parution au Journal Officiel Elle est enregistr\u00e9e sous le N\u00b0 W543001623 &nbsp; Depuis son premier spectacle\u00a0 &#8220;La balade des planches&#8221;, la troupe a grandi et a su garder au fil du temps sa volont\u00e9 de proposer le th\u00e9\u00e2tre\u00a0 dans tous les&hellip;","og_url":"https:\/\/theatre-pieces-detachees.org\/?page_id=176","og_site_name":"Pi\u00e8ces d\u00e9tach\u00e9es","article_modified_time":"2019-02-06T16:52:00+00:00","og_image":[{"url":"https:\/\/theatre-pieces-detachees.org\/wp-content\/uploads\/2019\/01\/balade-des-planches-3-728x1024.jpg","type":"","width":"","height":""}],"twitter_card":"summary_large_image","schema":{"@context":"https:\/\/schema.org","@graph":[{"@type":"WebPage","@id":"https:\/\/theatre-pieces-detachees.org\/?page_id=176","url":"https:\/\/theatre-pieces-detachees.org\/?page_id=176","name":"Pr\u00e9sentation - Pi\u00e8ces d\u00e9tach\u00e9es","isPartOf":{"@id":"https:\/\/theatre-pieces-detachees.org\/#website"},"primaryImageOfPage":{"@id":"https:\/\/theatre-pieces-detachees.org\/?page_id=176#primaryimage"},"image":{"@id":"https:\/\/theatre-pieces-detachees.org\/?page_id=176#primaryimage"},"thumbnailUrl":"https:\/\/theatre-pieces-detachees.org\/wp-content\/uploads\/2019\/01\/balade-des-planches-3-728x1024.jpg","datePublished":"2018-12-14T11:05:37+00:00","dateModified":"2019-02-06T16:52:00+00:00","breadcrumb":{"@id":"https:\/\/theatre-pieces-detachees.org\/?page_id=176#breadcrumb"},"inLanguage":"fr-FR","potentialAction":[{"@type":"ReadAction","target":["https:\/\/theatre-pieces-detachees.org\/?page_id=176"]}]},{"@type":"ImageObject","inLanguage":"fr-FR","@id":"https:\/\/theatre-pieces-detachees.org\/?page_id=176#primaryimage","url":"https:\/\/theatre-pieces-detachees.org\/wp-content\/uploads\/2019\/01\/balade-des-planches-3.jpg","contentUrl":"https:\/\/theatre-pieces-detachees.org\/wp-content\/uploads\/2019\/01\/balade-des-planches-3.jpg","width":2133,"height":3000},{"@type":"BreadcrumbList","@id":"https:\/\/theatre-pieces-detachees.org\/?page_id=176#breadcrumb","itemListElement":[{"@type":"ListItem","position":1,"name":"Accueil","item":"https:\/\/theatre-pieces-detachees.org\/"},{"@type":"ListItem","position":2,"name":"Qui sommes-nous","item":"https:\/\/theatre-pieces-detachees.org\/?page_id=125"},{"@type":"ListItem","position":3,"name":"Pr\u00e9sentation"}]},{"@type":"WebSite","@id":"https:\/\/theatre-pieces-detachees.org\/#website","url":"https:\/\/theatre-pieces-detachees.org\/","name":"Pi\u00e8ces d\u00e9tach\u00e9es","description":"troupe de th\u00e9\u00e2tre laxovienne","potentialAction":[{"@type":"SearchAction","target":{"@type":"EntryPoint","urlTemplate":"https:\/\/theatre-pieces-detachees.org\/?s={search_term_string}"},"query-input":{"@type":"PropertyValueSpecification","valueRequired":true,"valueName":"search_term_string"}}],"inLanguage":"fr-FR"}]}},"_links":{"self":[{"href":"https:\/\/theatre-pieces-detachees.org\/index.php?rest_route=\/wp\/v2\/pages\/176","targetHints":{"allow":["GET"]}}],"collection":[{"href":"https:\/\/theatre-pieces-detachees.org\/index.php?rest_route=\/wp\/v2\/pages"}],"about":[{"href":"https:\/\/theatre-pieces-detachees.org\/index.php?rest_route=\/wp\/v2\/types\/page"}],"author":[{"embeddable":true,"href":"https:\/\/theatre-pieces-detachees.org\/index.php?rest_route=\/wp\/v2\/users\/4"}],"replies":[{"embeddable":true,"href":"https:\/\/theatre-pieces-detachees.org\/index.php?rest_route=%2Fwp%2Fv2%2Fcomments&post=176"}],"version-history":[{"count":20,"href":"https:\/\/theatre-pieces-detachees.org\/index.php?rest_route=\/wp\/v2\/pages\/176\/revisions"}],"predecessor-version":[{"id":1290,"href":"https:\/\/theatre-pieces-detachees.org\/index.php?rest_route=\/wp\/v2\/pages\/176\/revisions\/1290"}],"up":[{"embeddable":true,"href":"https:\/\/theatre-pieces-detachees.org\/index.php?rest_route=\/wp\/v2\/pages\/125"}],"wp:attachment":[{"href":"https:\/\/theatre-pieces-detachees.org\/index.php?rest_route=%2Fwp%2Fv2%2Fmedia&parent=176"}],"curies":[{"name":"wp","href":"https:\/\/api.w.org\/{rel}","templated":true}]}}