{"id":185,"date":"2018-12-14T12:11:34","date_gmt":"2018-12-14T11:11:34","guid":{"rendered":"http:\/\/theatre-pieces-detachees.org\/?page_id=185"},"modified":"2019-02-17T11:30:55","modified_gmt":"2019-02-17T10:30:55","slug":"associations-partenaires-et-institutionnels","status":"publish","type":"page","link":"https:\/\/theatre-pieces-detachees.org\/?page_id=185","title":{"rendered":"Associations partenaires et Institutionnels"},"content":{"rendered":"<h3><a href=\"https:\/\/www.laxou.fr\/fr\/accueil.html\" target=\"_blank\" rel=\"noopener\"><strong><span style=\"color: #993300;\">Mairie de Laxou<\/span><\/strong><\/a><\/h3>\n<p>Pour l&#8217;h\u00e9bergement de notre mat\u00e9riel, pour la salle de r\u00e9p\u00e9tition et pour sa subvention<\/p>\n<p>&nbsp;<\/p>\n<h3><span style=\"color: #993300;\"><strong>R\u00e9gie de Quartier des Provinces<\/strong><\/span><\/h3>\n<p>La troupe est adh\u00e9rente \u00e0 la R\u00e9gie de quartier de Provinces de Laxou.<br \/>\nR\u00e9guli\u00e8rement, nous louons les services de la R\u00e9gie pour des op\u00e9rations d&#8217;assistance technique.<\/p>\n<p>&nbsp;<\/p>\n<h3><span style=\"color: #993300;\"><strong>Si on se parlait<\/strong><\/span><\/h3>\n<p>En 2016, Claudine et Monique de l&#8217;assiaociation nous ont fabriqu\u00e9 notre logo en 3 dimensions \u00e0 partir du logo invent\u00e9 par Guillaume LAURENT en 2000 .<\/p>\n<p>Nous leur adressons un merci tr\u00e8s sinc\u00e8re.<\/p>\n<p>&nbsp;<\/p>\n<p><img loading=\"lazy\" decoding=\"async\" class=\"wp-image-854 aligncenter\" src=\"https:\/\/theatre-pieces-detachees.org\/wp-content\/uploads\/2019\/01\/er-14-10-16-tranche-de-vie.jpg\" alt=\"\" width=\"539\" height=\"470\" srcset=\"https:\/\/theatre-pieces-detachees.org\/wp-content\/uploads\/2019\/01\/er-14-10-16-tranche-de-vie.jpg 978w, https:\/\/theatre-pieces-detachees.org\/wp-content\/uploads\/2019\/01\/er-14-10-16-tranche-de-vie-300x261.jpg 300w, https:\/\/theatre-pieces-detachees.org\/wp-content\/uploads\/2019\/01\/er-14-10-16-tranche-de-vie-768x669.jpg 768w\" sizes=\"auto, (max-width: 539px) 100vw, 539px\" \/><\/p>\n<p>&nbsp;<\/p>\n<p>&nbsp;<\/p>\n<h3><a href=\"https:\/\/www.theatre-du-moulin-toul.fr\/\" target=\"_blank\" rel=\"noopener\"><strong><span style=\"color: #993300;\">Th\u00e9\u00e2tre du Moulin de Toul<\/span><\/strong><\/a><\/h3>\n<p>Nous sollicitons r\u00e9guli\u00e8rement le <a href=\"https:\/\/www.theatre-du-moulin-toul.fr\/\">Th\u00e9\u00e2tre du Moulin<\/a> pour sa riche garde robe de costumes.<\/p>\n<p>&nbsp;<\/p>\n<h3><a href=\"http:\/\/theatre-en-kit.fr\/\" target=\"_blank\" rel=\"noopener\"><strong><span style=\"color: #993300;\">Le th\u00e9\u00e2tre en kit \u00e0 Tomblaine<\/span><\/strong><\/a><\/h3>\n<p>Marc Guepratte de la comagnie <a href=\"http:\/\/theatre-en-kit.fr\/\">Th\u00e9\u00e2tre en ki<\/a>t intervient r\u00e9guli\u00e8rement pour nous accompagner dans des s\u00e9ances de formation.<\/p>\n<p>&nbsp;<\/p>\n<h3><a href=\"http:\/\/www.fncta.fr\/accueil\" target=\"_blank\" rel=\"noopener\"><strong><span style=\"color: #993300;\">FNCTA<\/span><\/strong><\/a><\/h3>\n<p>La troupe est adh\u00e9rente \u00e0 la <a href=\"http:\/\/www.fncta.fr\/accueil\">F\u00e9d\u00e9ration Nationale des Compagnies de Th\u00e9\u00e2tre et d&#8217;Animation<\/a>.<\/p>\n","protected":false},"excerpt":{"rendered":"<p>Mairie de Laxou Pour l&#8217;h\u00e9bergement de notre mat\u00e9riel, pour la salle de r\u00e9p\u00e9tition et pour sa subvention &nbsp; R\u00e9gie de Quartier des Provinces La troupe est adh\u00e9rente \u00e0 la R\u00e9gie de quartier de Provinces de Laxou. R\u00e9guli\u00e8rement, nous louons les services de la R\u00e9gie pour des op\u00e9rations d&#8217;assistance technique. &nbsp; Si on se parlait En&hellip;<\/p>\n","protected":false},"author":4,"featured_media":0,"parent":125,"menu_order":5,"comment_status":"closed","ping_status":"closed","template":"","meta":{"footnotes":""},"class_list":["post-185","page","type-page","status-publish","hentry"],"yoast_head":"<!-- This site is optimized with the Yoast SEO plugin v27.4 - https:\/\/yoast.com\/product\/yoast-seo-wordpress\/ -->\n<title>Associations partenaires et Institutionnels - Pi\u00e8ces d\u00e9tach\u00e9es<\/title>\n<meta name=\"robots\" content=\"index, follow, max-snippet:-1, max-image-preview:large, max-video-preview:-1\" \/>\n<link rel=\"canonical\" href=\"https:\/\/theatre-pieces-detachees.org\/?page_id=185\" \/>\n<meta property=\"og:locale\" content=\"fr_FR\" \/>\n<meta property=\"og:type\" content=\"article\" \/>\n<meta property=\"og:title\" content=\"Associations partenaires et Institutionnels - Pi\u00e8ces d\u00e9tach\u00e9es\" \/>\n<meta property=\"og:description\" content=\"Mairie de Laxou Pour l&#8217;h\u00e9bergement de notre mat\u00e9riel, pour la salle de r\u00e9p\u00e9tition et pour sa subvention &nbsp; R\u00e9gie de Quartier des Provinces La troupe est adh\u00e9rente \u00e0 la R\u00e9gie de quartier de Provinces de Laxou. R\u00e9guli\u00e8rement, nous louons les services de la R\u00e9gie pour des op\u00e9rations d&#8217;assistance technique. &nbsp; Si on se parlait En&hellip;\" \/>\n<meta property=\"og:url\" content=\"https:\/\/theatre-pieces-detachees.org\/?page_id=185\" \/>\n<meta property=\"og:site_name\" content=\"Pi\u00e8ces d\u00e9tach\u00e9es\" \/>\n<meta property=\"article:modified_time\" content=\"2019-02-17T10:30:55+00:00\" \/>\n<meta property=\"og:image\" content=\"https:\/\/theatre-pieces-detachees.org\/wp-content\/uploads\/2019\/01\/er-14-10-16-tranche-de-vie.jpg\" \/>\n<meta name=\"twitter:card\" content=\"summary_large_image\" \/>\n<meta name=\"twitter:label1\" content=\"Dur\u00e9e de lecture estim\u00e9e\" \/>\n\t<meta name=\"twitter:data1\" content=\"1 minute\" \/>\n<script type=\"application\/ld+json\" class=\"yoast-schema-graph\">{\"@context\":\"https:\\\/\\\/schema.org\",\"@graph\":[{\"@type\":\"WebPage\",\"@id\":\"https:\\\/\\\/theatre-pieces-detachees.org\\\/?page_id=185\",\"url\":\"https:\\\/\\\/theatre-pieces-detachees.org\\\/?page_id=185\",\"name\":\"Associations partenaires et Institutionnels - Pi\u00e8ces d\u00e9tach\u00e9es\",\"isPartOf\":{\"@id\":\"https:\\\/\\\/theatre-pieces-detachees.org\\\/#website\"},\"primaryImageOfPage\":{\"@id\":\"https:\\\/\\\/theatre-pieces-detachees.org\\\/?page_id=185#primaryimage\"},\"image\":{\"@id\":\"https:\\\/\\\/theatre-pieces-detachees.org\\\/?page_id=185#primaryimage\"},\"thumbnailUrl\":\"https:\\\/\\\/theatre-pieces-detachees.org\\\/wp-content\\\/uploads\\\/2019\\\/01\\\/er-14-10-16-tranche-de-vie.jpg\",\"datePublished\":\"2018-12-14T11:11:34+00:00\",\"dateModified\":\"2019-02-17T10:30:55+00:00\",\"breadcrumb\":{\"@id\":\"https:\\\/\\\/theatre-pieces-detachees.org\\\/?page_id=185#breadcrumb\"},\"inLanguage\":\"fr-FR\",\"potentialAction\":[{\"@type\":\"ReadAction\",\"target\":[\"https:\\\/\\\/theatre-pieces-detachees.org\\\/?page_id=185\"]}]},{\"@type\":\"ImageObject\",\"inLanguage\":\"fr-FR\",\"@id\":\"https:\\\/\\\/theatre-pieces-detachees.org\\\/?page_id=185#primaryimage\",\"url\":\"https:\\\/\\\/theatre-pieces-detachees.org\\\/wp-content\\\/uploads\\\/2019\\\/01\\\/er-14-10-16-tranche-de-vie.jpg\",\"contentUrl\":\"https:\\\/\\\/theatre-pieces-detachees.org\\\/wp-content\\\/uploads\\\/2019\\\/01\\\/er-14-10-16-tranche-de-vie.jpg\",\"width\":978,\"height\":852},{\"@type\":\"BreadcrumbList\",\"@id\":\"https:\\\/\\\/theatre-pieces-detachees.org\\\/?page_id=185#breadcrumb\",\"itemListElement\":[{\"@type\":\"ListItem\",\"position\":1,\"name\":\"Accueil\",\"item\":\"https:\\\/\\\/theatre-pieces-detachees.org\\\/\"},{\"@type\":\"ListItem\",\"position\":2,\"name\":\"Qui sommes-nous\",\"item\":\"https:\\\/\\\/theatre-pieces-detachees.org\\\/?page_id=125\"},{\"@type\":\"ListItem\",\"position\":3,\"name\":\"Associations partenaires et Institutionnels\"}]},{\"@type\":\"WebSite\",\"@id\":\"https:\\\/\\\/theatre-pieces-detachees.org\\\/#website\",\"url\":\"https:\\\/\\\/theatre-pieces-detachees.org\\\/\",\"name\":\"Pi\u00e8ces d\u00e9tach\u00e9es\",\"description\":\"troupe de th\u00e9\u00e2tre laxovienne\",\"potentialAction\":[{\"@type\":\"SearchAction\",\"target\":{\"@type\":\"EntryPoint\",\"urlTemplate\":\"https:\\\/\\\/theatre-pieces-detachees.org\\\/?s={search_term_string}\"},\"query-input\":{\"@type\":\"PropertyValueSpecification\",\"valueRequired\":true,\"valueName\":\"search_term_string\"}}],\"inLanguage\":\"fr-FR\"}]}<\/script>\n<!-- \/ Yoast SEO plugin. -->","yoast_head_json":{"title":"Associations partenaires et Institutionnels - Pi\u00e8ces d\u00e9tach\u00e9es","robots":{"index":"index","follow":"follow","max-snippet":"max-snippet:-1","max-image-preview":"max-image-preview:large","max-video-preview":"max-video-preview:-1"},"canonical":"https:\/\/theatre-pieces-detachees.org\/?page_id=185","og_locale":"fr_FR","og_type":"article","og_title":"Associations partenaires et Institutionnels - Pi\u00e8ces d\u00e9tach\u00e9es","og_description":"Mairie de Laxou Pour l&#8217;h\u00e9bergement de notre mat\u00e9riel, pour la salle de r\u00e9p\u00e9tition et pour sa subvention &nbsp; R\u00e9gie de Quartier des Provinces La troupe est adh\u00e9rente \u00e0 la R\u00e9gie de quartier de Provinces de Laxou. R\u00e9guli\u00e8rement, nous louons les services de la R\u00e9gie pour des op\u00e9rations d&#8217;assistance technique. &nbsp; Si on se parlait En&hellip;","og_url":"https:\/\/theatre-pieces-detachees.org\/?page_id=185","og_site_name":"Pi\u00e8ces d\u00e9tach\u00e9es","article_modified_time":"2019-02-17T10:30:55+00:00","og_image":[{"url":"https:\/\/theatre-pieces-detachees.org\/wp-content\/uploads\/2019\/01\/er-14-10-16-tranche-de-vie.jpg","type":"","width":"","height":""}],"twitter_card":"summary_large_image","twitter_misc":{"Dur\u00e9e de lecture estim\u00e9e":"1 minute"},"schema":{"@context":"https:\/\/schema.org","@graph":[{"@type":"WebPage","@id":"https:\/\/theatre-pieces-detachees.org\/?page_id=185","url":"https:\/\/theatre-pieces-detachees.org\/?page_id=185","name":"Associations partenaires et Institutionnels - Pi\u00e8ces d\u00e9tach\u00e9es","isPartOf":{"@id":"https:\/\/theatre-pieces-detachees.org\/#website"},"primaryImageOfPage":{"@id":"https:\/\/theatre-pieces-detachees.org\/?page_id=185#primaryimage"},"image":{"@id":"https:\/\/theatre-pieces-detachees.org\/?page_id=185#primaryimage"},"thumbnailUrl":"https:\/\/theatre-pieces-detachees.org\/wp-content\/uploads\/2019\/01\/er-14-10-16-tranche-de-vie.jpg","datePublished":"2018-12-14T11:11:34+00:00","dateModified":"2019-02-17T10:30:55+00:00","breadcrumb":{"@id":"https:\/\/theatre-pieces-detachees.org\/?page_id=185#breadcrumb"},"inLanguage":"fr-FR","potentialAction":[{"@type":"ReadAction","target":["https:\/\/theatre-pieces-detachees.org\/?page_id=185"]}]},{"@type":"ImageObject","inLanguage":"fr-FR","@id":"https:\/\/theatre-pieces-detachees.org\/?page_id=185#primaryimage","url":"https:\/\/theatre-pieces-detachees.org\/wp-content\/uploads\/2019\/01\/er-14-10-16-tranche-de-vie.jpg","contentUrl":"https:\/\/theatre-pieces-detachees.org\/wp-content\/uploads\/2019\/01\/er-14-10-16-tranche-de-vie.jpg","width":978,"height":852},{"@type":"BreadcrumbList","@id":"https:\/\/theatre-pieces-detachees.org\/?page_id=185#breadcrumb","itemListElement":[{"@type":"ListItem","position":1,"name":"Accueil","item":"https:\/\/theatre-pieces-detachees.org\/"},{"@type":"ListItem","position":2,"name":"Qui sommes-nous","item":"https:\/\/theatre-pieces-detachees.org\/?page_id=125"},{"@type":"ListItem","position":3,"name":"Associations partenaires et Institutionnels"}]},{"@type":"WebSite","@id":"https:\/\/theatre-pieces-detachees.org\/#website","url":"https:\/\/theatre-pieces-detachees.org\/","name":"Pi\u00e8ces d\u00e9tach\u00e9es","description":"troupe de th\u00e9\u00e2tre laxovienne","potentialAction":[{"@type":"SearchAction","target":{"@type":"EntryPoint","urlTemplate":"https:\/\/theatre-pieces-detachees.org\/?s={search_term_string}"},"query-input":{"@type":"PropertyValueSpecification","valueRequired":true,"valueName":"search_term_string"}}],"inLanguage":"fr-FR"}]}},"_links":{"self":[{"href":"https:\/\/theatre-pieces-detachees.org\/index.php?rest_route=\/wp\/v2\/pages\/185","targetHints":{"allow":["GET"]}}],"collection":[{"href":"https:\/\/theatre-pieces-detachees.org\/index.php?rest_route=\/wp\/v2\/pages"}],"about":[{"href":"https:\/\/theatre-pieces-detachees.org\/index.php?rest_route=\/wp\/v2\/types\/page"}],"author":[{"embeddable":true,"href":"https:\/\/theatre-pieces-detachees.org\/index.php?rest_route=\/wp\/v2\/users\/4"}],"replies":[{"embeddable":true,"href":"https:\/\/theatre-pieces-detachees.org\/index.php?rest_route=%2Fwp%2Fv2%2Fcomments&post=185"}],"version-history":[{"count":9,"href":"https:\/\/theatre-pieces-detachees.org\/index.php?rest_route=\/wp\/v2\/pages\/185\/revisions"}],"predecessor-version":[{"id":1402,"href":"https:\/\/theatre-pieces-detachees.org\/index.php?rest_route=\/wp\/v2\/pages\/185\/revisions\/1402"}],"up":[{"embeddable":true,"href":"https:\/\/theatre-pieces-detachees.org\/index.php?rest_route=\/wp\/v2\/pages\/125"}],"wp:attachment":[{"href":"https:\/\/theatre-pieces-detachees.org\/index.php?rest_route=%2Fwp%2Fv2%2Fmedia&parent=185"}],"curies":[{"name":"wp","href":"https:\/\/api.w.org\/{rel}","templated":true}]}}