{"id":187,"date":"2018-12-14T12:12:48","date_gmt":"2018-12-14T11:12:48","guid":{"rendered":"http:\/\/theatre-pieces-detachees.org\/?page_id=187"},"modified":"2019-01-11T16:35:31","modified_gmt":"2019-01-11T15:35:31","slug":"2018-2019-des-mots-demo-toujours-des-mots","status":"publish","type":"page","link":"https:\/\/theatre-pieces-detachees.org\/?page_id=187","title":{"rendered":"2017 &#8211; 2018 Tranches de Vie"},"content":{"rendered":"<p style=\"text-align: center; padding-left: 450px;\"><span style=\"background-color: transparent; color: #333333; display: inline; float: none; font-family: Georgia,&amp;quot; times new roman&amp;quot;,&amp;quot;bitstream charter&amp;quot;,times,serif; font-size: 16px; font-style: normal; font-variant: normal; font-weight: bold; letter-spacing: normal; line-height: 24px; orphans: 2; text-align: left; text-decoration: none; text-indent: 0px; text-transform: none; -webkit-text-stroke-width: 0px; white-space: normal; word-spacing: 0px; word-wrap: break-word;\">[easingslider id=&#8221;557&#8243;]<\/span><\/p>\n<p>&nbsp;<\/p>\n<p>Eclairage Son : Jean-Marie LAURENT<br \/>\nMaquillage : Elisabeth RAVEAU<br \/>\nMise en sc\u00e8ne : Anne Decaux<br \/>\nD\u00e9cors : Christophe VIANT Gilles RAVEAU<\/p>\n<p style=\"text-align: center;\"><em><strong>Depuis que l&#8217;homme est sur la terre&#8230;tout est simple et tout se complique! Dans le couple, dans la soci\u00e9t\u00e9 et m\u00eame dans la propre pens\u00e9e de chacun!<\/strong><\/em><br \/>\n<em><strong>Rien n&#8217;est simple et tout se complique car il y a ce petit grain de sable qui&#8230;. Et si on en riait?<\/strong><\/em><\/p>\n<p>&nbsp;<\/p>\n<p>Jacky FRONT : Le docteur , L\u2019homme<img loading=\"lazy\" decoding=\"async\" class=\"alignleft wp-image-349\" src=\"https:\/\/theatre-pieces-detachees.org\/wp-content\/uploads\/2018\/12\/affiche-tranche-de-vie.jpg\" alt=\"\" width=\"466\" height=\"685\" srcset=\"https:\/\/theatre-pieces-detachees.org\/wp-content\/uploads\/2018\/12\/affiche-tranche-de-vie.jpg 603w, https:\/\/theatre-pieces-detachees.org\/wp-content\/uploads\/2018\/12\/affiche-tranche-de-vie-204x300.jpg 204w\" sizes=\"auto, (max-width: 466px) 100vw, 466px\" \/><br \/>\nAnne DECAUX : La femme<br \/>\nGilles RAVEAU : Le mari<br \/>\nElisabeth Laurent : La pharmacienne , La femme<br \/>\nDanielle BUGADA : La femme<br \/>\nJocelyne BERNARD : La femme de m\u00e9nage , La voisine<br \/>\nChristophe VIANT : Le mari , L\u2019employ\u00e9<br \/>\nOlivier NICLOUX : Le client<\/p>\n<p>Pi\u00e8ce jou\u00e9e les :<\/p>\n","protected":false},"excerpt":{"rendered":"<p>[easingslider id=&#8221;557&#8243;] &nbsp; Eclairage Son : Jean-Marie LAURENT Maquillage : Elisabeth RAVEAU Mise en sc\u00e8ne : Anne Decaux D\u00e9cors : Christophe VIANT Gilles RAVEAU Depuis que l&#8217;homme est sur la terre&#8230;tout est simple et tout se complique! Dans le couple, dans la soci\u00e9t\u00e9 et m\u00eame dans la propre pens\u00e9e de chacun! Rien n&#8217;est simple et&hellip;<\/p>\n","protected":false},"author":4,"featured_media":0,"parent":127,"menu_order":2,"comment_status":"closed","ping_status":"closed","template":"","meta":{"footnotes":""},"class_list":["post-187","page","type-page","status-publish","hentry"],"yoast_head":"<!-- This site is optimized with the Yoast SEO plugin v27.3 - https:\/\/yoast.com\/product\/yoast-seo-wordpress\/ -->\n<title>2017 - 2018 Tranches de Vie - Pi\u00e8ces d\u00e9tach\u00e9es<\/title>\n<meta name=\"robots\" content=\"index, follow, max-snippet:-1, max-image-preview:large, max-video-preview:-1\" \/>\n<link rel=\"canonical\" href=\"https:\/\/theatre-pieces-detachees.org\/?page_id=187\" \/>\n<meta property=\"og:locale\" content=\"fr_FR\" \/>\n<meta property=\"og:type\" content=\"article\" \/>\n<meta property=\"og:title\" content=\"2017 - 2018 Tranches de Vie - Pi\u00e8ces d\u00e9tach\u00e9es\" \/>\n<meta property=\"og:description\" content=\"[easingslider id=&#8221;557&#8243;] &nbsp; Eclairage Son : Jean-Marie LAURENT Maquillage : Elisabeth RAVEAU Mise en sc\u00e8ne : Anne Decaux D\u00e9cors : Christophe VIANT Gilles RAVEAU Depuis que l&#8217;homme est sur la terre&#8230;tout est simple et tout se complique! Dans le couple, dans la soci\u00e9t\u00e9 et m\u00eame dans la propre pens\u00e9e de chacun! Rien n&#8217;est simple et&hellip;\" \/>\n<meta property=\"og:url\" content=\"https:\/\/theatre-pieces-detachees.org\/?page_id=187\" \/>\n<meta property=\"og:site_name\" content=\"Pi\u00e8ces d\u00e9tach\u00e9es\" \/>\n<meta property=\"article:modified_time\" content=\"2019-01-11T15:35:31+00:00\" \/>\n<meta property=\"og:image\" content=\"https:\/\/theatre-pieces-detachees.org\/wp-content\/uploads\/2018\/12\/affiche-tranche-de-vie.jpg\" \/>\n<meta name=\"twitter:card\" content=\"summary_large_image\" \/>\n<meta name=\"twitter:label1\" content=\"Dur\u00e9e de lecture estim\u00e9e\" \/>\n\t<meta name=\"twitter:data1\" content=\"1 minute\" \/>\n<script type=\"application\/ld+json\" class=\"yoast-schema-graph\">{\"@context\":\"https:\\\/\\\/schema.org\",\"@graph\":[{\"@type\":\"WebPage\",\"@id\":\"https:\\\/\\\/theatre-pieces-detachees.org\\\/?page_id=187\",\"url\":\"https:\\\/\\\/theatre-pieces-detachees.org\\\/?page_id=187\",\"name\":\"2017 - 2018 Tranches de Vie - Pi\u00e8ces d\u00e9tach\u00e9es\",\"isPartOf\":{\"@id\":\"https:\\\/\\\/theatre-pieces-detachees.org\\\/#website\"},\"primaryImageOfPage\":{\"@id\":\"https:\\\/\\\/theatre-pieces-detachees.org\\\/?page_id=187#primaryimage\"},\"image\":{\"@id\":\"https:\\\/\\\/theatre-pieces-detachees.org\\\/?page_id=187#primaryimage\"},\"thumbnailUrl\":\"https:\\\/\\\/theatre-pieces-detachees.org\\\/wp-content\\\/uploads\\\/2018\\\/12\\\/affiche-tranche-de-vie.jpg\",\"datePublished\":\"2018-12-14T11:12:48+00:00\",\"dateModified\":\"2019-01-11T15:35:31+00:00\",\"breadcrumb\":{\"@id\":\"https:\\\/\\\/theatre-pieces-detachees.org\\\/?page_id=187#breadcrumb\"},\"inLanguage\":\"fr-FR\",\"potentialAction\":[{\"@type\":\"ReadAction\",\"target\":[\"https:\\\/\\\/theatre-pieces-detachees.org\\\/?page_id=187\"]}]},{\"@type\":\"ImageObject\",\"inLanguage\":\"fr-FR\",\"@id\":\"https:\\\/\\\/theatre-pieces-detachees.org\\\/?page_id=187#primaryimage\",\"url\":\"https:\\\/\\\/theatre-pieces-detachees.org\\\/wp-content\\\/uploads\\\/2018\\\/12\\\/affiche-tranche-de-vie.jpg\",\"contentUrl\":\"https:\\\/\\\/theatre-pieces-detachees.org\\\/wp-content\\\/uploads\\\/2018\\\/12\\\/affiche-tranche-de-vie.jpg\",\"width\":603,\"height\":886},{\"@type\":\"BreadcrumbList\",\"@id\":\"https:\\\/\\\/theatre-pieces-detachees.org\\\/?page_id=187#breadcrumb\",\"itemListElement\":[{\"@type\":\"ListItem\",\"position\":1,\"name\":\"Accueil\",\"item\":\"https:\\\/\\\/theatre-pieces-detachees.org\\\/\"},{\"@type\":\"ListItem\",\"position\":2,\"name\":\"Nos repr\u00e9sentations\",\"item\":\"https:\\\/\\\/theatre-pieces-detachees.org\\\/?page_id=127\"},{\"@type\":\"ListItem\",\"position\":3,\"name\":\"2017 &#8211; 2018 Tranches de Vie\"}]},{\"@type\":\"WebSite\",\"@id\":\"https:\\\/\\\/theatre-pieces-detachees.org\\\/#website\",\"url\":\"https:\\\/\\\/theatre-pieces-detachees.org\\\/\",\"name\":\"Pi\u00e8ces d\u00e9tach\u00e9es\",\"description\":\"troupe de th\u00e9\u00e2tre laxovienne\",\"potentialAction\":[{\"@type\":\"SearchAction\",\"target\":{\"@type\":\"EntryPoint\",\"urlTemplate\":\"https:\\\/\\\/theatre-pieces-detachees.org\\\/?s={search_term_string}\"},\"query-input\":{\"@type\":\"PropertyValueSpecification\",\"valueRequired\":true,\"valueName\":\"search_term_string\"}}],\"inLanguage\":\"fr-FR\"}]}<\/script>\n<!-- \/ Yoast SEO plugin. -->","yoast_head_json":{"title":"2017 - 2018 Tranches de Vie - Pi\u00e8ces d\u00e9tach\u00e9es","robots":{"index":"index","follow":"follow","max-snippet":"max-snippet:-1","max-image-preview":"max-image-preview:large","max-video-preview":"max-video-preview:-1"},"canonical":"https:\/\/theatre-pieces-detachees.org\/?page_id=187","og_locale":"fr_FR","og_type":"article","og_title":"2017 - 2018 Tranches de Vie - Pi\u00e8ces d\u00e9tach\u00e9es","og_description":"[easingslider id=&#8221;557&#8243;] &nbsp; Eclairage Son : Jean-Marie LAURENT Maquillage : Elisabeth RAVEAU Mise en sc\u00e8ne : Anne Decaux D\u00e9cors : Christophe VIANT Gilles RAVEAU Depuis que l&#8217;homme est sur la terre&#8230;tout est simple et tout se complique! Dans le couple, dans la soci\u00e9t\u00e9 et m\u00eame dans la propre pens\u00e9e de chacun! Rien n&#8217;est simple et&hellip;","og_url":"https:\/\/theatre-pieces-detachees.org\/?page_id=187","og_site_name":"Pi\u00e8ces d\u00e9tach\u00e9es","article_modified_time":"2019-01-11T15:35:31+00:00","og_image":[{"url":"https:\/\/theatre-pieces-detachees.org\/wp-content\/uploads\/2018\/12\/affiche-tranche-de-vie.jpg","type":"","width":"","height":""}],"twitter_card":"summary_large_image","twitter_misc":{"Dur\u00e9e de lecture estim\u00e9e":"1 minute"},"schema":{"@context":"https:\/\/schema.org","@graph":[{"@type":"WebPage","@id":"https:\/\/theatre-pieces-detachees.org\/?page_id=187","url":"https:\/\/theatre-pieces-detachees.org\/?page_id=187","name":"2017 - 2018 Tranches de Vie - Pi\u00e8ces d\u00e9tach\u00e9es","isPartOf":{"@id":"https:\/\/theatre-pieces-detachees.org\/#website"},"primaryImageOfPage":{"@id":"https:\/\/theatre-pieces-detachees.org\/?page_id=187#primaryimage"},"image":{"@id":"https:\/\/theatre-pieces-detachees.org\/?page_id=187#primaryimage"},"thumbnailUrl":"https:\/\/theatre-pieces-detachees.org\/wp-content\/uploads\/2018\/12\/affiche-tranche-de-vie.jpg","datePublished":"2018-12-14T11:12:48+00:00","dateModified":"2019-01-11T15:35:31+00:00","breadcrumb":{"@id":"https:\/\/theatre-pieces-detachees.org\/?page_id=187#breadcrumb"},"inLanguage":"fr-FR","potentialAction":[{"@type":"ReadAction","target":["https:\/\/theatre-pieces-detachees.org\/?page_id=187"]}]},{"@type":"ImageObject","inLanguage":"fr-FR","@id":"https:\/\/theatre-pieces-detachees.org\/?page_id=187#primaryimage","url":"https:\/\/theatre-pieces-detachees.org\/wp-content\/uploads\/2018\/12\/affiche-tranche-de-vie.jpg","contentUrl":"https:\/\/theatre-pieces-detachees.org\/wp-content\/uploads\/2018\/12\/affiche-tranche-de-vie.jpg","width":603,"height":886},{"@type":"BreadcrumbList","@id":"https:\/\/theatre-pieces-detachees.org\/?page_id=187#breadcrumb","itemListElement":[{"@type":"ListItem","position":1,"name":"Accueil","item":"https:\/\/theatre-pieces-detachees.org\/"},{"@type":"ListItem","position":2,"name":"Nos repr\u00e9sentations","item":"https:\/\/theatre-pieces-detachees.org\/?page_id=127"},{"@type":"ListItem","position":3,"name":"2017 &#8211; 2018 Tranches de Vie"}]},{"@type":"WebSite","@id":"https:\/\/theatre-pieces-detachees.org\/#website","url":"https:\/\/theatre-pieces-detachees.org\/","name":"Pi\u00e8ces d\u00e9tach\u00e9es","description":"troupe de th\u00e9\u00e2tre laxovienne","potentialAction":[{"@type":"SearchAction","target":{"@type":"EntryPoint","urlTemplate":"https:\/\/theatre-pieces-detachees.org\/?s={search_term_string}"},"query-input":{"@type":"PropertyValueSpecification","valueRequired":true,"valueName":"search_term_string"}}],"inLanguage":"fr-FR"}]}},"_links":{"self":[{"href":"https:\/\/theatre-pieces-detachees.org\/index.php?rest_route=\/wp\/v2\/pages\/187","targetHints":{"allow":["GET"]}}],"collection":[{"href":"https:\/\/theatre-pieces-detachees.org\/index.php?rest_route=\/wp\/v2\/pages"}],"about":[{"href":"https:\/\/theatre-pieces-detachees.org\/index.php?rest_route=\/wp\/v2\/types\/page"}],"author":[{"embeddable":true,"href":"https:\/\/theatre-pieces-detachees.org\/index.php?rest_route=\/wp\/v2\/users\/4"}],"replies":[{"embeddable":true,"href":"https:\/\/theatre-pieces-detachees.org\/index.php?rest_route=%2Fwp%2Fv2%2Fcomments&post=187"}],"version-history":[{"count":14,"href":"https:\/\/theatre-pieces-detachees.org\/index.php?rest_route=\/wp\/v2\/pages\/187\/revisions"}],"predecessor-version":[{"id":1084,"href":"https:\/\/theatre-pieces-detachees.org\/index.php?rest_route=\/wp\/v2\/pages\/187\/revisions\/1084"}],"up":[{"embeddable":true,"href":"https:\/\/theatre-pieces-detachees.org\/index.php?rest_route=\/wp\/v2\/pages\/127"}],"wp:attachment":[{"href":"https:\/\/theatre-pieces-detachees.org\/index.php?rest_route=%2Fwp%2Fv2%2Fmedia&parent=187"}],"curies":[{"name":"wp","href":"https:\/\/api.w.org\/{rel}","templated":true}]}}