{"id":237,"date":"2018-12-21T11:09:34","date_gmt":"2018-12-21T10:09:34","guid":{"rendered":"http:\/\/theatre-pieces-detachees.org\/?page_id=237"},"modified":"2019-02-15T18:08:31","modified_gmt":"2019-02-15T17:08:31","slug":"remerciements","status":"publish","type":"page","link":"https:\/\/theatre-pieces-detachees.org\/?page_id=237","title":{"rendered":"Remerciements"},"content":{"rendered":"<p>&nbsp;<\/p>\n<p style=\"text-align: center;\"><span style=\"font-family: georgia, palatino, serif; font-size: 18pt;\">La troupe a \u00e9t\u00e9 cr\u00e9\u00e9e en 1998 \u00e0 l&#8217;initiative d&#8217;Anne et Pierre DECAUX<\/span><br \/>\n<span style=\"font-family: georgia, palatino, serif; font-size: 18pt;\">Farid HAOUDY en fut le premier metteur en sc\u00e8ne<\/span><br \/>\n<span style=\"font-family: georgia, palatino, serif; font-size: 18pt;\">Guillaume LAURENT a cr\u00e9\u00e9 le logo de la troupe<\/span><\/p>\n<p>&nbsp;<\/p>\n<p><img loading=\"lazy\" decoding=\"async\" class=\"wp-image-102 aligncenter\" src=\"https:\/\/theatre-pieces-detachees.org\/wp-content\/uploads\/2018\/12\/logo-Pi\u00e8ces-D\u00e9tach\u00e9e-retaille-1024x402.jpg\" alt=\"\" width=\"517\" height=\"203\" srcset=\"https:\/\/theatre-pieces-detachees.org\/wp-content\/uploads\/2018\/12\/logo-Pi\u00e8ces-D\u00e9tach\u00e9e-retaille-1024x402.jpg 1024w, https:\/\/theatre-pieces-detachees.org\/wp-content\/uploads\/2018\/12\/logo-Pi\u00e8ces-D\u00e9tach\u00e9e-retaille-300x118.jpg 300w, https:\/\/theatre-pieces-detachees.org\/wp-content\/uploads\/2018\/12\/logo-Pi\u00e8ces-D\u00e9tach\u00e9e-retaille-768x301.jpg 768w, https:\/\/theatre-pieces-detachees.org\/wp-content\/uploads\/2018\/12\/logo-Pi\u00e8ces-D\u00e9tach\u00e9e-retaille-800x314.jpg 800w, https:\/\/theatre-pieces-detachees.org\/wp-content\/uploads\/2018\/12\/logo-Pi\u00e8ces-D\u00e9tach\u00e9e-retaille.jpg 1114w\" sizes=\"auto, (max-width: 517px) 100vw, 517px\" \/><\/p>\n","protected":false},"excerpt":{"rendered":"<p>&nbsp; La troupe a \u00e9t\u00e9 cr\u00e9\u00e9e en 1998 \u00e0 l&#8217;initiative d&#8217;Anne et Pierre DECAUX Farid HAOUDY en fut le premier metteur en sc\u00e8ne Guillaume LAURENT a cr\u00e9\u00e9 le logo de la troupe &nbsp;<\/p>\n","protected":false},"author":4,"featured_media":0,"parent":47,"menu_order":0,"comment_status":"closed","ping_status":"closed","template":"","meta":{"footnotes":""},"class_list":["post-237","page","type-page","status-publish","hentry"],"yoast_head":"<!-- This site is optimized with the Yoast SEO plugin v27.5 - https:\/\/yoast.com\/product\/yoast-seo-wordpress\/ -->\n<title>Remerciements - Pi\u00e8ces d\u00e9tach\u00e9es<\/title>\n<meta name=\"robots\" content=\"index, follow, max-snippet:-1, max-image-preview:large, max-video-preview:-1\" \/>\n<link rel=\"canonical\" href=\"https:\/\/theatre-pieces-detachees.org\/?page_id=237\" \/>\n<meta property=\"og:locale\" content=\"fr_FR\" \/>\n<meta property=\"og:type\" content=\"article\" \/>\n<meta property=\"og:title\" content=\"Remerciements - Pi\u00e8ces d\u00e9tach\u00e9es\" \/>\n<meta property=\"og:description\" content=\"&nbsp; La troupe a \u00e9t\u00e9 cr\u00e9\u00e9e en 1998 \u00e0 l&#8217;initiative d&#8217;Anne et Pierre DECAUX Farid HAOUDY en fut le premier metteur en sc\u00e8ne Guillaume LAURENT a cr\u00e9\u00e9 le logo de la troupe &nbsp;\" \/>\n<meta property=\"og:url\" content=\"https:\/\/theatre-pieces-detachees.org\/?page_id=237\" \/>\n<meta property=\"og:site_name\" content=\"Pi\u00e8ces d\u00e9tach\u00e9es\" \/>\n<meta property=\"article:modified_time\" content=\"2019-02-15T17:08:31+00:00\" \/>\n<meta property=\"og:image\" content=\"https:\/\/theatre-pieces-detachees.org\/wp-content\/uploads\/2018\/12\/logo-Pi\u00e8ces-D\u00e9tach\u00e9e-retaille-1024x402.jpg\" \/>\n<meta name=\"twitter:card\" content=\"summary_large_image\" \/>\n<script type=\"application\/ld+json\" class=\"yoast-schema-graph\">{\"@context\":\"https:\\\/\\\/schema.org\",\"@graph\":[{\"@type\":\"WebPage\",\"@id\":\"https:\\\/\\\/theatre-pieces-detachees.org\\\/?page_id=237\",\"url\":\"https:\\\/\\\/theatre-pieces-detachees.org\\\/?page_id=237\",\"name\":\"Remerciements - Pi\u00e8ces d\u00e9tach\u00e9es\",\"isPartOf\":{\"@id\":\"https:\\\/\\\/theatre-pieces-detachees.org\\\/#website\"},\"datePublished\":\"2018-12-21T10:09:34+00:00\",\"dateModified\":\"2019-02-15T17:08:31+00:00\",\"breadcrumb\":{\"@id\":\"https:\\\/\\\/theatre-pieces-detachees.org\\\/?page_id=237#breadcrumb\"},\"inLanguage\":\"fr-FR\",\"potentialAction\":[{\"@type\":\"ReadAction\",\"target\":[\"https:\\\/\\\/theatre-pieces-detachees.org\\\/?page_id=237\"]}]},{\"@type\":\"BreadcrumbList\",\"@id\":\"https:\\\/\\\/theatre-pieces-detachees.org\\\/?page_id=237#breadcrumb\",\"itemListElement\":[{\"@type\":\"ListItem\",\"position\":1,\"name\":\"Accueil\",\"item\":\"https:\\\/\\\/theatre-pieces-detachees.org\\\/\"},{\"@type\":\"ListItem\",\"position\":2,\"name\":\"Accueil\",\"item\":\"https:\\\/\\\/theatre-pieces-detachees.org\\\/\"},{\"@type\":\"ListItem\",\"position\":3,\"name\":\"Remerciements\"}]},{\"@type\":\"WebSite\",\"@id\":\"https:\\\/\\\/theatre-pieces-detachees.org\\\/#website\",\"url\":\"https:\\\/\\\/theatre-pieces-detachees.org\\\/\",\"name\":\"Pi\u00e8ces d\u00e9tach\u00e9es\",\"description\":\"troupe de th\u00e9\u00e2tre laxovienne\",\"potentialAction\":[{\"@type\":\"SearchAction\",\"target\":{\"@type\":\"EntryPoint\",\"urlTemplate\":\"https:\\\/\\\/theatre-pieces-detachees.org\\\/?s={search_term_string}\"},\"query-input\":{\"@type\":\"PropertyValueSpecification\",\"valueRequired\":true,\"valueName\":\"search_term_string\"}}],\"inLanguage\":\"fr-FR\"}]}<\/script>\n<!-- \/ Yoast SEO plugin. -->","yoast_head_json":{"title":"Remerciements - Pi\u00e8ces d\u00e9tach\u00e9es","robots":{"index":"index","follow":"follow","max-snippet":"max-snippet:-1","max-image-preview":"max-image-preview:large","max-video-preview":"max-video-preview:-1"},"canonical":"https:\/\/theatre-pieces-detachees.org\/?page_id=237","og_locale":"fr_FR","og_type":"article","og_title":"Remerciements - Pi\u00e8ces d\u00e9tach\u00e9es","og_description":"&nbsp; La troupe a \u00e9t\u00e9 cr\u00e9\u00e9e en 1998 \u00e0 l&#8217;initiative d&#8217;Anne et Pierre DECAUX Farid HAOUDY en fut le premier metteur en sc\u00e8ne Guillaume LAURENT a cr\u00e9\u00e9 le logo de la troupe &nbsp;","og_url":"https:\/\/theatre-pieces-detachees.org\/?page_id=237","og_site_name":"Pi\u00e8ces d\u00e9tach\u00e9es","article_modified_time":"2019-02-15T17:08:31+00:00","og_image":[{"url":"https:\/\/theatre-pieces-detachees.org\/wp-content\/uploads\/2018\/12\/logo-Pi\u00e8ces-D\u00e9tach\u00e9e-retaille-1024x402.jpg","type":"","width":"","height":""}],"twitter_card":"summary_large_image","schema":{"@context":"https:\/\/schema.org","@graph":[{"@type":"WebPage","@id":"https:\/\/theatre-pieces-detachees.org\/?page_id=237","url":"https:\/\/theatre-pieces-detachees.org\/?page_id=237","name":"Remerciements - Pi\u00e8ces d\u00e9tach\u00e9es","isPartOf":{"@id":"https:\/\/theatre-pieces-detachees.org\/#website"},"datePublished":"2018-12-21T10:09:34+00:00","dateModified":"2019-02-15T17:08:31+00:00","breadcrumb":{"@id":"https:\/\/theatre-pieces-detachees.org\/?page_id=237#breadcrumb"},"inLanguage":"fr-FR","potentialAction":[{"@type":"ReadAction","target":["https:\/\/theatre-pieces-detachees.org\/?page_id=237"]}]},{"@type":"BreadcrumbList","@id":"https:\/\/theatre-pieces-detachees.org\/?page_id=237#breadcrumb","itemListElement":[{"@type":"ListItem","position":1,"name":"Accueil","item":"https:\/\/theatre-pieces-detachees.org\/"},{"@type":"ListItem","position":2,"name":"Accueil","item":"https:\/\/theatre-pieces-detachees.org\/"},{"@type":"ListItem","position":3,"name":"Remerciements"}]},{"@type":"WebSite","@id":"https:\/\/theatre-pieces-detachees.org\/#website","url":"https:\/\/theatre-pieces-detachees.org\/","name":"Pi\u00e8ces d\u00e9tach\u00e9es","description":"troupe de th\u00e9\u00e2tre laxovienne","potentialAction":[{"@type":"SearchAction","target":{"@type":"EntryPoint","urlTemplate":"https:\/\/theatre-pieces-detachees.org\/?s={search_term_string}"},"query-input":{"@type":"PropertyValueSpecification","valueRequired":true,"valueName":"search_term_string"}}],"inLanguage":"fr-FR"}]}},"_links":{"self":[{"href":"https:\/\/theatre-pieces-detachees.org\/index.php?rest_route=\/wp\/v2\/pages\/237","targetHints":{"allow":["GET"]}}],"collection":[{"href":"https:\/\/theatre-pieces-detachees.org\/index.php?rest_route=\/wp\/v2\/pages"}],"about":[{"href":"https:\/\/theatre-pieces-detachees.org\/index.php?rest_route=\/wp\/v2\/types\/page"}],"author":[{"embeddable":true,"href":"https:\/\/theatre-pieces-detachees.org\/index.php?rest_route=\/wp\/v2\/users\/4"}],"replies":[{"embeddable":true,"href":"https:\/\/theatre-pieces-detachees.org\/index.php?rest_route=%2Fwp%2Fv2%2Fcomments&post=237"}],"version-history":[{"count":7,"href":"https:\/\/theatre-pieces-detachees.org\/index.php?rest_route=\/wp\/v2\/pages\/237\/revisions"}],"predecessor-version":[{"id":1380,"href":"https:\/\/theatre-pieces-detachees.org\/index.php?rest_route=\/wp\/v2\/pages\/237\/revisions\/1380"}],"up":[{"embeddable":true,"href":"https:\/\/theatre-pieces-detachees.org\/index.php?rest_route=\/wp\/v2\/pages\/47"}],"wp:attachment":[{"href":"https:\/\/theatre-pieces-detachees.org\/index.php?rest_route=%2Fwp%2Fv2%2Fmedia&parent=237"}],"curies":[{"name":"wp","href":"https:\/\/api.w.org\/{rel}","templated":true}]}}