{"id":352,"date":"2018-12-26T12:21:45","date_gmt":"2018-12-26T11:21:45","guid":{"rendered":"http:\/\/theatre-pieces-detachees.org\/?page_id=352"},"modified":"2019-01-11T17:04:16","modified_gmt":"2019-01-11T16:04:16","slug":"2016-le-8-eme-peche","status":"publish","type":"page","link":"https:\/\/theatre-pieces-detachees.org\/?page_id=352","title":{"rendered":"2016 Le 8 \u00e9me P\u00e9ch\u00e9"},"content":{"rendered":"<p style=\"text-align: center;\">[easingslider id=&#8221;734&#8243;]<\/p>\n<p><img loading=\"lazy\" decoding=\"async\" class=\"alignleft wp-image-354\" src=\"https:\/\/theatre-pieces-detachees.org\/wp-content\/uploads\/2018\/12\/AFFICHE-8-EME-PECHE-2-.jpg\" alt=\"\" width=\"482\" height=\"665\" srcset=\"https:\/\/theatre-pieces-detachees.org\/wp-content\/uploads\/2018\/12\/AFFICHE-8-EME-PECHE-2-.jpg 599w, https:\/\/theatre-pieces-detachees.org\/wp-content\/uploads\/2018\/12\/AFFICHE-8-EME-PECHE-2--217x300.jpg 217w\" sizes=\"auto, (max-width: 482px) 100vw, 482px\" \/>D\u2019apr\u00e8s des extraits de textes :<br \/>\nJean-Michel Ribes , Jean-Paul Alegre , Pierre Notte ,<br \/>\nSt\u00e9phanie Tesson , Moli\u00e9re<br \/>\nEclairage Son : Herv\u00e9 BAECHLER Damien MILOT<br \/>\nMaquillage : Elisabeth RAVEAU<br \/>\nMise en sc\u00e8ne : Catherine BIND<br \/>\nD\u00e9cors : Christophe VIANT Gilles RAVEAU<\/p>\n<p><strong><em>La vie familiale et professionnelle rassemble la famille &#8220;Frare&#8221;.<\/em><\/strong><br \/>\n<strong><em>Le patriarche mafieux a quelques absences, c&#8217;est pourquoi la fille reprend l&#8217;entreprise qu&#8217;elle destine \u00e0 son fils qui n&#8217;en veut pas.<\/em><\/strong><br \/>\n<strong><em>Pour exister sur le march\u00e9, il faut faire de la publicit\u00e9. Les &#8220;Frare&#8221; aid\u00e9s de peu d&#8217;amis vont exposer leur vitrine pour commercialiser leurs 7 p\u00e9ch\u00e9s capitaux et c\u00e9l\u00e9brer&#8230;.le 8\u00e8me p\u00e9ch\u00e9.<\/em><\/strong><\/p>\n<p>&nbsp;<\/p>\n<p>Jacky FRONT : Harpagon FRARE Patriarche<br \/>\nAnne DECAUX : Bela FRARE La fille d\u2019 Harpagon FRARE Femme d\u2019Affaires<br \/>\nGilles RAVEAU : Rex FRARE Petit fils de Harpagon FRARE Intermittent du spectacle<br \/>\nElisabeth Laurent : Madeleine FRARE Petite fille d\u2019Harpagon FRARE<br \/>\nDanielle BUGADA : Marcella FRARE Petite fille d\u2019Harpagon FRARE<br \/>\nJocelyne BERNARD : Denise FRARE Petite fille d\u2019Harpagon FRARE<br \/>\nChristophe VIANT : Jacques mari de Madeleine intermittent du spectacle<br \/>\nSylvie REPPEL : Angela Trublion D\u00e9vou\u00e9 de Bela<br \/>\nMarion LECA : Sibylle Secr\u00e9taire Nurse<br \/>\nMich\u00e8le NOBLE : Sibylle Intermittente du spectacle<br \/>\nOlivier NICLOUX : David Ami de Denise et Marcella<\/p>\n","protected":false},"excerpt":{"rendered":"<p>[easingslider id=&#8221;734&#8243;] D\u2019apr\u00e8s des extraits de textes : Jean-Michel Ribes , Jean-Paul Alegre , Pierre Notte , St\u00e9phanie Tesson , Moli\u00e9re Eclairage Son : Herv\u00e9 BAECHLER Damien MILOT Maquillage : Elisabeth RAVEAU Mise en sc\u00e8ne : Catherine BIND D\u00e9cors : Christophe VIANT Gilles RAVEAU La vie familiale et professionnelle rassemble la famille &#8220;Frare&#8221;. Le patriarche&hellip;<\/p>\n","protected":false},"author":4,"featured_media":0,"parent":127,"menu_order":0,"comment_status":"closed","ping_status":"closed","template":"","meta":{"footnotes":""},"class_list":["post-352","page","type-page","status-publish","hentry"],"yoast_head":"<!-- This site is optimized with the Yoast SEO plugin v27.5 - https:\/\/yoast.com\/product\/yoast-seo-wordpress\/ -->\n<title>2016 Le 8 \u00e9me P\u00e9ch\u00e9 - Pi\u00e8ces d\u00e9tach\u00e9es<\/title>\n<meta name=\"robots\" content=\"index, follow, max-snippet:-1, max-image-preview:large, max-video-preview:-1\" \/>\n<link rel=\"canonical\" href=\"https:\/\/theatre-pieces-detachees.org\/?page_id=352\" \/>\n<meta property=\"og:locale\" content=\"fr_FR\" \/>\n<meta property=\"og:type\" content=\"article\" \/>\n<meta property=\"og:title\" content=\"2016 Le 8 \u00e9me P\u00e9ch\u00e9 - Pi\u00e8ces d\u00e9tach\u00e9es\" \/>\n<meta property=\"og:description\" content=\"[easingslider id=&#8221;734&#8243;] D\u2019apr\u00e8s des extraits de textes : Jean-Michel Ribes , Jean-Paul Alegre , Pierre Notte , St\u00e9phanie Tesson , Moli\u00e9re Eclairage Son : Herv\u00e9 BAECHLER Damien MILOT Maquillage : Elisabeth RAVEAU Mise en sc\u00e8ne : Catherine BIND D\u00e9cors : Christophe VIANT Gilles RAVEAU La vie familiale et professionnelle rassemble la famille &#8220;Frare&#8221;. Le patriarche&hellip;\" \/>\n<meta property=\"og:url\" content=\"https:\/\/theatre-pieces-detachees.org\/?page_id=352\" \/>\n<meta property=\"og:site_name\" content=\"Pi\u00e8ces d\u00e9tach\u00e9es\" \/>\n<meta property=\"article:modified_time\" content=\"2019-01-11T16:04:16+00:00\" \/>\n<meta property=\"og:image\" content=\"https:\/\/theatre-pieces-detachees.org\/wp-content\/uploads\/2018\/12\/AFFICHE-8-EME-PECHE-2-.jpg\" \/>\n<meta name=\"twitter:card\" content=\"summary_large_image\" \/>\n<meta name=\"twitter:label1\" content=\"Dur\u00e9e de lecture estim\u00e9e\" \/>\n\t<meta name=\"twitter:data1\" content=\"1 minute\" \/>\n<script type=\"application\/ld+json\" class=\"yoast-schema-graph\">{\"@context\":\"https:\\\/\\\/schema.org\",\"@graph\":[{\"@type\":\"WebPage\",\"@id\":\"https:\\\/\\\/theatre-pieces-detachees.org\\\/?page_id=352\",\"url\":\"https:\\\/\\\/theatre-pieces-detachees.org\\\/?page_id=352\",\"name\":\"2016 Le 8 \u00e9me P\u00e9ch\u00e9 - Pi\u00e8ces d\u00e9tach\u00e9es\",\"isPartOf\":{\"@id\":\"https:\\\/\\\/theatre-pieces-detachees.org\\\/#website\"},\"primaryImageOfPage\":{\"@id\":\"https:\\\/\\\/theatre-pieces-detachees.org\\\/?page_id=352#primaryimage\"},\"image\":{\"@id\":\"https:\\\/\\\/theatre-pieces-detachees.org\\\/?page_id=352#primaryimage\"},\"thumbnailUrl\":\"https:\\\/\\\/theatre-pieces-detachees.org\\\/wp-content\\\/uploads\\\/2018\\\/12\\\/AFFICHE-8-EME-PECHE-2-.jpg\",\"datePublished\":\"2018-12-26T11:21:45+00:00\",\"dateModified\":\"2019-01-11T16:04:16+00:00\",\"breadcrumb\":{\"@id\":\"https:\\\/\\\/theatre-pieces-detachees.org\\\/?page_id=352#breadcrumb\"},\"inLanguage\":\"fr-FR\",\"potentialAction\":[{\"@type\":\"ReadAction\",\"target\":[\"https:\\\/\\\/theatre-pieces-detachees.org\\\/?page_id=352\"]}]},{\"@type\":\"ImageObject\",\"inLanguage\":\"fr-FR\",\"@id\":\"https:\\\/\\\/theatre-pieces-detachees.org\\\/?page_id=352#primaryimage\",\"url\":\"https:\\\/\\\/theatre-pieces-detachees.org\\\/wp-content\\\/uploads\\\/2018\\\/12\\\/AFFICHE-8-EME-PECHE-2-.jpg\",\"contentUrl\":\"https:\\\/\\\/theatre-pieces-detachees.org\\\/wp-content\\\/uploads\\\/2018\\\/12\\\/AFFICHE-8-EME-PECHE-2-.jpg\",\"width\":599,\"height\":827},{\"@type\":\"BreadcrumbList\",\"@id\":\"https:\\\/\\\/theatre-pieces-detachees.org\\\/?page_id=352#breadcrumb\",\"itemListElement\":[{\"@type\":\"ListItem\",\"position\":1,\"name\":\"Accueil\",\"item\":\"https:\\\/\\\/theatre-pieces-detachees.org\\\/\"},{\"@type\":\"ListItem\",\"position\":2,\"name\":\"Nos repr\u00e9sentations\",\"item\":\"https:\\\/\\\/theatre-pieces-detachees.org\\\/?page_id=127\"},{\"@type\":\"ListItem\",\"position\":3,\"name\":\"2016 Le 8 \u00e9me P\u00e9ch\u00e9\"}]},{\"@type\":\"WebSite\",\"@id\":\"https:\\\/\\\/theatre-pieces-detachees.org\\\/#website\",\"url\":\"https:\\\/\\\/theatre-pieces-detachees.org\\\/\",\"name\":\"Pi\u00e8ces d\u00e9tach\u00e9es\",\"description\":\"troupe de th\u00e9\u00e2tre laxovienne\",\"potentialAction\":[{\"@type\":\"SearchAction\",\"target\":{\"@type\":\"EntryPoint\",\"urlTemplate\":\"https:\\\/\\\/theatre-pieces-detachees.org\\\/?s={search_term_string}\"},\"query-input\":{\"@type\":\"PropertyValueSpecification\",\"valueRequired\":true,\"valueName\":\"search_term_string\"}}],\"inLanguage\":\"fr-FR\"}]}<\/script>\n<!-- \/ Yoast SEO plugin. -->","yoast_head_json":{"title":"2016 Le 8 \u00e9me P\u00e9ch\u00e9 - Pi\u00e8ces d\u00e9tach\u00e9es","robots":{"index":"index","follow":"follow","max-snippet":"max-snippet:-1","max-image-preview":"max-image-preview:large","max-video-preview":"max-video-preview:-1"},"canonical":"https:\/\/theatre-pieces-detachees.org\/?page_id=352","og_locale":"fr_FR","og_type":"article","og_title":"2016 Le 8 \u00e9me P\u00e9ch\u00e9 - Pi\u00e8ces d\u00e9tach\u00e9es","og_description":"[easingslider id=&#8221;734&#8243;] D\u2019apr\u00e8s des extraits de textes : Jean-Michel Ribes , Jean-Paul Alegre , Pierre Notte , St\u00e9phanie Tesson , Moli\u00e9re Eclairage Son : Herv\u00e9 BAECHLER Damien MILOT Maquillage : Elisabeth RAVEAU Mise en sc\u00e8ne : Catherine BIND D\u00e9cors : Christophe VIANT Gilles RAVEAU La vie familiale et professionnelle rassemble la famille &#8220;Frare&#8221;. Le patriarche&hellip;","og_url":"https:\/\/theatre-pieces-detachees.org\/?page_id=352","og_site_name":"Pi\u00e8ces d\u00e9tach\u00e9es","article_modified_time":"2019-01-11T16:04:16+00:00","og_image":[{"url":"https:\/\/theatre-pieces-detachees.org\/wp-content\/uploads\/2018\/12\/AFFICHE-8-EME-PECHE-2-.jpg","type":"","width":"","height":""}],"twitter_card":"summary_large_image","twitter_misc":{"Dur\u00e9e de lecture estim\u00e9e":"1 minute"},"schema":{"@context":"https:\/\/schema.org","@graph":[{"@type":"WebPage","@id":"https:\/\/theatre-pieces-detachees.org\/?page_id=352","url":"https:\/\/theatre-pieces-detachees.org\/?page_id=352","name":"2016 Le 8 \u00e9me P\u00e9ch\u00e9 - Pi\u00e8ces d\u00e9tach\u00e9es","isPartOf":{"@id":"https:\/\/theatre-pieces-detachees.org\/#website"},"primaryImageOfPage":{"@id":"https:\/\/theatre-pieces-detachees.org\/?page_id=352#primaryimage"},"image":{"@id":"https:\/\/theatre-pieces-detachees.org\/?page_id=352#primaryimage"},"thumbnailUrl":"https:\/\/theatre-pieces-detachees.org\/wp-content\/uploads\/2018\/12\/AFFICHE-8-EME-PECHE-2-.jpg","datePublished":"2018-12-26T11:21:45+00:00","dateModified":"2019-01-11T16:04:16+00:00","breadcrumb":{"@id":"https:\/\/theatre-pieces-detachees.org\/?page_id=352#breadcrumb"},"inLanguage":"fr-FR","potentialAction":[{"@type":"ReadAction","target":["https:\/\/theatre-pieces-detachees.org\/?page_id=352"]}]},{"@type":"ImageObject","inLanguage":"fr-FR","@id":"https:\/\/theatre-pieces-detachees.org\/?page_id=352#primaryimage","url":"https:\/\/theatre-pieces-detachees.org\/wp-content\/uploads\/2018\/12\/AFFICHE-8-EME-PECHE-2-.jpg","contentUrl":"https:\/\/theatre-pieces-detachees.org\/wp-content\/uploads\/2018\/12\/AFFICHE-8-EME-PECHE-2-.jpg","width":599,"height":827},{"@type":"BreadcrumbList","@id":"https:\/\/theatre-pieces-detachees.org\/?page_id=352#breadcrumb","itemListElement":[{"@type":"ListItem","position":1,"name":"Accueil","item":"https:\/\/theatre-pieces-detachees.org\/"},{"@type":"ListItem","position":2,"name":"Nos repr\u00e9sentations","item":"https:\/\/theatre-pieces-detachees.org\/?page_id=127"},{"@type":"ListItem","position":3,"name":"2016 Le 8 \u00e9me P\u00e9ch\u00e9"}]},{"@type":"WebSite","@id":"https:\/\/theatre-pieces-detachees.org\/#website","url":"https:\/\/theatre-pieces-detachees.org\/","name":"Pi\u00e8ces d\u00e9tach\u00e9es","description":"troupe de th\u00e9\u00e2tre laxovienne","potentialAction":[{"@type":"SearchAction","target":{"@type":"EntryPoint","urlTemplate":"https:\/\/theatre-pieces-detachees.org\/?s={search_term_string}"},"query-input":{"@type":"PropertyValueSpecification","valueRequired":true,"valueName":"search_term_string"}}],"inLanguage":"fr-FR"}]}},"_links":{"self":[{"href":"https:\/\/theatre-pieces-detachees.org\/index.php?rest_route=\/wp\/v2\/pages\/352","targetHints":{"allow":["GET"]}}],"collection":[{"href":"https:\/\/theatre-pieces-detachees.org\/index.php?rest_route=\/wp\/v2\/pages"}],"about":[{"href":"https:\/\/theatre-pieces-detachees.org\/index.php?rest_route=\/wp\/v2\/types\/page"}],"author":[{"embeddable":true,"href":"https:\/\/theatre-pieces-detachees.org\/index.php?rest_route=\/wp\/v2\/users\/4"}],"replies":[{"embeddable":true,"href":"https:\/\/theatre-pieces-detachees.org\/index.php?rest_route=%2Fwp%2Fv2%2Fcomments&post=352"}],"version-history":[{"count":4,"href":"https:\/\/theatre-pieces-detachees.org\/index.php?rest_route=\/wp\/v2\/pages\/352\/revisions"}],"predecessor-version":[{"id":900,"href":"https:\/\/theatre-pieces-detachees.org\/index.php?rest_route=\/wp\/v2\/pages\/352\/revisions\/900"}],"up":[{"embeddable":true,"href":"https:\/\/theatre-pieces-detachees.org\/index.php?rest_route=\/wp\/v2\/pages\/127"}],"wp:attachment":[{"href":"https:\/\/theatre-pieces-detachees.org\/index.php?rest_route=%2Fwp%2Fv2%2Fmedia&parent=352"}],"curies":[{"name":"wp","href":"https:\/\/api.w.org\/{rel}","templated":true}]}}