{"id":369,"date":"2018-12-26T18:59:52","date_gmt":"2018-12-26T17:59:52","guid":{"rendered":"http:\/\/theatre-pieces-detachees.org\/?page_id=369"},"modified":"2019-02-05T21:57:53","modified_gmt":"2019-02-05T20:57:53","slug":"2013-2014-cest-pas-la-mer-a-boire","status":"publish","type":"page","link":"https:\/\/theatre-pieces-detachees.org\/?page_id=369","title":{"rendered":"2013 &#8211; 2014 C&#8217;est pas la mer \u00e0 boire"},"content":{"rendered":"<p>&nbsp;<\/p>\n<p>[easingslider id=&#8221;708&#8243;]<\/p>\n<p>&nbsp;<\/p>\n<p style=\"margin: 16px 0px; padding: 0px; text-align: center; color: #333333; text-transform: none; line-height: 24px; text-indent: 0px; letter-spacing: normal; overflow: visible; font-size: 16px; font-style: normal; font-variant: normal; text-decoration: none; word-spacing: 0px; white-space: normal; word-wrap: break-word; min-height: 0px; max-width: none; orphans: 2; -webkit-text-stroke-width: 0px; background-color: transparent;\"><b>D\u2019apr\u00e8s des textes Jean-Michel RIBES et<\/b> <b>Jean-Marie GOURIO<\/b><\/p>\n<p style=\"background-color: transparent; color: #333333; font-family: Georgia,&amp;quot; times new roman&amp;quot;,&amp;quot;bitstream charter&amp;quot;,times,serif; font-size: 16px; font-style: normal; font-variant: normal; font-weight: 400; letter-spacing: normal; line-height: 24px; max-width: none; min-height: 0px; orphans: 2; overflow: visible; text-align: left; text-decoration: none; text-indent: 0px; text-transform: none; -webkit-text-stroke-width: 0px; white-space: normal; word-spacing: 0px; word-wrap: break-word; padding: 0px; margin: 16px 0px 16px 0px;\"><strong>Eclairage :<\/strong><\/p>\n<p style=\"background-color: transparent; color: #333333; font-family: Georgia,&amp;quot; times new roman&amp;quot;,&amp;quot;bitstream charter&amp;quot;,times,serif; font-size: 16px; font-style: normal; font-variant: normal; font-weight: 400; letter-spacing: normal; line-height: 24px; max-width: none; min-height: 0px; orphans: 2; overflow: visible; text-align: left; text-decoration: none; text-indent: 0px; text-transform: none; -webkit-text-stroke-width: 0px; white-space: normal; word-spacing: 0px; word-wrap: break-word; padding: 0px; margin: 16px 0px 16px 0px;\">&#8211; Jean-Marie LAURENT- Emmanuel AUSESKY<br style=\"background-color: transparent; color: #333333; font-family: Georgia,&amp;quot; times new roman&amp;quot;,&amp;quot;bitstream charter&amp;quot;,times,serif; font-size: 16px; line-height: 24px; max-width: none; min-height: 0px; overflow: visible; word-wrap: break-word; padding: 0px; margin: 0px;\" \/><strong>Musique :<\/strong><\/p>\n<p style=\"background-color: transparent; color: #333333; font-family: Georgia,&amp;quot; times new roman&amp;quot;,&amp;quot;bitstream charter&amp;quot;,times,serif; font-size: 16px; font-style: normal; font-variant: normal; font-weight: 400; letter-spacing: normal; line-height: 24px; max-width: none; min-height: 0px; orphans: 2; overflow: visible; text-align: left; text-decoration: none; text-indent: 0px; text-transform: none; -webkit-text-stroke-width: 0px; white-space: normal; word-spacing: 0px; word-wrap: break-word; padding: 0px; margin: 16px 0px 16px 0px;\">&#8211; Christophe BIND- Joseph BUGADA- Jean-Maurice PINCHARD<img loading=\"lazy\" decoding=\"async\" class=\"wp-image-365 alignright\" src=\"https:\/\/theatre-pieces-detachees.org\/wp-content\/uploads\/2018\/12\/AFF-C-EST-PAS-LA-MER.jpg\" alt=\"\" width=\"532\" height=\"752\" srcset=\"https:\/\/theatre-pieces-detachees.org\/wp-content\/uploads\/2018\/12\/AFF-C-EST-PAS-LA-MER.jpg 658w, https:\/\/theatre-pieces-detachees.org\/wp-content\/uploads\/2018\/12\/AFF-C-EST-PAS-LA-MER-212x300.jpg 212w\" sizes=\"auto, (max-width: 532px) 100vw, 532px\" \/><\/p>\n<p style=\"background-color: transparent; color: #333333; font-family: Georgia,&amp;quot; times new roman&amp;quot;,&amp;quot;bitstream charter&amp;quot;,times,serif; font-size: 16px; font-style: normal; font-variant: normal; font-weight: 400; letter-spacing: normal; line-height: 24px; max-width: none; min-height: 0px; orphans: 2; overflow: visible; text-align: left; text-decoration: none; text-indent: 0px; text-transform: none; -webkit-text-stroke-width: 0px; white-space: normal; word-spacing: 0px; word-wrap: break-word; padding: 0px; margin: 16px 0px 16px 0px;\"><strong>Maquillage :<\/strong><br style=\"background-color: transparent; color: #333333; font-family: Georgia,&amp;quot; times new roman&amp;quot;,&amp;quot;bitstream charter&amp;quot;,times,serif; font-size: 16px; line-height: 24px; max-width: none; min-height: 0px; overflow: visible; word-wrap: break-word; padding: 0px; margin: 0px;\" \/>&#8211; Elisabeth RAVEAU<br style=\"background-color: transparent; color: #333333; font-family: Georgia,&amp;quot; times new roman&amp;quot;,&amp;quot;bitstream charter&amp;quot;,times,serif; font-size: 16px; line-height: 24px; max-width: none; min-height: 0px; overflow: visible; word-wrap: break-word; padding: 0px; margin: 0px;\" \/><strong>Mise en sc\u00e8ne :<\/strong><br style=\"background-color: transparent; color: #333333; font-family: Georgia,&amp;quot; times new roman&amp;quot;,&amp;quot;bitstream charter&amp;quot;,times,serif; font-size: 16px; line-height: 24px; max-width: none; min-height: 0px; overflow: visible; word-wrap: break-word; padding: 0px; margin: 0px;\" \/>&#8211; Catherine BIND<br style=\"background-color: transparent; color: #333333; font-family: Georgia,&amp;quot; times new roman&amp;quot;,&amp;quot;bitstream charter&amp;quot;,times,serif; font-size: 16px; line-height: 24px; max-width: none; min-height: 0px; overflow: visible; word-wrap: break-word; padding: 0px; margin: 0px;\" \/><strong>D\u00e9cors :<\/strong><br style=\"background-color: transparent; color: #333333; font-family: Georgia,&amp;quot; times new roman&amp;quot;,&amp;quot;bitstream charter&amp;quot;,times,serif; font-size: 16px; line-height: 24px; max-width: none; min-height: 0px; overflow: visible; word-wrap: break-word; padding: 0px; margin: 0px;\" \/>&#8211; Christophe VIANT- Gilles RAVEAU- Olivier NICLOUX<\/p>\n<p><strong>BREVES DE COMPTOIR :<\/strong><br \/>\n<em>Des habitu\u00e9s se retrouvent au \u00ab Caf\u00e9 des Arts \u00bb comme tous les lundis matin\u2026<\/em><\/p>\n<p>Le patron : Olivier NICLOUX<br \/>\nLa patronne : Jocelyne BERNARD<br \/>\nLa posti\u00e8re : Elisabeth LAURENT<br \/>\nPhynance : Gilles RAVEAU<br \/>\nDaiconne : Jacky FRONT<br \/>\nPicassiette : Marion LECA<\/p>\n<p><strong>TRAGEDIE :<\/strong><br \/>\n<em>Un couple , Louise et Jean-Claude , a assist\u00e9 \u00e0 la 1er de Ph\u00e8dre dont le premier r\u00f4le est tenu par la s\u0153ur de Louise\u2026..<\/em><\/p>\n<p>Louise : Anne DECAUX, Chantal ANDRE<br \/>\nJean-Claude : Gilles RAVEAU, Christophe VIANT<br \/>\nSimone (Ph\u00e8dre) : Elisabeth LAURENT<br \/>\nBREVES DE COMPTOIR : La patronne balaie ses r\u00eaves \u2026.<br \/>\nBATAILLE NAVALE :<br \/>\nSuite au naufrage du \u00ab Caf\u00e9 des Arts \u00bb, un aristocrate et le barman de la 2\u00e9me classe cohabitent sur un fr\u00eale esquif \u2026<br \/>\nBlandaim\u00e9 : Jacky FRONT<br \/>\nPlantin : Dani\u00e8le BUGADA<\/p>\n","protected":false},"excerpt":{"rendered":"<p>&nbsp; [easingslider id=&#8221;708&#8243;] &nbsp; D\u2019apr\u00e8s des textes Jean-Michel RIBES et Jean-Marie GOURIO Eclairage : &#8211; Jean-Marie LAURENT- Emmanuel AUSESKYMusique : &#8211; Christophe BIND- Joseph BUGADA- Jean-Maurice PINCHARD Maquillage :&#8211; Elisabeth RAVEAUMise en sc\u00e8ne :&#8211; Catherine BINDD\u00e9cors :&#8211; Christophe VIANT- Gilles RAVEAU- Olivier NICLOUX BREVES DE COMPTOIR : Des habitu\u00e9s se retrouvent au \u00ab Caf\u00e9 des&hellip;<\/p>\n","protected":false},"author":4,"featured_media":0,"parent":127,"menu_order":0,"comment_status":"closed","ping_status":"closed","template":"","meta":{"footnotes":""},"class_list":["post-369","page","type-page","status-publish","hentry"],"yoast_head":"<!-- This site is optimized with the Yoast SEO plugin v27.4 - https:\/\/yoast.com\/product\/yoast-seo-wordpress\/ -->\n<title>2013 - 2014 C&#039;est pas la mer \u00e0 boire - Pi\u00e8ces d\u00e9tach\u00e9es<\/title>\n<meta name=\"robots\" content=\"index, follow, max-snippet:-1, max-image-preview:large, max-video-preview:-1\" \/>\n<link rel=\"canonical\" href=\"https:\/\/theatre-pieces-detachees.org\/?page_id=369\" \/>\n<meta property=\"og:locale\" content=\"fr_FR\" \/>\n<meta property=\"og:type\" content=\"article\" \/>\n<meta property=\"og:title\" content=\"2013 - 2014 C&#039;est pas la mer \u00e0 boire - Pi\u00e8ces d\u00e9tach\u00e9es\" \/>\n<meta property=\"og:description\" content=\"&nbsp; [easingslider id=&#8221;708&#8243;] &nbsp; D\u2019apr\u00e8s des textes Jean-Michel RIBES et Jean-Marie GOURIO Eclairage : &#8211; Jean-Marie LAURENT- Emmanuel AUSESKYMusique : &#8211; Christophe BIND- Joseph BUGADA- Jean-Maurice PINCHARD Maquillage :&#8211; Elisabeth RAVEAUMise en sc\u00e8ne :&#8211; Catherine BINDD\u00e9cors :&#8211; Christophe VIANT- Gilles RAVEAU- Olivier NICLOUX BREVES DE COMPTOIR : Des habitu\u00e9s se retrouvent au \u00ab Caf\u00e9 des&hellip;\" \/>\n<meta property=\"og:url\" content=\"https:\/\/theatre-pieces-detachees.org\/?page_id=369\" \/>\n<meta property=\"og:site_name\" content=\"Pi\u00e8ces d\u00e9tach\u00e9es\" \/>\n<meta property=\"article:modified_time\" content=\"2019-02-05T20:57:53+00:00\" \/>\n<meta property=\"og:image\" content=\"https:\/\/theatre-pieces-detachees.org\/wp-content\/uploads\/2018\/12\/AFF-C-EST-PAS-LA-MER.jpg\" \/>\n<meta name=\"twitter:card\" content=\"summary_large_image\" \/>\n<meta name=\"twitter:label1\" content=\"Dur\u00e9e de lecture estim\u00e9e\" \/>\n\t<meta name=\"twitter:data1\" content=\"1 minute\" \/>\n<script type=\"application\/ld+json\" class=\"yoast-schema-graph\">{\"@context\":\"https:\\\/\\\/schema.org\",\"@graph\":[{\"@type\":\"WebPage\",\"@id\":\"https:\\\/\\\/theatre-pieces-detachees.org\\\/?page_id=369\",\"url\":\"https:\\\/\\\/theatre-pieces-detachees.org\\\/?page_id=369\",\"name\":\"2013 - 2014 C'est pas la mer \u00e0 boire - Pi\u00e8ces d\u00e9tach\u00e9es\",\"isPartOf\":{\"@id\":\"https:\\\/\\\/theatre-pieces-detachees.org\\\/#website\"},\"primaryImageOfPage\":{\"@id\":\"https:\\\/\\\/theatre-pieces-detachees.org\\\/?page_id=369#primaryimage\"},\"image\":{\"@id\":\"https:\\\/\\\/theatre-pieces-detachees.org\\\/?page_id=369#primaryimage\"},\"thumbnailUrl\":\"https:\\\/\\\/theatre-pieces-detachees.org\\\/wp-content\\\/uploads\\\/2018\\\/12\\\/AFF-C-EST-PAS-LA-MER.jpg\",\"datePublished\":\"2018-12-26T17:59:52+00:00\",\"dateModified\":\"2019-02-05T20:57:53+00:00\",\"breadcrumb\":{\"@id\":\"https:\\\/\\\/theatre-pieces-detachees.org\\\/?page_id=369#breadcrumb\"},\"inLanguage\":\"fr-FR\",\"potentialAction\":[{\"@type\":\"ReadAction\",\"target\":[\"https:\\\/\\\/theatre-pieces-detachees.org\\\/?page_id=369\"]}]},{\"@type\":\"ImageObject\",\"inLanguage\":\"fr-FR\",\"@id\":\"https:\\\/\\\/theatre-pieces-detachees.org\\\/?page_id=369#primaryimage\",\"url\":\"https:\\\/\\\/theatre-pieces-detachees.org\\\/wp-content\\\/uploads\\\/2018\\\/12\\\/AFF-C-EST-PAS-LA-MER.jpg\",\"contentUrl\":\"https:\\\/\\\/theatre-pieces-detachees.org\\\/wp-content\\\/uploads\\\/2018\\\/12\\\/AFF-C-EST-PAS-LA-MER.jpg\",\"width\":658,\"height\":930},{\"@type\":\"BreadcrumbList\",\"@id\":\"https:\\\/\\\/theatre-pieces-detachees.org\\\/?page_id=369#breadcrumb\",\"itemListElement\":[{\"@type\":\"ListItem\",\"position\":1,\"name\":\"Accueil\",\"item\":\"https:\\\/\\\/theatre-pieces-detachees.org\\\/\"},{\"@type\":\"ListItem\",\"position\":2,\"name\":\"Nos repr\u00e9sentations\",\"item\":\"https:\\\/\\\/theatre-pieces-detachees.org\\\/?page_id=127\"},{\"@type\":\"ListItem\",\"position\":3,\"name\":\"2013 &#8211; 2014 C&#8217;est pas la mer \u00e0 boire\"}]},{\"@type\":\"WebSite\",\"@id\":\"https:\\\/\\\/theatre-pieces-detachees.org\\\/#website\",\"url\":\"https:\\\/\\\/theatre-pieces-detachees.org\\\/\",\"name\":\"Pi\u00e8ces d\u00e9tach\u00e9es\",\"description\":\"troupe de th\u00e9\u00e2tre laxovienne\",\"potentialAction\":[{\"@type\":\"SearchAction\",\"target\":{\"@type\":\"EntryPoint\",\"urlTemplate\":\"https:\\\/\\\/theatre-pieces-detachees.org\\\/?s={search_term_string}\"},\"query-input\":{\"@type\":\"PropertyValueSpecification\",\"valueRequired\":true,\"valueName\":\"search_term_string\"}}],\"inLanguage\":\"fr-FR\"}]}<\/script>\n<!-- \/ Yoast SEO plugin. -->","yoast_head_json":{"title":"2013 - 2014 C'est pas la mer \u00e0 boire - Pi\u00e8ces d\u00e9tach\u00e9es","robots":{"index":"index","follow":"follow","max-snippet":"max-snippet:-1","max-image-preview":"max-image-preview:large","max-video-preview":"max-video-preview:-1"},"canonical":"https:\/\/theatre-pieces-detachees.org\/?page_id=369","og_locale":"fr_FR","og_type":"article","og_title":"2013 - 2014 C'est pas la mer \u00e0 boire - Pi\u00e8ces d\u00e9tach\u00e9es","og_description":"&nbsp; [easingslider id=&#8221;708&#8243;] &nbsp; D\u2019apr\u00e8s des textes Jean-Michel RIBES et Jean-Marie GOURIO Eclairage : &#8211; Jean-Marie LAURENT- Emmanuel AUSESKYMusique : &#8211; Christophe BIND- Joseph BUGADA- Jean-Maurice PINCHARD Maquillage :&#8211; Elisabeth RAVEAUMise en sc\u00e8ne :&#8211; Catherine BINDD\u00e9cors :&#8211; Christophe VIANT- Gilles RAVEAU- Olivier NICLOUX BREVES DE COMPTOIR : Des habitu\u00e9s se retrouvent au \u00ab Caf\u00e9 des&hellip;","og_url":"https:\/\/theatre-pieces-detachees.org\/?page_id=369","og_site_name":"Pi\u00e8ces d\u00e9tach\u00e9es","article_modified_time":"2019-02-05T20:57:53+00:00","og_image":[{"url":"https:\/\/theatre-pieces-detachees.org\/wp-content\/uploads\/2018\/12\/AFF-C-EST-PAS-LA-MER.jpg","type":"","width":"","height":""}],"twitter_card":"summary_large_image","twitter_misc":{"Dur\u00e9e de lecture estim\u00e9e":"1 minute"},"schema":{"@context":"https:\/\/schema.org","@graph":[{"@type":"WebPage","@id":"https:\/\/theatre-pieces-detachees.org\/?page_id=369","url":"https:\/\/theatre-pieces-detachees.org\/?page_id=369","name":"2013 - 2014 C'est pas la mer \u00e0 boire - Pi\u00e8ces d\u00e9tach\u00e9es","isPartOf":{"@id":"https:\/\/theatre-pieces-detachees.org\/#website"},"primaryImageOfPage":{"@id":"https:\/\/theatre-pieces-detachees.org\/?page_id=369#primaryimage"},"image":{"@id":"https:\/\/theatre-pieces-detachees.org\/?page_id=369#primaryimage"},"thumbnailUrl":"https:\/\/theatre-pieces-detachees.org\/wp-content\/uploads\/2018\/12\/AFF-C-EST-PAS-LA-MER.jpg","datePublished":"2018-12-26T17:59:52+00:00","dateModified":"2019-02-05T20:57:53+00:00","breadcrumb":{"@id":"https:\/\/theatre-pieces-detachees.org\/?page_id=369#breadcrumb"},"inLanguage":"fr-FR","potentialAction":[{"@type":"ReadAction","target":["https:\/\/theatre-pieces-detachees.org\/?page_id=369"]}]},{"@type":"ImageObject","inLanguage":"fr-FR","@id":"https:\/\/theatre-pieces-detachees.org\/?page_id=369#primaryimage","url":"https:\/\/theatre-pieces-detachees.org\/wp-content\/uploads\/2018\/12\/AFF-C-EST-PAS-LA-MER.jpg","contentUrl":"https:\/\/theatre-pieces-detachees.org\/wp-content\/uploads\/2018\/12\/AFF-C-EST-PAS-LA-MER.jpg","width":658,"height":930},{"@type":"BreadcrumbList","@id":"https:\/\/theatre-pieces-detachees.org\/?page_id=369#breadcrumb","itemListElement":[{"@type":"ListItem","position":1,"name":"Accueil","item":"https:\/\/theatre-pieces-detachees.org\/"},{"@type":"ListItem","position":2,"name":"Nos repr\u00e9sentations","item":"https:\/\/theatre-pieces-detachees.org\/?page_id=127"},{"@type":"ListItem","position":3,"name":"2013 &#8211; 2014 C&#8217;est pas la mer \u00e0 boire"}]},{"@type":"WebSite","@id":"https:\/\/theatre-pieces-detachees.org\/#website","url":"https:\/\/theatre-pieces-detachees.org\/","name":"Pi\u00e8ces d\u00e9tach\u00e9es","description":"troupe de th\u00e9\u00e2tre laxovienne","potentialAction":[{"@type":"SearchAction","target":{"@type":"EntryPoint","urlTemplate":"https:\/\/theatre-pieces-detachees.org\/?s={search_term_string}"},"query-input":{"@type":"PropertyValueSpecification","valueRequired":true,"valueName":"search_term_string"}}],"inLanguage":"fr-FR"}]}},"_links":{"self":[{"href":"https:\/\/theatre-pieces-detachees.org\/index.php?rest_route=\/wp\/v2\/pages\/369","targetHints":{"allow":["GET"]}}],"collection":[{"href":"https:\/\/theatre-pieces-detachees.org\/index.php?rest_route=\/wp\/v2\/pages"}],"about":[{"href":"https:\/\/theatre-pieces-detachees.org\/index.php?rest_route=\/wp\/v2\/types\/page"}],"author":[{"embeddable":true,"href":"https:\/\/theatre-pieces-detachees.org\/index.php?rest_route=\/wp\/v2\/users\/4"}],"replies":[{"embeddable":true,"href":"https:\/\/theatre-pieces-detachees.org\/index.php?rest_route=%2Fwp%2Fv2%2Fcomments&post=369"}],"version-history":[{"count":8,"href":"https:\/\/theatre-pieces-detachees.org\/index.php?rest_route=\/wp\/v2\/pages\/369\/revisions"}],"predecessor-version":[{"id":1249,"href":"https:\/\/theatre-pieces-detachees.org\/index.php?rest_route=\/wp\/v2\/pages\/369\/revisions\/1249"}],"up":[{"embeddable":true,"href":"https:\/\/theatre-pieces-detachees.org\/index.php?rest_route=\/wp\/v2\/pages\/127"}],"wp:attachment":[{"href":"https:\/\/theatre-pieces-detachees.org\/index.php?rest_route=%2Fwp%2Fv2%2Fmedia&parent=369"}],"curies":[{"name":"wp","href":"https:\/\/api.w.org\/{rel}","templated":true}]}}