{"id":397,"date":"2018-12-26T19:29:42","date_gmt":"2018-12-26T18:29:42","guid":{"rendered":"http:\/\/theatre-pieces-detachees.org\/?page_id=397"},"modified":"2019-02-05T21:56:27","modified_gmt":"2019-02-05T20:56:27","slug":"2006-2007-7-pieces-a-saisir-cuisine-du-langage-integree","status":"publish","type":"page","link":"https:\/\/theatre-pieces-detachees.org\/?page_id=397","title":{"rendered":"2006-2007      7 pi\u00e8ces \u00e0 saisir cuisine du langage int\u00e9gr\u00e9e"},"content":{"rendered":"<p>[easingslider id=&#8221;656&#8243;]<\/p>\n<p>&nbsp;<\/p>\n<p>&nbsp;<\/p>\n<p style=\"text-align: center;\"><img loading=\"lazy\" decoding=\"async\" class=\"wp-image-391 alignleft\" src=\"https:\/\/theatre-pieces-detachees.org\/wp-content\/uploads\/2018\/12\/7-pi\u00e8ces-\u00e0-saisir-V2-724x1024.jpg\" alt=\"\" width=\"459\" height=\"649\" srcset=\"https:\/\/theatre-pieces-detachees.org\/wp-content\/uploads\/2018\/12\/7-pi\u00e8ces-\u00e0-saisir-V2-724x1024.jpg 724w, https:\/\/theatre-pieces-detachees.org\/wp-content\/uploads\/2018\/12\/7-pi\u00e8ces-\u00e0-saisir-V2-212x300.jpg 212w, https:\/\/theatre-pieces-detachees.org\/wp-content\/uploads\/2018\/12\/7-pi\u00e8ces-\u00e0-saisir-V2-768x1086.jpg 768w\" sizes=\"auto, (max-width: 459px) 100vw, 459px\" \/><strong><em><span style=\"text-align: left; color: #333333; text-transform: none; line-height: 24px; text-indent: 0px; letter-spacing: normal; font-family: Georgia,'Times New Roman','Bitstream Charter',Times,serif; font-size: 16px; font-variant: normal; text-decoration: none; word-spacing: 0px; display: inline !important; white-space: normal; word-wrap: break-word; orphans: 2; float: none; -webkit-text-stroke-width: 0px; background-color: transparent;\">Pour se comprendre, si nous parlions de la m\u00eame chose, ce serait tellement plus simple\u2026<\/span><\/em><\/strong><br style=\"background-color: transparent; color: #333333; font-family: Georgia,&amp;quot; times new roman&amp;quot;,&amp;quot;bitstream charter&amp;quot;,times,serif; font-size: 16px; font-style: normal; font-variant: normal; font-weight: 400; letter-spacing: normal; line-height: 24px; max-width: none; min-height: 0px; orphans: 2; overflow: visible; text-align: left; text-decoration: none; text-indent: 0px; text-transform: none; -webkit-text-stroke-width: 0px; white-space: normal; word-spacing: 0px; word-wrap: break-word; padding: 0px; margin: 0px;\" \/><strong><em><span style=\"text-align: left; color: #333333; text-transform: none; line-height: 24px; text-indent: 0px; letter-spacing: normal; font-family: Georgia,'Times New Roman','Bitstream Charter',Times,serif; font-size: 16px; font-variant: normal; text-decoration: none; word-spacing: 0px; display: inline !important; white-space: normal; word-wrap: break-word; orphans: 2; float: none; -webkit-text-stroke-width: 0px; background-color: transparent;\">Avec : Jocelyne Bernard, Jacky Front, Christophe Viant, Olivier Nicloux<\/span><\/em><\/strong><\/p>\n<p>&nbsp;<\/p>\n<p><strong>Un mot pour un autre<\/strong><\/p>\n<p>Il y a mille mani\u00e8res de dire les choses. Aviez vous pens\u00e9 qu\u2019on peut dire que le chien hennit et que le cheval aboie ? ce n\u2019est qu\u2019une question de vocabulaire.<br \/>\nLes mots n\u2019ont que le sens qu\u2019il nous pla\u00eet de leur attribuer\u2026<br \/>\nAvec : Elisabeth Laurent, Dani\u00e8le Bugada, Anne<\/p>\n<p><strong>La mort et le m\u00e9decin <\/strong><br \/>\n<strong>ou le style enfantin<\/strong><\/p>\n<p>Que vaut-il mieux : des enfants interpr\u00e9tant un texte d\u2019adultes ou des adultes acceptant de jouer des r\u00f4les \u00e9crits par des enfants ? A vous de juger\u2026<br \/>\nAvec : Dani\u00e8le Bugada, Chantal Andr\u00e9, Jacky Front, Christophe Viant, Olivier Nicloux<\/p>\n<p><strong>Eux seuls le savent<\/strong><\/p>\n<p>Bien souvent, les spectateurs sont convi\u00e9s \u00e0 suivre une action th\u00e9\u00e2trale dont ils ne comprennent pas le sens.<br \/>\nL\u2019art dramatique est-il infirme ?<br \/>\nLa vie des autres doit-elle rester pour nous un secret,<br \/>\nLes personnages sont-ils discourtois au point de ne pas s\u2019occuper des spectateurs ?<br \/>\nLes auteurs abusent-ils de leur pouvoir ?<br \/>\nEn essayant de comprendre la sc\u00e8ne suivante, vous trouverez peut-\u00eatre une r\u00e9ponse \u00e0 ces questions\u2026<br \/>\nAvec : Ga\u00ebl Kartheiser, Anne Decaux, Philippe<\/p>\n<p><strong>Il y avait foule au manoir <\/strong><br \/>\n<b>ou les monologues<\/b><img loading=\"lazy\" decoding=\"async\" class=\"wp-image-390 alignright\" style=\"margin: 8px 0px 8px 16px; outline: #72777c solid 1px; height: 681px; text-align: left; color: #333333; text-transform: none; text-indent: 0px; letter-spacing: normal; font-size: 16px; font-style: normal; font-variant: normal; font-weight: 400; text-decoration: none; word-spacing: 0px; white-space: normal; max-width: 1380px; orphans: 2; float: right; -webkit-text-stroke-width: 0px; background-color: transparent;\" src=\"https:\/\/theatre-pieces-detachees.org\/wp-content\/uploads\/2018\/12\/7-pi\u00e8ces-\u00e0-saisir-V1-724x1024.jpg\" alt=\"\" width=\"482\" height=\"554\" \/><\/p>\n<p>Au th\u00e9\u00e2tre, le monologue est un exercice artificiel. Parfois l\u2019auteur s\u2019amuse \u00e0 multiplier ces artifices.<\/p>\n<p>Tous ces personnages vivent la m\u00eame histoire, et pourtant, un seul est sur sc\u00e8ne\u2026<br \/>\nAvec : Elisabeth Laurent, Ga\u00ebl Kartheiser, Jocelyne Bernard, Chantal Andr\u00e9, Jacky Front, ,<\/p>\n<p><strong>Ce que parler veut dire <\/strong><br \/>\n<strong>ou le patois des familles<\/strong><\/p>\n<p>Chaque groupe social, chaque famille a ses habitudes de langage. Chez vous, vous ne parlez peut-\u00eatre pas comme dans la rue.<\/p>\n<p>Pouss\u00e9 \u00e0 l\u2019extr\u00eame, cela ne manque pas de piquant !<br \/>\nAvec : Elisabeth Laurent, Dani\u00e8le Bugada, Ga\u00ebl Kartheiser, Jocelyne Bernard, Anne Decaux, Christophe Viant, Jacky Front, Olivier Nicloux,<\/p>\n<p><strong>L\u2019archipel sans nom <\/strong><br \/>\n<strong>ou un geste pour un autre<\/strong><\/p>\n<p>Et si le langage des gestes, lui aussi, n\u2019\u00e9tait qu\u2019une convention ?<\/p>\n<p>Convenons ensemble d\u2019autres r\u00e8gles du jeu, d\u2019autres codes, et nos soir\u00e9es peuvent prendre une tournure bien comique\u2026<br \/>\nAvec : Elisabeth Laurent, Jocelyne Bernard, Dani\u00e8le Bugada, Ga\u00ebl Kartheiser, Christophe Viant, Jacky Front, , Olivier Nicloux, Pierre<\/p>\n<p><em><strong>Clarinette : Joseph Bugada<\/strong><\/em><br \/>\n<em><strong>Claviers : Jean Maurice Pinchard<\/strong><\/em><br \/>\n<em><strong>Guitare : Francis Andr\u00e9<\/strong><\/em><\/p>\n","protected":false},"excerpt":{"rendered":"<p>[easingslider id=&#8221;656&#8243;] &nbsp; &nbsp; Pour se comprendre, si nous parlions de la m\u00eame chose, ce serait tellement plus simple\u2026Avec : Jocelyne Bernard, Jacky Front, Christophe Viant, Olivier Nicloux &nbsp; Un mot pour un autre Il y a mille mani\u00e8res de dire les choses. Aviez vous pens\u00e9 qu\u2019on peut dire que le chien hennit et que&hellip;<\/p>\n","protected":false},"author":4,"featured_media":0,"parent":127,"menu_order":0,"comment_status":"closed","ping_status":"closed","template":"","meta":{"footnotes":""},"class_list":["post-397","page","type-page","status-publish","hentry"],"yoast_head":"<!-- This site is optimized with the Yoast SEO plugin v27.5 - https:\/\/yoast.com\/product\/yoast-seo-wordpress\/ -->\n<title>2006-2007   7 pi\u00e8ces \u00e0 saisir cuisine du langage int\u00e9gr\u00e9e - Pi\u00e8ces d\u00e9tach\u00e9es<\/title>\n<meta name=\"robots\" content=\"index, follow, max-snippet:-1, max-image-preview:large, max-video-preview:-1\" \/>\n<link rel=\"canonical\" href=\"https:\/\/theatre-pieces-detachees.org\/?page_id=397\" \/>\n<meta property=\"og:locale\" content=\"fr_FR\" \/>\n<meta property=\"og:type\" content=\"article\" \/>\n<meta property=\"og:title\" content=\"2006-2007   7 pi\u00e8ces \u00e0 saisir cuisine du langage int\u00e9gr\u00e9e - Pi\u00e8ces d\u00e9tach\u00e9es\" \/>\n<meta property=\"og:description\" content=\"[easingslider id=&#8221;656&#8243;] &nbsp; &nbsp; Pour se comprendre, si nous parlions de la m\u00eame chose, ce serait tellement plus simple\u2026Avec : Jocelyne Bernard, Jacky Front, Christophe Viant, Olivier Nicloux &nbsp; Un mot pour un autre Il y a mille mani\u00e8res de dire les choses. Aviez vous pens\u00e9 qu\u2019on peut dire que le chien hennit et que&hellip;\" \/>\n<meta property=\"og:url\" content=\"https:\/\/theatre-pieces-detachees.org\/?page_id=397\" \/>\n<meta property=\"og:site_name\" content=\"Pi\u00e8ces d\u00e9tach\u00e9es\" \/>\n<meta property=\"article:modified_time\" content=\"2019-02-05T20:56:27+00:00\" \/>\n<meta property=\"og:image\" content=\"https:\/\/theatre-pieces-detachees.org\/wp-content\/uploads\/2018\/12\/7-pi\u00e8ces-\u00e0-saisir-V2-724x1024.jpg\" \/>\n<meta name=\"twitter:card\" content=\"summary_large_image\" \/>\n<meta name=\"twitter:label1\" content=\"Dur\u00e9e de lecture estim\u00e9e\" \/>\n\t<meta name=\"twitter:data1\" content=\"2 minutes\" \/>\n<script type=\"application\/ld+json\" class=\"yoast-schema-graph\">{\"@context\":\"https:\\\/\\\/schema.org\",\"@graph\":[{\"@type\":\"WebPage\",\"@id\":\"https:\\\/\\\/theatre-pieces-detachees.org\\\/?page_id=397\",\"url\":\"https:\\\/\\\/theatre-pieces-detachees.org\\\/?page_id=397\",\"name\":\"2006-2007 7 pi\u00e8ces \u00e0 saisir cuisine du langage int\u00e9gr\u00e9e - Pi\u00e8ces d\u00e9tach\u00e9es\",\"isPartOf\":{\"@id\":\"https:\\\/\\\/theatre-pieces-detachees.org\\\/#website\"},\"datePublished\":\"2018-12-26T18:29:42+00:00\",\"dateModified\":\"2019-02-05T20:56:27+00:00\",\"breadcrumb\":{\"@id\":\"https:\\\/\\\/theatre-pieces-detachees.org\\\/?page_id=397#breadcrumb\"},\"inLanguage\":\"fr-FR\",\"potentialAction\":[{\"@type\":\"ReadAction\",\"target\":[\"https:\\\/\\\/theatre-pieces-detachees.org\\\/?page_id=397\"]}]},{\"@type\":\"BreadcrumbList\",\"@id\":\"https:\\\/\\\/theatre-pieces-detachees.org\\\/?page_id=397#breadcrumb\",\"itemListElement\":[{\"@type\":\"ListItem\",\"position\":1,\"name\":\"Accueil\",\"item\":\"https:\\\/\\\/theatre-pieces-detachees.org\\\/\"},{\"@type\":\"ListItem\",\"position\":2,\"name\":\"Nos repr\u00e9sentations\",\"item\":\"https:\\\/\\\/theatre-pieces-detachees.org\\\/?page_id=127\"},{\"@type\":\"ListItem\",\"position\":3,\"name\":\"2006-2007 7 pi\u00e8ces \u00e0 saisir cuisine du langage int\u00e9gr\u00e9e\"}]},{\"@type\":\"WebSite\",\"@id\":\"https:\\\/\\\/theatre-pieces-detachees.org\\\/#website\",\"url\":\"https:\\\/\\\/theatre-pieces-detachees.org\\\/\",\"name\":\"Pi\u00e8ces d\u00e9tach\u00e9es\",\"description\":\"troupe de th\u00e9\u00e2tre laxovienne\",\"potentialAction\":[{\"@type\":\"SearchAction\",\"target\":{\"@type\":\"EntryPoint\",\"urlTemplate\":\"https:\\\/\\\/theatre-pieces-detachees.org\\\/?s={search_term_string}\"},\"query-input\":{\"@type\":\"PropertyValueSpecification\",\"valueRequired\":true,\"valueName\":\"search_term_string\"}}],\"inLanguage\":\"fr-FR\"}]}<\/script>\n<!-- \/ Yoast SEO plugin. -->","yoast_head_json":{"title":"2006-2007   7 pi\u00e8ces \u00e0 saisir cuisine du langage int\u00e9gr\u00e9e - Pi\u00e8ces d\u00e9tach\u00e9es","robots":{"index":"index","follow":"follow","max-snippet":"max-snippet:-1","max-image-preview":"max-image-preview:large","max-video-preview":"max-video-preview:-1"},"canonical":"https:\/\/theatre-pieces-detachees.org\/?page_id=397","og_locale":"fr_FR","og_type":"article","og_title":"2006-2007   7 pi\u00e8ces \u00e0 saisir cuisine du langage int\u00e9gr\u00e9e - Pi\u00e8ces d\u00e9tach\u00e9es","og_description":"[easingslider id=&#8221;656&#8243;] &nbsp; &nbsp; Pour se comprendre, si nous parlions de la m\u00eame chose, ce serait tellement plus simple\u2026Avec : Jocelyne Bernard, Jacky Front, Christophe Viant, Olivier Nicloux &nbsp; Un mot pour un autre Il y a mille mani\u00e8res de dire les choses. Aviez vous pens\u00e9 qu\u2019on peut dire que le chien hennit et que&hellip;","og_url":"https:\/\/theatre-pieces-detachees.org\/?page_id=397","og_site_name":"Pi\u00e8ces d\u00e9tach\u00e9es","article_modified_time":"2019-02-05T20:56:27+00:00","og_image":[{"url":"https:\/\/theatre-pieces-detachees.org\/wp-content\/uploads\/2018\/12\/7-pi\u00e8ces-\u00e0-saisir-V2-724x1024.jpg","type":"","width":"","height":""}],"twitter_card":"summary_large_image","twitter_misc":{"Dur\u00e9e de lecture estim\u00e9e":"2 minutes"},"schema":{"@context":"https:\/\/schema.org","@graph":[{"@type":"WebPage","@id":"https:\/\/theatre-pieces-detachees.org\/?page_id=397","url":"https:\/\/theatre-pieces-detachees.org\/?page_id=397","name":"2006-2007 7 pi\u00e8ces \u00e0 saisir cuisine du langage int\u00e9gr\u00e9e - Pi\u00e8ces d\u00e9tach\u00e9es","isPartOf":{"@id":"https:\/\/theatre-pieces-detachees.org\/#website"},"datePublished":"2018-12-26T18:29:42+00:00","dateModified":"2019-02-05T20:56:27+00:00","breadcrumb":{"@id":"https:\/\/theatre-pieces-detachees.org\/?page_id=397#breadcrumb"},"inLanguage":"fr-FR","potentialAction":[{"@type":"ReadAction","target":["https:\/\/theatre-pieces-detachees.org\/?page_id=397"]}]},{"@type":"BreadcrumbList","@id":"https:\/\/theatre-pieces-detachees.org\/?page_id=397#breadcrumb","itemListElement":[{"@type":"ListItem","position":1,"name":"Accueil","item":"https:\/\/theatre-pieces-detachees.org\/"},{"@type":"ListItem","position":2,"name":"Nos repr\u00e9sentations","item":"https:\/\/theatre-pieces-detachees.org\/?page_id=127"},{"@type":"ListItem","position":3,"name":"2006-2007 7 pi\u00e8ces \u00e0 saisir cuisine du langage int\u00e9gr\u00e9e"}]},{"@type":"WebSite","@id":"https:\/\/theatre-pieces-detachees.org\/#website","url":"https:\/\/theatre-pieces-detachees.org\/","name":"Pi\u00e8ces d\u00e9tach\u00e9es","description":"troupe de th\u00e9\u00e2tre laxovienne","potentialAction":[{"@type":"SearchAction","target":{"@type":"EntryPoint","urlTemplate":"https:\/\/theatre-pieces-detachees.org\/?s={search_term_string}"},"query-input":{"@type":"PropertyValueSpecification","valueRequired":true,"valueName":"search_term_string"}}],"inLanguage":"fr-FR"}]}},"_links":{"self":[{"href":"https:\/\/theatre-pieces-detachees.org\/index.php?rest_route=\/wp\/v2\/pages\/397","targetHints":{"allow":["GET"]}}],"collection":[{"href":"https:\/\/theatre-pieces-detachees.org\/index.php?rest_route=\/wp\/v2\/pages"}],"about":[{"href":"https:\/\/theatre-pieces-detachees.org\/index.php?rest_route=\/wp\/v2\/types\/page"}],"author":[{"embeddable":true,"href":"https:\/\/theatre-pieces-detachees.org\/index.php?rest_route=\/wp\/v2\/users\/4"}],"replies":[{"embeddable":true,"href":"https:\/\/theatre-pieces-detachees.org\/index.php?rest_route=%2Fwp%2Fv2%2Fcomments&post=397"}],"version-history":[{"count":11,"href":"https:\/\/theatre-pieces-detachees.org\/index.php?rest_route=\/wp\/v2\/pages\/397\/revisions"}],"predecessor-version":[{"id":1247,"href":"https:\/\/theatre-pieces-detachees.org\/index.php?rest_route=\/wp\/v2\/pages\/397\/revisions\/1247"}],"up":[{"embeddable":true,"href":"https:\/\/theatre-pieces-detachees.org\/index.php?rest_route=\/wp\/v2\/pages\/127"}],"wp:attachment":[{"href":"https:\/\/theatre-pieces-detachees.org\/index.php?rest_route=%2Fwp%2Fv2%2Fmedia&parent=397"}],"curies":[{"name":"wp","href":"https:\/\/api.w.org\/{rel}","templated":true}]}}