{"id":402,"date":"2018-12-26T19:33:16","date_gmt":"2018-12-26T18:33:16","guid":{"rendered":"http:\/\/theatre-pieces-detachees.org\/?page_id=402"},"modified":"2019-01-11T17:02:36","modified_gmt":"2019-01-11T16:02:36","slug":"2004-2005-illusions-doptique","status":"publish","type":"page","link":"https:\/\/theatre-pieces-detachees.org\/?page_id=402","title":{"rendered":"2004 &#8211; 2005 Illusions d&#8217;optique"},"content":{"rendered":"<p>[easingslider id=&#8221;445&#8243;]<\/p>\n<p style=\"text-align: center;\"><em><strong>Com\u00e9die polici\u00e8re de Beno\u00eet FOURCHARD<\/strong><\/em><\/p>\n<p style=\"text-align: center;\">Qui est mort ? qui est le coupable, dans cet immeuble o\u00f9 l\u2019on entend toutes les conversations, les cris, les musiques des voisins, chacun d\u00e9tient une partie de la v\u00e9rit\u00e9. De sa v\u00e9rit\u00e9\u2026<\/p>\n<p style=\"text-align: center;\">Avec les \u00e9l\u00e9ments qu\u2019elle a, la police aura bien du mal \u00e0 d\u00e9nouer l\u2019\u00e9nigme ! Mais le public finit par tout comprendre, et surtout passe une soir\u00e9e de rire et d\u2019\u00e9motion \u00e0 d\u00e9nouer cette \u00e9nigme..<\/p>\n<p><img loading=\"lazy\" decoding=\"async\" class=\"size-large wp-image-403 aligncenter\" src=\"https:\/\/theatre-pieces-detachees.org\/wp-content\/uploads\/2018\/12\/Affiche-Illusions-doptique-copier-724x1024.jpg\" alt=\"\" width=\"724\" height=\"1024\" srcset=\"https:\/\/theatre-pieces-detachees.org\/wp-content\/uploads\/2018\/12\/Affiche-Illusions-doptique-copier-724x1024.jpg 724w, https:\/\/theatre-pieces-detachees.org\/wp-content\/uploads\/2018\/12\/Affiche-Illusions-doptique-copier-212x300.jpg 212w, https:\/\/theatre-pieces-detachees.org\/wp-content\/uploads\/2018\/12\/Affiche-Illusions-doptique-copier-768x1087.jpg 768w, https:\/\/theatre-pieces-detachees.org\/wp-content\/uploads\/2018\/12\/Affiche-Illusions-doptique-copier.jpg 1653w\" sizes=\"auto, (max-width: 724px) 100vw, 724px\" \/><\/p>\n","protected":false},"excerpt":{"rendered":"<p>[easingslider id=&#8221;445&#8243;] Com\u00e9die polici\u00e8re de Beno\u00eet FOURCHARD Qui est mort ? qui est le coupable, dans cet immeuble o\u00f9 l\u2019on entend toutes les conversations, les cris, les musiques des voisins, chacun d\u00e9tient une partie de la v\u00e9rit\u00e9. De sa v\u00e9rit\u00e9\u2026 Avec les \u00e9l\u00e9ments qu\u2019elle a, la police aura bien du mal \u00e0 d\u00e9nouer l\u2019\u00e9nigme !&hellip;<\/p>\n","protected":false},"author":4,"featured_media":0,"parent":127,"menu_order":0,"comment_status":"closed","ping_status":"closed","template":"","meta":{"footnotes":""},"class_list":["post-402","page","type-page","status-publish","hentry"],"yoast_head":"<!-- This site is optimized with the Yoast SEO plugin v27.5 - https:\/\/yoast.com\/product\/yoast-seo-wordpress\/ -->\n<title>2004 - 2005 Illusions d&#039;optique - Pi\u00e8ces d\u00e9tach\u00e9es<\/title>\n<meta name=\"robots\" content=\"index, follow, max-snippet:-1, max-image-preview:large, max-video-preview:-1\" \/>\n<link rel=\"canonical\" href=\"https:\/\/theatre-pieces-detachees.org\/?page_id=402\" \/>\n<meta property=\"og:locale\" content=\"fr_FR\" \/>\n<meta property=\"og:type\" content=\"article\" \/>\n<meta property=\"og:title\" content=\"2004 - 2005 Illusions d&#039;optique - Pi\u00e8ces d\u00e9tach\u00e9es\" \/>\n<meta property=\"og:description\" content=\"[easingslider id=&#8221;445&#8243;] Com\u00e9die polici\u00e8re de Beno\u00eet FOURCHARD Qui est mort ? qui est le coupable, dans cet immeuble o\u00f9 l\u2019on entend toutes les conversations, les cris, les musiques des voisins, chacun d\u00e9tient une partie de la v\u00e9rit\u00e9. De sa v\u00e9rit\u00e9\u2026 Avec les \u00e9l\u00e9ments qu\u2019elle a, la police aura bien du mal \u00e0 d\u00e9nouer l\u2019\u00e9nigme !&hellip;\" \/>\n<meta property=\"og:url\" content=\"https:\/\/theatre-pieces-detachees.org\/?page_id=402\" \/>\n<meta property=\"og:site_name\" content=\"Pi\u00e8ces d\u00e9tach\u00e9es\" \/>\n<meta property=\"article:modified_time\" content=\"2019-01-11T16:02:36+00:00\" \/>\n<meta property=\"og:image\" content=\"https:\/\/theatre-pieces-detachees.org\/wp-content\/uploads\/2018\/12\/Affiche-Illusions-doptique-copier-724x1024.jpg\" \/>\n<meta name=\"twitter:card\" content=\"summary_large_image\" \/>\n<script type=\"application\/ld+json\" class=\"yoast-schema-graph\">{\"@context\":\"https:\\\/\\\/schema.org\",\"@graph\":[{\"@type\":\"WebPage\",\"@id\":\"https:\\\/\\\/theatre-pieces-detachees.org\\\/?page_id=402\",\"url\":\"https:\\\/\\\/theatre-pieces-detachees.org\\\/?page_id=402\",\"name\":\"2004 - 2005 Illusions d'optique - Pi\u00e8ces d\u00e9tach\u00e9es\",\"isPartOf\":{\"@id\":\"https:\\\/\\\/theatre-pieces-detachees.org\\\/#website\"},\"primaryImageOfPage\":{\"@id\":\"https:\\\/\\\/theatre-pieces-detachees.org\\\/?page_id=402#primaryimage\"},\"image\":{\"@id\":\"https:\\\/\\\/theatre-pieces-detachees.org\\\/?page_id=402#primaryimage\"},\"thumbnailUrl\":\"https:\\\/\\\/theatre-pieces-detachees.org\\\/wp-content\\\/uploads\\\/2018\\\/12\\\/Affiche-Illusions-doptique-copier-724x1024.jpg\",\"datePublished\":\"2018-12-26T18:33:16+00:00\",\"dateModified\":\"2019-01-11T16:02:36+00:00\",\"breadcrumb\":{\"@id\":\"https:\\\/\\\/theatre-pieces-detachees.org\\\/?page_id=402#breadcrumb\"},\"inLanguage\":\"fr-FR\",\"potentialAction\":[{\"@type\":\"ReadAction\",\"target\":[\"https:\\\/\\\/theatre-pieces-detachees.org\\\/?page_id=402\"]}]},{\"@type\":\"ImageObject\",\"inLanguage\":\"fr-FR\",\"@id\":\"https:\\\/\\\/theatre-pieces-detachees.org\\\/?page_id=402#primaryimage\",\"url\":\"https:\\\/\\\/theatre-pieces-detachees.org\\\/wp-content\\\/uploads\\\/2018\\\/12\\\/Affiche-Illusions-doptique-copier.jpg\",\"contentUrl\":\"https:\\\/\\\/theatre-pieces-detachees.org\\\/wp-content\\\/uploads\\\/2018\\\/12\\\/Affiche-Illusions-doptique-copier.jpg\",\"width\":1653,\"height\":2339},{\"@type\":\"BreadcrumbList\",\"@id\":\"https:\\\/\\\/theatre-pieces-detachees.org\\\/?page_id=402#breadcrumb\",\"itemListElement\":[{\"@type\":\"ListItem\",\"position\":1,\"name\":\"Accueil\",\"item\":\"https:\\\/\\\/theatre-pieces-detachees.org\\\/\"},{\"@type\":\"ListItem\",\"position\":2,\"name\":\"Nos repr\u00e9sentations\",\"item\":\"https:\\\/\\\/theatre-pieces-detachees.org\\\/?page_id=127\"},{\"@type\":\"ListItem\",\"position\":3,\"name\":\"2004 &#8211; 2005 Illusions d&#8217;optique\"}]},{\"@type\":\"WebSite\",\"@id\":\"https:\\\/\\\/theatre-pieces-detachees.org\\\/#website\",\"url\":\"https:\\\/\\\/theatre-pieces-detachees.org\\\/\",\"name\":\"Pi\u00e8ces d\u00e9tach\u00e9es\",\"description\":\"troupe de th\u00e9\u00e2tre laxovienne\",\"potentialAction\":[{\"@type\":\"SearchAction\",\"target\":{\"@type\":\"EntryPoint\",\"urlTemplate\":\"https:\\\/\\\/theatre-pieces-detachees.org\\\/?s={search_term_string}\"},\"query-input\":{\"@type\":\"PropertyValueSpecification\",\"valueRequired\":true,\"valueName\":\"search_term_string\"}}],\"inLanguage\":\"fr-FR\"}]}<\/script>\n<!-- \/ Yoast SEO plugin. -->","yoast_head_json":{"title":"2004 - 2005 Illusions d'optique - Pi\u00e8ces d\u00e9tach\u00e9es","robots":{"index":"index","follow":"follow","max-snippet":"max-snippet:-1","max-image-preview":"max-image-preview:large","max-video-preview":"max-video-preview:-1"},"canonical":"https:\/\/theatre-pieces-detachees.org\/?page_id=402","og_locale":"fr_FR","og_type":"article","og_title":"2004 - 2005 Illusions d'optique - Pi\u00e8ces d\u00e9tach\u00e9es","og_description":"[easingslider id=&#8221;445&#8243;] Com\u00e9die polici\u00e8re de Beno\u00eet FOURCHARD Qui est mort ? qui est le coupable, dans cet immeuble o\u00f9 l\u2019on entend toutes les conversations, les cris, les musiques des voisins, chacun d\u00e9tient une partie de la v\u00e9rit\u00e9. De sa v\u00e9rit\u00e9\u2026 Avec les \u00e9l\u00e9ments qu\u2019elle a, la police aura bien du mal \u00e0 d\u00e9nouer l\u2019\u00e9nigme !&hellip;","og_url":"https:\/\/theatre-pieces-detachees.org\/?page_id=402","og_site_name":"Pi\u00e8ces d\u00e9tach\u00e9es","article_modified_time":"2019-01-11T16:02:36+00:00","og_image":[{"url":"https:\/\/theatre-pieces-detachees.org\/wp-content\/uploads\/2018\/12\/Affiche-Illusions-doptique-copier-724x1024.jpg","type":"","width":"","height":""}],"twitter_card":"summary_large_image","schema":{"@context":"https:\/\/schema.org","@graph":[{"@type":"WebPage","@id":"https:\/\/theatre-pieces-detachees.org\/?page_id=402","url":"https:\/\/theatre-pieces-detachees.org\/?page_id=402","name":"2004 - 2005 Illusions d'optique - Pi\u00e8ces d\u00e9tach\u00e9es","isPartOf":{"@id":"https:\/\/theatre-pieces-detachees.org\/#website"},"primaryImageOfPage":{"@id":"https:\/\/theatre-pieces-detachees.org\/?page_id=402#primaryimage"},"image":{"@id":"https:\/\/theatre-pieces-detachees.org\/?page_id=402#primaryimage"},"thumbnailUrl":"https:\/\/theatre-pieces-detachees.org\/wp-content\/uploads\/2018\/12\/Affiche-Illusions-doptique-copier-724x1024.jpg","datePublished":"2018-12-26T18:33:16+00:00","dateModified":"2019-01-11T16:02:36+00:00","breadcrumb":{"@id":"https:\/\/theatre-pieces-detachees.org\/?page_id=402#breadcrumb"},"inLanguage":"fr-FR","potentialAction":[{"@type":"ReadAction","target":["https:\/\/theatre-pieces-detachees.org\/?page_id=402"]}]},{"@type":"ImageObject","inLanguage":"fr-FR","@id":"https:\/\/theatre-pieces-detachees.org\/?page_id=402#primaryimage","url":"https:\/\/theatre-pieces-detachees.org\/wp-content\/uploads\/2018\/12\/Affiche-Illusions-doptique-copier.jpg","contentUrl":"https:\/\/theatre-pieces-detachees.org\/wp-content\/uploads\/2018\/12\/Affiche-Illusions-doptique-copier.jpg","width":1653,"height":2339},{"@type":"BreadcrumbList","@id":"https:\/\/theatre-pieces-detachees.org\/?page_id=402#breadcrumb","itemListElement":[{"@type":"ListItem","position":1,"name":"Accueil","item":"https:\/\/theatre-pieces-detachees.org\/"},{"@type":"ListItem","position":2,"name":"Nos repr\u00e9sentations","item":"https:\/\/theatre-pieces-detachees.org\/?page_id=127"},{"@type":"ListItem","position":3,"name":"2004 &#8211; 2005 Illusions d&#8217;optique"}]},{"@type":"WebSite","@id":"https:\/\/theatre-pieces-detachees.org\/#website","url":"https:\/\/theatre-pieces-detachees.org\/","name":"Pi\u00e8ces d\u00e9tach\u00e9es","description":"troupe de th\u00e9\u00e2tre laxovienne","potentialAction":[{"@type":"SearchAction","target":{"@type":"EntryPoint","urlTemplate":"https:\/\/theatre-pieces-detachees.org\/?s={search_term_string}"},"query-input":{"@type":"PropertyValueSpecification","valueRequired":true,"valueName":"search_term_string"}}],"inLanguage":"fr-FR"}]}},"_links":{"self":[{"href":"https:\/\/theatre-pieces-detachees.org\/index.php?rest_route=\/wp\/v2\/pages\/402","targetHints":{"allow":["GET"]}}],"collection":[{"href":"https:\/\/theatre-pieces-detachees.org\/index.php?rest_route=\/wp\/v2\/pages"}],"about":[{"href":"https:\/\/theatre-pieces-detachees.org\/index.php?rest_route=\/wp\/v2\/types\/page"}],"author":[{"embeddable":true,"href":"https:\/\/theatre-pieces-detachees.org\/index.php?rest_route=\/wp\/v2\/users\/4"}],"replies":[{"embeddable":true,"href":"https:\/\/theatre-pieces-detachees.org\/index.php?rest_route=%2Fwp%2Fv2%2Fcomments&post=402"}],"version-history":[{"count":7,"href":"https:\/\/theatre-pieces-detachees.org\/index.php?rest_route=\/wp\/v2\/pages\/402\/revisions"}],"predecessor-version":[{"id":1079,"href":"https:\/\/theatre-pieces-detachees.org\/index.php?rest_route=\/wp\/v2\/pages\/402\/revisions\/1079"}],"up":[{"embeddable":true,"href":"https:\/\/theatre-pieces-detachees.org\/index.php?rest_route=\/wp\/v2\/pages\/127"}],"wp:attachment":[{"href":"https:\/\/theatre-pieces-detachees.org\/index.php?rest_route=%2Fwp%2Fv2%2Fmedia&parent=402"}],"curies":[{"name":"wp","href":"https:\/\/api.w.org\/{rel}","templated":true}]}}