{"id":407,"date":"2018-12-26T19:36:12","date_gmt":"2018-12-26T18:36:12","guid":{"rendered":"http:\/\/theatre-pieces-detachees.org\/?page_id=407"},"modified":"2019-02-05T21:54:31","modified_gmt":"2019-02-05T20:54:31","slug":"2002-2003-bouillants-de-culture","status":"publish","type":"page","link":"https:\/\/theatre-pieces-detachees.org\/?page_id=407","title":{"rendered":"2002 &#8211; 2003 Bouillants de culture"},"content":{"rendered":"<p>[easingslider id=&#8221;515&#8243;]<\/p>\n<p style=\"text-align: center;\"><em><strong>La pi\u00e8ce Bouillants de culture <\/strong><\/em><br \/>\n<em><strong>A partir de textes d\u2019auteurs contemporains, adapt\u00e9s par Pi\u00e8ces D\u00e9tach\u00e9es, et de musiques \u00e9crites par Emile Uters pour ce spectacle, nous proposons cette ann\u00e9e d\u2019explorer de mani\u00e8re humoristique les cultures si diverses qui forment \u2026 notre culture. Cela donne une heure et demie de d\u00e9tente, un voyage de la Creuse \u00e0 Bruxelles, du Sahara \u00e0 Conforama, de Vinci \u00e0 Warhol, de la publicit\u00e9 aux explorations arch\u00e9ologiques.<\/strong><\/em><\/p>\n<p><img loading=\"lazy\" decoding=\"async\" class=\"wp-image-408 alignleft\" style=\"outline: #72777c solid 1px; height: 618px; text-align: left; color: #333333; text-transform: none; text-indent: 0px; letter-spacing: normal; font-size: 16px; font-style: normal; font-variant: normal; font-weight: 400; text-decoration: none; word-spacing: 0px; white-space: normal; max-width: 1380px; orphans: 2; -webkit-text-stroke-width: 0px; background-color: transparent;\" src=\"https:\/\/theatre-pieces-detachees.org\/wp-content\/uploads\/2018\/12\/AFFICHE-BOUILLANT.jpg\" alt=\"\" width=\"437\" height=\"741\" \/><b><\/b><i><\/i><u><\/u><strong><span style=\"text-align: left; color: #333333; text-transform: none; line-height: 24px; text-indent: 0px; letter-spacing: normal; font-size: 16px; font-style: normal; font-variant: normal; text-decoration: none; word-spacing: 0px; display: inline; white-space: normal; word-wrap: break-word; orphans: 2; float: none; -webkit-text-stroke-width: 0px; background-color: transparent;\">Bronches, ou la culture de la consommation<\/span><i><\/i><u><\/u><\/strong><strong>Texte de Jean Michel Ribes<\/strong><br \/>\n<strong>Aller en couple acheter un s\u00e8che-linge, \u00e7a para\u00eet simple\u2026et pourtant Jean et Claudine ont bien du mal \u00e0 s\u2019entendre !<\/strong><br \/>\nJean Jacky Front<br \/>\nClaudine Dani\u00e8le Bugada<\/p>\n<p><strong>Tourisme, les cultures extr\u00eames<\/strong><br \/>\n<strong>Texte de Jean Michel Ribes<\/strong><br \/>\nComment faire pour aller \u00e0 la rencontre de l\u2019aventure ? Certains se laissent charmer par les prospectus\u2026<br \/>\nMme Merlando Jocelyne Bernard<br \/>\nM. Merlando Christophe Viant<br \/>\nLa journaliste Elisabeth Laurent<\/p>\n<p><strong>Mus\u00e9e, tranches de culture<\/strong><br \/>\n<strong>Texte de Jean Michel Ribes<\/strong><br \/>\nParcourons ensemble un grand mus\u00e9e, o\u00f9 chacun exprime ce qu\u2019il ressent devant tant d\u2019\u0153uvres c\u00e9l\u00e8bres\u2026<br \/>\nAvec Chantal Andr\u00e9, Jocelyne Bernard, Vanessa Boyard, Dani\u00e8le Bugada, Anne Decaux, Anne B\u00e9n\u00e9dicte Marchal, Ga\u00ebl Kartheiser, Elisabeth Laurent, Christophe Viant, Philippe Weimann, Jacky Front, Pierre Decaux,\u2026<\/p>\n<p><strong>Dimanche, le choc des cultures<\/strong><br \/>\n<strong>Texte de Jean Michel Ribes<\/strong><br \/>\nImaginez qu\u2019un objet d\u2019une demi-tonne arrive un dimanche matin dans votre salon pour modifier votre ordinaire\u2026.<br \/>\nFr\u00e9d\u00e9ric Botron Philippe Weimann<br \/>\nSa femme Liliane Anne Decaux<br \/>\nLeur fille S\u00e9verine Ga\u00ebl Kartheiser<\/p>\n<p>&nbsp;<\/p>\n<p>&nbsp;<\/p>\n<p><strong>Bref, soyons brefs, culture pub ?<\/strong><br \/>\n<strong>Texte de Jean-Paul Al\u00e8gre<\/strong><br \/>\nAu th\u00e9\u00e2tre, il faut avoir le sens du raccourci pour aller \u00e0 l\u2019essentiel. D\u00e9couvrons une r\u00e9p\u00e9tition\u2026<br \/>\nLe metteur en sc\u00e8ne Jacky Front<br \/>\nL\u2019actrice Dani\u00e8le Bugada<br \/>\nL\u2019acteur Pierre Decaux<\/p>\n<p><strong>March\u00e9 commun, les dessous de l\u2019agri-culture europ\u00e9enne<\/strong><br \/>\n<strong>Texte de Jean Michel Ribes<\/strong><br \/>\nComment nos ministres arrivent-ils \u00e0 tenir, lors des \u00ab marathons \u00bb qui r\u00e8glent les probl\u00e8mes agricoles ?<br \/>\nLa journaliste Elisabeth Laurent<br \/>\nLes ministres Christophe Viant, Philippe Weimann, Pierre Decaux<\/p>\n<p><strong>Les explorateurs, cultures d\u2019antan<\/strong><br \/>\n<strong>Texte de Jean Paul Al\u00e8gre<\/strong><br \/>\nHeureusement que les scientifiques sont courageux et partent \u00e0 la recherche du th\u00e9\u00e2tre d\u2019il y a\u2026 tr\u00e8s longtemps<br \/>\nLes explorateurs Chantal Andr\u00e9, Jocelyne Bernard,<br \/>\nAnne B\u00e9n\u00e9dicte Marchal, Ga\u00ebl Kartheiser<\/p>\n<p><em><strong>Les musiques sont interpr\u00e9t\u00e9es par<\/strong><\/em><br \/>\n<em><strong>Francis Andr\u00e9 guitare<\/strong><\/em><br \/>\n<em><strong>Joseph Bugada, clarinette<\/strong><\/em><br \/>\n<em><strong>Jean Maurice Pinchard claviers <\/strong><\/em><br \/>\n<em><strong>Emile Uters guitare<\/strong><\/em><\/p>\n<p><em><strong>R\u00e9gie Lumi\u00e8re Jean Marie Laurent<\/strong><\/em><\/p>\n<p><em><strong>Notre mise en sc\u00e8ne :<\/strong><\/em><\/p>\n<p>Farid Haoudy, metteur en sc\u00e8ne de Pi\u00e8ces D\u00e9tach\u00e9es, a propos\u00e9 un rythme mesur\u00e9 pour encha\u00eener ces tableaux. Ainsi, les quatre musiciens jouent-ils entre chaque sc\u00e8ne un interm\u00e8de pour permettre au public de reprendre son souffle, et le plonger dans une nouvelle ambiance.<br \/>\nLa dur\u00e9e du spectacle est de 1 h \u00bd environ.<\/p>\n","protected":false},"excerpt":{"rendered":"<p>[easingslider id=&#8221;515&#8243;] La pi\u00e8ce Bouillants de culture A partir de textes d\u2019auteurs contemporains, adapt\u00e9s par Pi\u00e8ces D\u00e9tach\u00e9es, et de musiques \u00e9crites par Emile Uters pour ce spectacle, nous proposons cette ann\u00e9e d\u2019explorer de mani\u00e8re humoristique les cultures si diverses qui forment \u2026 notre culture. Cela donne une heure et demie de d\u00e9tente, un voyage de&hellip;<\/p>\n","protected":false},"author":4,"featured_media":0,"parent":127,"menu_order":0,"comment_status":"closed","ping_status":"closed","template":"","meta":{"footnotes":""},"class_list":["post-407","page","type-page","status-publish","hentry"],"yoast_head":"<!-- This site is optimized with the Yoast SEO plugin v27.5 - https:\/\/yoast.com\/product\/yoast-seo-wordpress\/ -->\n<title>2002 - 2003 Bouillants de culture - Pi\u00e8ces d\u00e9tach\u00e9es<\/title>\n<meta name=\"robots\" content=\"index, follow, max-snippet:-1, max-image-preview:large, max-video-preview:-1\" \/>\n<link rel=\"canonical\" href=\"https:\/\/theatre-pieces-detachees.org\/?page_id=407\" \/>\n<meta property=\"og:locale\" content=\"fr_FR\" \/>\n<meta property=\"og:type\" content=\"article\" \/>\n<meta property=\"og:title\" content=\"2002 - 2003 Bouillants de culture - Pi\u00e8ces d\u00e9tach\u00e9es\" \/>\n<meta property=\"og:description\" content=\"[easingslider id=&#8221;515&#8243;] La pi\u00e8ce Bouillants de culture A partir de textes d\u2019auteurs contemporains, adapt\u00e9s par Pi\u00e8ces D\u00e9tach\u00e9es, et de musiques \u00e9crites par Emile Uters pour ce spectacle, nous proposons cette ann\u00e9e d\u2019explorer de mani\u00e8re humoristique les cultures si diverses qui forment \u2026 notre culture. Cela donne une heure et demie de d\u00e9tente, un voyage de&hellip;\" \/>\n<meta property=\"og:url\" content=\"https:\/\/theatre-pieces-detachees.org\/?page_id=407\" \/>\n<meta property=\"og:site_name\" content=\"Pi\u00e8ces d\u00e9tach\u00e9es\" \/>\n<meta property=\"article:modified_time\" content=\"2019-02-05T20:54:31+00:00\" \/>\n<meta property=\"og:image\" content=\"https:\/\/theatre-pieces-detachees.org\/wp-content\/uploads\/2018\/12\/AFFICHE-BOUILLANT.jpg\" \/>\n<meta name=\"twitter:card\" content=\"summary_large_image\" \/>\n<meta name=\"twitter:label1\" content=\"Dur\u00e9e de lecture estim\u00e9e\" \/>\n\t<meta name=\"twitter:data1\" content=\"2 minutes\" \/>\n<script type=\"application\/ld+json\" class=\"yoast-schema-graph\">{\"@context\":\"https:\\\/\\\/schema.org\",\"@graph\":[{\"@type\":\"WebPage\",\"@id\":\"https:\\\/\\\/theatre-pieces-detachees.org\\\/?page_id=407\",\"url\":\"https:\\\/\\\/theatre-pieces-detachees.org\\\/?page_id=407\",\"name\":\"2002 - 2003 Bouillants de culture - Pi\u00e8ces d\u00e9tach\u00e9es\",\"isPartOf\":{\"@id\":\"https:\\\/\\\/theatre-pieces-detachees.org\\\/#website\"},\"primaryImageOfPage\":{\"@id\":\"https:\\\/\\\/theatre-pieces-detachees.org\\\/?page_id=407#primaryimage\"},\"image\":{\"@id\":\"https:\\\/\\\/theatre-pieces-detachees.org\\\/?page_id=407#primaryimage\"},\"thumbnailUrl\":\"https:\\\/\\\/theatre-pieces-detachees.org\\\/wp-content\\\/uploads\\\/2018\\\/12\\\/AFFICHE-BOUILLANT.jpg\",\"datePublished\":\"2018-12-26T18:36:12+00:00\",\"dateModified\":\"2019-02-05T20:54:31+00:00\",\"breadcrumb\":{\"@id\":\"https:\\\/\\\/theatre-pieces-detachees.org\\\/?page_id=407#breadcrumb\"},\"inLanguage\":\"fr-FR\",\"potentialAction\":[{\"@type\":\"ReadAction\",\"target\":[\"https:\\\/\\\/theatre-pieces-detachees.org\\\/?page_id=407\"]}]},{\"@type\":\"ImageObject\",\"inLanguage\":\"fr-FR\",\"@id\":\"https:\\\/\\\/theatre-pieces-detachees.org\\\/?page_id=407#primaryimage\",\"url\":\"https:\\\/\\\/theatre-pieces-detachees.org\\\/wp-content\\\/uploads\\\/2018\\\/12\\\/AFFICHE-BOUILLANT.jpg\",\"contentUrl\":\"https:\\\/\\\/theatre-pieces-detachees.org\\\/wp-content\\\/uploads\\\/2018\\\/12\\\/AFFICHE-BOUILLANT.jpg\",\"width\":660,\"height\":933},{\"@type\":\"BreadcrumbList\",\"@id\":\"https:\\\/\\\/theatre-pieces-detachees.org\\\/?page_id=407#breadcrumb\",\"itemListElement\":[{\"@type\":\"ListItem\",\"position\":1,\"name\":\"Accueil\",\"item\":\"https:\\\/\\\/theatre-pieces-detachees.org\\\/\"},{\"@type\":\"ListItem\",\"position\":2,\"name\":\"Nos repr\u00e9sentations\",\"item\":\"https:\\\/\\\/theatre-pieces-detachees.org\\\/?page_id=127\"},{\"@type\":\"ListItem\",\"position\":3,\"name\":\"2002 &#8211; 2003 Bouillants de culture\"}]},{\"@type\":\"WebSite\",\"@id\":\"https:\\\/\\\/theatre-pieces-detachees.org\\\/#website\",\"url\":\"https:\\\/\\\/theatre-pieces-detachees.org\\\/\",\"name\":\"Pi\u00e8ces d\u00e9tach\u00e9es\",\"description\":\"troupe de th\u00e9\u00e2tre laxovienne\",\"potentialAction\":[{\"@type\":\"SearchAction\",\"target\":{\"@type\":\"EntryPoint\",\"urlTemplate\":\"https:\\\/\\\/theatre-pieces-detachees.org\\\/?s={search_term_string}\"},\"query-input\":{\"@type\":\"PropertyValueSpecification\",\"valueRequired\":true,\"valueName\":\"search_term_string\"}}],\"inLanguage\":\"fr-FR\"}]}<\/script>\n<!-- \/ Yoast SEO plugin. -->","yoast_head_json":{"title":"2002 - 2003 Bouillants de culture - Pi\u00e8ces d\u00e9tach\u00e9es","robots":{"index":"index","follow":"follow","max-snippet":"max-snippet:-1","max-image-preview":"max-image-preview:large","max-video-preview":"max-video-preview:-1"},"canonical":"https:\/\/theatre-pieces-detachees.org\/?page_id=407","og_locale":"fr_FR","og_type":"article","og_title":"2002 - 2003 Bouillants de culture - Pi\u00e8ces d\u00e9tach\u00e9es","og_description":"[easingslider id=&#8221;515&#8243;] La pi\u00e8ce Bouillants de culture A partir de textes d\u2019auteurs contemporains, adapt\u00e9s par Pi\u00e8ces D\u00e9tach\u00e9es, et de musiques \u00e9crites par Emile Uters pour ce spectacle, nous proposons cette ann\u00e9e d\u2019explorer de mani\u00e8re humoristique les cultures si diverses qui forment \u2026 notre culture. Cela donne une heure et demie de d\u00e9tente, un voyage de&hellip;","og_url":"https:\/\/theatre-pieces-detachees.org\/?page_id=407","og_site_name":"Pi\u00e8ces d\u00e9tach\u00e9es","article_modified_time":"2019-02-05T20:54:31+00:00","og_image":[{"url":"https:\/\/theatre-pieces-detachees.org\/wp-content\/uploads\/2018\/12\/AFFICHE-BOUILLANT.jpg","type":"","width":"","height":""}],"twitter_card":"summary_large_image","twitter_misc":{"Dur\u00e9e de lecture estim\u00e9e":"2 minutes"},"schema":{"@context":"https:\/\/schema.org","@graph":[{"@type":"WebPage","@id":"https:\/\/theatre-pieces-detachees.org\/?page_id=407","url":"https:\/\/theatre-pieces-detachees.org\/?page_id=407","name":"2002 - 2003 Bouillants de culture - Pi\u00e8ces d\u00e9tach\u00e9es","isPartOf":{"@id":"https:\/\/theatre-pieces-detachees.org\/#website"},"primaryImageOfPage":{"@id":"https:\/\/theatre-pieces-detachees.org\/?page_id=407#primaryimage"},"image":{"@id":"https:\/\/theatre-pieces-detachees.org\/?page_id=407#primaryimage"},"thumbnailUrl":"https:\/\/theatre-pieces-detachees.org\/wp-content\/uploads\/2018\/12\/AFFICHE-BOUILLANT.jpg","datePublished":"2018-12-26T18:36:12+00:00","dateModified":"2019-02-05T20:54:31+00:00","breadcrumb":{"@id":"https:\/\/theatre-pieces-detachees.org\/?page_id=407#breadcrumb"},"inLanguage":"fr-FR","potentialAction":[{"@type":"ReadAction","target":["https:\/\/theatre-pieces-detachees.org\/?page_id=407"]}]},{"@type":"ImageObject","inLanguage":"fr-FR","@id":"https:\/\/theatre-pieces-detachees.org\/?page_id=407#primaryimage","url":"https:\/\/theatre-pieces-detachees.org\/wp-content\/uploads\/2018\/12\/AFFICHE-BOUILLANT.jpg","contentUrl":"https:\/\/theatre-pieces-detachees.org\/wp-content\/uploads\/2018\/12\/AFFICHE-BOUILLANT.jpg","width":660,"height":933},{"@type":"BreadcrumbList","@id":"https:\/\/theatre-pieces-detachees.org\/?page_id=407#breadcrumb","itemListElement":[{"@type":"ListItem","position":1,"name":"Accueil","item":"https:\/\/theatre-pieces-detachees.org\/"},{"@type":"ListItem","position":2,"name":"Nos repr\u00e9sentations","item":"https:\/\/theatre-pieces-detachees.org\/?page_id=127"},{"@type":"ListItem","position":3,"name":"2002 &#8211; 2003 Bouillants de culture"}]},{"@type":"WebSite","@id":"https:\/\/theatre-pieces-detachees.org\/#website","url":"https:\/\/theatre-pieces-detachees.org\/","name":"Pi\u00e8ces d\u00e9tach\u00e9es","description":"troupe de th\u00e9\u00e2tre laxovienne","potentialAction":[{"@type":"SearchAction","target":{"@type":"EntryPoint","urlTemplate":"https:\/\/theatre-pieces-detachees.org\/?s={search_term_string}"},"query-input":{"@type":"PropertyValueSpecification","valueRequired":true,"valueName":"search_term_string"}}],"inLanguage":"fr-FR"}]}},"_links":{"self":[{"href":"https:\/\/theatre-pieces-detachees.org\/index.php?rest_route=\/wp\/v2\/pages\/407","targetHints":{"allow":["GET"]}}],"collection":[{"href":"https:\/\/theatre-pieces-detachees.org\/index.php?rest_route=\/wp\/v2\/pages"}],"about":[{"href":"https:\/\/theatre-pieces-detachees.org\/index.php?rest_route=\/wp\/v2\/types\/page"}],"author":[{"embeddable":true,"href":"https:\/\/theatre-pieces-detachees.org\/index.php?rest_route=\/wp\/v2\/users\/4"}],"replies":[{"embeddable":true,"href":"https:\/\/theatre-pieces-detachees.org\/index.php?rest_route=%2Fwp%2Fv2%2Fcomments&post=407"}],"version-history":[{"count":9,"href":"https:\/\/theatre-pieces-detachees.org\/index.php?rest_route=\/wp\/v2\/pages\/407\/revisions"}],"predecessor-version":[{"id":1246,"href":"https:\/\/theatre-pieces-detachees.org\/index.php?rest_route=\/wp\/v2\/pages\/407\/revisions\/1246"}],"up":[{"embeddable":true,"href":"https:\/\/theatre-pieces-detachees.org\/index.php?rest_route=\/wp\/v2\/pages\/127"}],"wp:attachment":[{"href":"https:\/\/theatre-pieces-detachees.org\/index.php?rest_route=%2Fwp%2Fv2%2Fmedia&parent=407"}],"curies":[{"name":"wp","href":"https:\/\/api.w.org\/{rel}","templated":true}]}}