{"id":411,"date":"2018-12-26T19:37:21","date_gmt":"2018-12-26T18:37:21","guid":{"rendered":"http:\/\/theatre-pieces-detachees.org\/?page_id=411"},"modified":"2019-02-05T21:54:04","modified_gmt":"2019-02-05T20:54:04","slug":"2001-2002-lhomme-carton","status":"publish","type":"page","link":"https:\/\/theatre-pieces-detachees.org\/?page_id=411","title":{"rendered":"2001 &#8211; 2002 L&#8217;homme carton"},"content":{"rendered":"<p style=\"text-align: center;\">[easingslider id=&#8221;531&#8243;]<\/p>\n<p style=\"text-align: center;\"><strong>Pi\u00e8ce en un acte de Beno\u00eet FOURCHARD &#8211; 1994<\/strong><\/p>\n<p style=\"text-align: center;\"><em>La Pi\u00e8ce : Emile a toujours aim\u00e9 les poissons. Mais un bateau va changer le cours de sa vie. Il va s\u2019en sortir la t\u00eate haute, et r\u00e9apprendre \u00e0 vivre diff\u00e9remment.<\/em><\/p>\n<p style=\"text-align: center;\"><em> Mais les gens sont bizarres autour de lui\u2026<\/em><\/p>\n<p>Les sept tableaux : <img loading=\"lazy\" decoding=\"async\" class=\"wp-image-412 alignright\" style=\"margin: 8px 0px 8px 16px; outline: #72777c solid 1px; height: 585px; text-align: left; color: #333333; text-transform: none; text-indent: 0px; letter-spacing: normal; font-size: 16px; font-style: normal; font-variant: normal; font-weight: 400; text-decoration: none; word-spacing: 0px; white-space: normal; max-width: 1380px; orphans: 2; float: right; -webkit-text-stroke-width: 0px; background-color: transparent;\" src=\"https:\/\/theatre-pieces-detachees.org\/wp-content\/uploads\/2018\/12\/Lhomme-carton-723x1024.jpg\" alt=\"\" width=\"413\" height=\"732\" \/><br \/>\n1. l\u2019accident : une famille au bord de la mer, et le fiston se fait happer par un bateau. R\u00e9sultat, il ne reste plus que la t\u00eate !<br \/>\n2. la greffe : le corps m\u00e9dical est pr\u00eat \u00e0 tout. Puisqu\u2019on ne trouve pas de donneur de corps, la t\u00eate va \u00eatre greff\u00e9e\u2026 sur un carton d\u2019emballage<br \/>\n3. la r\u00e9insertion : les assistantes sociales se penchent sur le cas d\u2019Emile, et vont trouver une solution : il existe une entreprise qui accepte des \u00ab gens comme-\u00e7a \u00bb, c\u2019est l\u2019entreprise Martineau.<br \/>\n4. la bo\u00eete aux lettres : en effet, Mr Martineau est un patron aux id\u00e9es larges, et confie tout de suite \u00e0 Emile une fonction \u00ab \u00e0 la hauteur de ses comp\u00e9tences \u00bb\u2026<br \/>\n5. l\u2019accueil : \u2026puis une autre fonction o\u00f9 Emile devrait rencontrer moins d\u2019hostilit\u00e9, mais o\u00f9 il va c\u00f4toyer toutes sortes de gens un peu bizarres.<br \/>\n6. la rue : Martineau ne pouvant le garder, Emile se retrouve \u00e0 la rue. Les dames au grand c\u0153ur en sont \u00e9mues, les clochards envient son carton, et la pluie menace\u2026<br \/>\n7. le ph\u00e9nom\u00e8ne : Emile a \u00e9t\u00e9 r\u00e9cup\u00e9r\u00e9 par un montreur de monstres, et les visiteurs se bousculent pour le voir. On retrouve quelques \u00ab t\u00eates \u00bb connues\u2026<br \/>\nEpilogue : Et si toute cette farce n\u2019avait \u00e9t\u00e9 qu\u2019un mauvais r\u00eave ? Le public sort avec soulagement de ce cauchemar, qui n\u2019\u00e9tait qu\u2019un pr\u00e9texte pour nous interroger sur notre vision des gens un peu diff\u00e9rents.<\/p>\n<p><strong><em>Notre mise en sc\u00e8ne :<\/em><\/strong><\/p>\n<p>Farid Haoudy, metteur en sc\u00e8ne de Pi\u00e8ces D\u00e9tach\u00e9es, a propos\u00e9 un rythme mesur\u00e9 pour encha\u00eener ces tableaux. Ainsi, les quatre musiciens jouent-ils un interm\u00e8de pour permettre au public de reprendre son souffle.<br \/>\nOnze acteurs se r\u00e9partissent les 25 personnages de la pi\u00e8ce.<br \/>\nLa dur\u00e9e du spectacle est de 1 h \u00bc environ.<\/p>\n","protected":false},"excerpt":{"rendered":"<p>[easingslider id=&#8221;531&#8243;] Pi\u00e8ce en un acte de Beno\u00eet FOURCHARD &#8211; 1994 La Pi\u00e8ce : Emile a toujours aim\u00e9 les poissons. Mais un bateau va changer le cours de sa vie. Il va s\u2019en sortir la t\u00eate haute, et r\u00e9apprendre \u00e0 vivre diff\u00e9remment. Mais les gens sont bizarres autour de lui\u2026 Les sept tableaux : 1.&hellip;<\/p>\n","protected":false},"author":4,"featured_media":0,"parent":127,"menu_order":0,"comment_status":"closed","ping_status":"closed","template":"","meta":{"footnotes":""},"class_list":["post-411","page","type-page","status-publish","hentry"],"yoast_head":"<!-- This site is optimized with the Yoast SEO plugin v27.5 - https:\/\/yoast.com\/product\/yoast-seo-wordpress\/ -->\n<title>2001 - 2002 L&#039;homme carton - Pi\u00e8ces d\u00e9tach\u00e9es<\/title>\n<meta name=\"robots\" content=\"index, follow, max-snippet:-1, max-image-preview:large, max-video-preview:-1\" \/>\n<link rel=\"canonical\" href=\"https:\/\/theatre-pieces-detachees.org\/?page_id=411\" \/>\n<meta property=\"og:locale\" content=\"fr_FR\" \/>\n<meta property=\"og:type\" content=\"article\" \/>\n<meta property=\"og:title\" content=\"2001 - 2002 L&#039;homme carton - Pi\u00e8ces d\u00e9tach\u00e9es\" \/>\n<meta property=\"og:description\" content=\"[easingslider id=&#8221;531&#8243;] Pi\u00e8ce en un acte de Beno\u00eet FOURCHARD &#8211; 1994 La Pi\u00e8ce : Emile a toujours aim\u00e9 les poissons. Mais un bateau va changer le cours de sa vie. Il va s\u2019en sortir la t\u00eate haute, et r\u00e9apprendre \u00e0 vivre diff\u00e9remment. Mais les gens sont bizarres autour de lui\u2026 Les sept tableaux : 1.&hellip;\" \/>\n<meta property=\"og:url\" content=\"https:\/\/theatre-pieces-detachees.org\/?page_id=411\" \/>\n<meta property=\"og:site_name\" content=\"Pi\u00e8ces d\u00e9tach\u00e9es\" \/>\n<meta property=\"article:modified_time\" content=\"2019-02-05T20:54:04+00:00\" \/>\n<meta property=\"og:image\" content=\"https:\/\/theatre-pieces-detachees.org\/wp-content\/uploads\/2018\/12\/Lhomme-carton-723x1024.jpg\" \/>\n<meta name=\"twitter:card\" content=\"summary_large_image\" \/>\n<meta name=\"twitter:label1\" content=\"Dur\u00e9e de lecture estim\u00e9e\" \/>\n\t<meta name=\"twitter:data1\" content=\"2 minutes\" \/>\n<script type=\"application\/ld+json\" class=\"yoast-schema-graph\">{\"@context\":\"https:\\\/\\\/schema.org\",\"@graph\":[{\"@type\":\"WebPage\",\"@id\":\"https:\\\/\\\/theatre-pieces-detachees.org\\\/?page_id=411\",\"url\":\"https:\\\/\\\/theatre-pieces-detachees.org\\\/?page_id=411\",\"name\":\"2001 - 2002 L'homme carton - Pi\u00e8ces d\u00e9tach\u00e9es\",\"isPartOf\":{\"@id\":\"https:\\\/\\\/theatre-pieces-detachees.org\\\/#website\"},\"primaryImageOfPage\":{\"@id\":\"https:\\\/\\\/theatre-pieces-detachees.org\\\/?page_id=411#primaryimage\"},\"image\":{\"@id\":\"https:\\\/\\\/theatre-pieces-detachees.org\\\/?page_id=411#primaryimage\"},\"thumbnailUrl\":\"https:\\\/\\\/theatre-pieces-detachees.org\\\/wp-content\\\/uploads\\\/2018\\\/12\\\/Lhomme-carton-723x1024.jpg\",\"datePublished\":\"2018-12-26T18:37:21+00:00\",\"dateModified\":\"2019-02-05T20:54:04+00:00\",\"breadcrumb\":{\"@id\":\"https:\\\/\\\/theatre-pieces-detachees.org\\\/?page_id=411#breadcrumb\"},\"inLanguage\":\"fr-FR\",\"potentialAction\":[{\"@type\":\"ReadAction\",\"target\":[\"https:\\\/\\\/theatre-pieces-detachees.org\\\/?page_id=411\"]}]},{\"@type\":\"ImageObject\",\"inLanguage\":\"fr-FR\",\"@id\":\"https:\\\/\\\/theatre-pieces-detachees.org\\\/?page_id=411#primaryimage\",\"url\":\"https:\\\/\\\/theatre-pieces-detachees.org\\\/wp-content\\\/uploads\\\/2018\\\/12\\\/Lhomme-carton.jpg\",\"contentUrl\":\"https:\\\/\\\/theatre-pieces-detachees.org\\\/wp-content\\\/uploads\\\/2018\\\/12\\\/Lhomme-carton.jpg\",\"width\":1654,\"height\":2341},{\"@type\":\"BreadcrumbList\",\"@id\":\"https:\\\/\\\/theatre-pieces-detachees.org\\\/?page_id=411#breadcrumb\",\"itemListElement\":[{\"@type\":\"ListItem\",\"position\":1,\"name\":\"Accueil\",\"item\":\"https:\\\/\\\/theatre-pieces-detachees.org\\\/\"},{\"@type\":\"ListItem\",\"position\":2,\"name\":\"Nos repr\u00e9sentations\",\"item\":\"https:\\\/\\\/theatre-pieces-detachees.org\\\/?page_id=127\"},{\"@type\":\"ListItem\",\"position\":3,\"name\":\"2001 &#8211; 2002 L&#8217;homme carton\"}]},{\"@type\":\"WebSite\",\"@id\":\"https:\\\/\\\/theatre-pieces-detachees.org\\\/#website\",\"url\":\"https:\\\/\\\/theatre-pieces-detachees.org\\\/\",\"name\":\"Pi\u00e8ces d\u00e9tach\u00e9es\",\"description\":\"troupe de th\u00e9\u00e2tre laxovienne\",\"potentialAction\":[{\"@type\":\"SearchAction\",\"target\":{\"@type\":\"EntryPoint\",\"urlTemplate\":\"https:\\\/\\\/theatre-pieces-detachees.org\\\/?s={search_term_string}\"},\"query-input\":{\"@type\":\"PropertyValueSpecification\",\"valueRequired\":true,\"valueName\":\"search_term_string\"}}],\"inLanguage\":\"fr-FR\"}]}<\/script>\n<!-- \/ Yoast SEO plugin. -->","yoast_head_json":{"title":"2001 - 2002 L'homme carton - Pi\u00e8ces d\u00e9tach\u00e9es","robots":{"index":"index","follow":"follow","max-snippet":"max-snippet:-1","max-image-preview":"max-image-preview:large","max-video-preview":"max-video-preview:-1"},"canonical":"https:\/\/theatre-pieces-detachees.org\/?page_id=411","og_locale":"fr_FR","og_type":"article","og_title":"2001 - 2002 L'homme carton - Pi\u00e8ces d\u00e9tach\u00e9es","og_description":"[easingslider id=&#8221;531&#8243;] Pi\u00e8ce en un acte de Beno\u00eet FOURCHARD &#8211; 1994 La Pi\u00e8ce : Emile a toujours aim\u00e9 les poissons. Mais un bateau va changer le cours de sa vie. Il va s\u2019en sortir la t\u00eate haute, et r\u00e9apprendre \u00e0 vivre diff\u00e9remment. Mais les gens sont bizarres autour de lui\u2026 Les sept tableaux : 1.&hellip;","og_url":"https:\/\/theatre-pieces-detachees.org\/?page_id=411","og_site_name":"Pi\u00e8ces d\u00e9tach\u00e9es","article_modified_time":"2019-02-05T20:54:04+00:00","og_image":[{"url":"https:\/\/theatre-pieces-detachees.org\/wp-content\/uploads\/2018\/12\/Lhomme-carton-723x1024.jpg","type":"","width":"","height":""}],"twitter_card":"summary_large_image","twitter_misc":{"Dur\u00e9e de lecture estim\u00e9e":"2 minutes"},"schema":{"@context":"https:\/\/schema.org","@graph":[{"@type":"WebPage","@id":"https:\/\/theatre-pieces-detachees.org\/?page_id=411","url":"https:\/\/theatre-pieces-detachees.org\/?page_id=411","name":"2001 - 2002 L'homme carton - Pi\u00e8ces d\u00e9tach\u00e9es","isPartOf":{"@id":"https:\/\/theatre-pieces-detachees.org\/#website"},"primaryImageOfPage":{"@id":"https:\/\/theatre-pieces-detachees.org\/?page_id=411#primaryimage"},"image":{"@id":"https:\/\/theatre-pieces-detachees.org\/?page_id=411#primaryimage"},"thumbnailUrl":"https:\/\/theatre-pieces-detachees.org\/wp-content\/uploads\/2018\/12\/Lhomme-carton-723x1024.jpg","datePublished":"2018-12-26T18:37:21+00:00","dateModified":"2019-02-05T20:54:04+00:00","breadcrumb":{"@id":"https:\/\/theatre-pieces-detachees.org\/?page_id=411#breadcrumb"},"inLanguage":"fr-FR","potentialAction":[{"@type":"ReadAction","target":["https:\/\/theatre-pieces-detachees.org\/?page_id=411"]}]},{"@type":"ImageObject","inLanguage":"fr-FR","@id":"https:\/\/theatre-pieces-detachees.org\/?page_id=411#primaryimage","url":"https:\/\/theatre-pieces-detachees.org\/wp-content\/uploads\/2018\/12\/Lhomme-carton.jpg","contentUrl":"https:\/\/theatre-pieces-detachees.org\/wp-content\/uploads\/2018\/12\/Lhomme-carton.jpg","width":1654,"height":2341},{"@type":"BreadcrumbList","@id":"https:\/\/theatre-pieces-detachees.org\/?page_id=411#breadcrumb","itemListElement":[{"@type":"ListItem","position":1,"name":"Accueil","item":"https:\/\/theatre-pieces-detachees.org\/"},{"@type":"ListItem","position":2,"name":"Nos repr\u00e9sentations","item":"https:\/\/theatre-pieces-detachees.org\/?page_id=127"},{"@type":"ListItem","position":3,"name":"2001 &#8211; 2002 L&#8217;homme carton"}]},{"@type":"WebSite","@id":"https:\/\/theatre-pieces-detachees.org\/#website","url":"https:\/\/theatre-pieces-detachees.org\/","name":"Pi\u00e8ces d\u00e9tach\u00e9es","description":"troupe de th\u00e9\u00e2tre laxovienne","potentialAction":[{"@type":"SearchAction","target":{"@type":"EntryPoint","urlTemplate":"https:\/\/theatre-pieces-detachees.org\/?s={search_term_string}"},"query-input":{"@type":"PropertyValueSpecification","valueRequired":true,"valueName":"search_term_string"}}],"inLanguage":"fr-FR"}]}},"_links":{"self":[{"href":"https:\/\/theatre-pieces-detachees.org\/index.php?rest_route=\/wp\/v2\/pages\/411","targetHints":{"allow":["GET"]}}],"collection":[{"href":"https:\/\/theatre-pieces-detachees.org\/index.php?rest_route=\/wp\/v2\/pages"}],"about":[{"href":"https:\/\/theatre-pieces-detachees.org\/index.php?rest_route=\/wp\/v2\/types\/page"}],"author":[{"embeddable":true,"href":"https:\/\/theatre-pieces-detachees.org\/index.php?rest_route=\/wp\/v2\/users\/4"}],"replies":[{"embeddable":true,"href":"https:\/\/theatre-pieces-detachees.org\/index.php?rest_route=%2Fwp%2Fv2%2Fcomments&post=411"}],"version-history":[{"count":7,"href":"https:\/\/theatre-pieces-detachees.org\/index.php?rest_route=\/wp\/v2\/pages\/411\/revisions"}],"predecessor-version":[{"id":1245,"href":"https:\/\/theatre-pieces-detachees.org\/index.php?rest_route=\/wp\/v2\/pages\/411\/revisions\/1245"}],"up":[{"embeddable":true,"href":"https:\/\/theatre-pieces-detachees.org\/index.php?rest_route=\/wp\/v2\/pages\/127"}],"wp:attachment":[{"href":"https:\/\/theatre-pieces-detachees.org\/index.php?rest_route=%2Fwp%2Fv2%2Fmedia&parent=411"}],"curies":[{"name":"wp","href":"https:\/\/api.w.org\/{rel}","templated":true}]}}