{"id":47,"date":"2018-12-01T14:36:55","date_gmt":"2018-12-01T13:36:55","guid":{"rendered":"http:\/\/piecedet.fr\/?page_id=47"},"modified":"2019-03-05T13:54:21","modified_gmt":"2019-03-05T12:54:21","slug":"jeudi-de-pergaud","status":"publish","type":"page","link":"https:\/\/theatre-pieces-detachees.org\/","title":{"rendered":"Accueil"},"content":{"rendered":"<p>&nbsp;<\/p>\r\n<p><span style=\"font-family: comic sans ms,sans-serif;\"><\/span><\/p>\r\n<h2 class=\"wp-block-heading\" style=\"text-align: center;\"><span style=\"font-family: comic sans ms,sans-serif;\">Bonjour et bienvenue sur le site de la troupe de th\u00e9\u00e2tre laxovienne<\/span><\/h2>\r\n<h1 style=\"text-align: center;\"><span style=\"color: #993300; font-family: comic sans ms,sans-serif;\"><strong>Pi\u00e8ces D\u00e9tach\u00e9es<\/strong><\/span><i style=\"background-color: transparent; color: #333333; font-family: Georgia,&amp;quot; times new roman&amp;quot;,&amp;quot;bitstream charter&amp;quot;,times,serif; font-size: 18.73px; font-style: italic; font-variant: normal; font-weight: bold; letter-spacing: normal; line-height: 28.09px; max-width: none; min-height: 0px; orphans: 2; overflow: visible; text-align: left; text-decoration: none; text-indent: 0px; text-transform: none; -webkit-text-stroke-width: 0px; white-space: normal; word-spacing: 0px; word-wrap: break-word; padding: 0px; margin: 0px;\"><\/i><u style=\"background-color: transparent; color: #333333; font-family: Georgia,&amp;quot; times new roman&amp;quot;,&amp;quot;bitstream charter&amp;quot;,times,serif; font-size: 18.73px; font-style: normal; font-variant: normal; font-weight: bold; letter-spacing: normal; line-height: 28.09px; max-width: none; min-height: 0px; orphans: 2; overflow: visible; text-align: left; text-decoration: underline; text-indent: 0px; text-transform: none; -webkit-text-stroke-width: 0px; white-space: normal; word-spacing: 0px; word-wrap: break-word; padding: 0px; margin: 0px;\"><\/u><b><\/b><i><\/i><u><\/u><\/h1>\r\n<p style=\"text-align: center;\"><span style=\"color: #ff0000; font-family: comic sans ms,sans-serif; font-size: 24pt;\"><strong>Avis : nous recherchons des jeunes actrices ou acteurs pour \u00e9toffer la troupe !<\/strong><\/span><\/p>\r\n<p style=\"text-align: center;\"><span style=\"color: #ff0000; font-family: comic sans ms,sans-serif; font-size: 24pt;\">(Contactez-nous\u00a0 en indiquant vos coordonn\u00e9s en bas \u00e0 droite)<\/span><\/p>\r\n<p>&nbsp;<\/p>\r\n<h2 style=\"text-align: center;\"><span style=\"font-family: comic sans ms,sans-serif;\"><strong>La Metteuse en sc\u00e8ne<\/strong><\/span><\/h2>\r\n<h3 style=\"text-align: center;\"><span style=\"font-family: comic sans ms,sans-serif;\">Anne<\/span><\/h3>\r\n<p style=\"text-align: center;\"><img loading=\"lazy\" decoding=\"async\" class=\"size-large wp-image-1300 alignnone\" src=\"https:\/\/theatre-pieces-detachees.org\/wp-content\/uploads\/2019\/02\/des-mots-photo-madeleine-decaux-1024x1024.jpg\" alt=\"\" width=\"300\" height=\"300\" srcset=\"https:\/\/theatre-pieces-detachees.org\/wp-content\/uploads\/2019\/02\/des-mots-photo-madeleine-decaux-1024x1024.jpg 1024w, https:\/\/theatre-pieces-detachees.org\/wp-content\/uploads\/2019\/02\/des-mots-photo-madeleine-decaux-150x150.jpg 150w, https:\/\/theatre-pieces-detachees.org\/wp-content\/uploads\/2019\/02\/des-mots-photo-madeleine-decaux-300x300.jpg 300w, https:\/\/theatre-pieces-detachees.org\/wp-content\/uploads\/2019\/02\/des-mots-photo-madeleine-decaux.jpg 2006w\" sizes=\"auto, (max-width: 300px) 100vw, 300px\" \/><\/p>\r\n<h2 style=\"text-align: center;\">\u00a0<\/h2>\r\n<h2 style=\"text-align: center;\"><span style=\"font-family: comic sans ms,sans-serif;\"><strong>les Com\u00e9diennes<\/strong><\/span><\/h2>\r\n<h3 style=\"text-align: center;\"><span style=\"font-family: comic sans ms,sans-serif;\">Danielle \u00a0 \u00a0 \u00a0 \u00a0 \u00a0 \u00a0 \u00a0 \u00a0 Elisabeth\u00a0\u00a0\u00a0 \u00a0 \u00a0 \u00a0 \u00a0\u00a0 \u00a0 \u00a0\u00a0\u00a0\u00a0 Jocelyne \u00a0 \u00a0 \u00a0\u00a0 \u00a0\u00a0 \u00a0 \u00a0 \u00a0 Muriel\u00a0 \u00a0<\/span><\/h3>\r\n<p style=\"text-align: center;\"><img loading=\"lazy\" decoding=\"async\" class=\"alignnone size-medium wp-image-788\" src=\"https:\/\/theatre-pieces-detachees.org\/wp-content\/uploads\/T\u00eates_com\u00e9diens\/IMG_7329-300x200.jpg\" alt=\"\" width=\"160\" height=\"107\" srcset=\"https:\/\/theatre-pieces-detachees.org\/wp-content\/uploads\/T\u00eates_com\u00e9diens\/IMG_7329-300x200.jpg 300w, https:\/\/theatre-pieces-detachees.org\/wp-content\/uploads\/T\u00eates_com\u00e9diens\/IMG_7329-150x100.jpg 150w, https:\/\/theatre-pieces-detachees.org\/wp-content\/uploads\/T\u00eates_com\u00e9diens\/IMG_7329-1024x683.jpg 1024w\" sizes=\"auto, (max-width: 160px) 100vw, 160px\" \/>\u00a0\u00a0\u00a0\u00a0\u00a0<img loading=\"lazy\" decoding=\"async\" class=\"size-large wp-image-1302 alignnone\" src=\"https:\/\/theatre-pieces-detachees.org\/wp-content\/uploads\/2019\/02\/IMG_7326-1024x683.jpg\" alt=\"\" width=\"160\" height=\"107\" srcset=\"https:\/\/theatre-pieces-detachees.org\/wp-content\/uploads\/2019\/02\/IMG_7326-1024x683.jpg 1024w, https:\/\/theatre-pieces-detachees.org\/wp-content\/uploads\/2019\/02\/IMG_7326-150x100.jpg 150w, https:\/\/theatre-pieces-detachees.org\/wp-content\/uploads\/2019\/02\/IMG_7326-300x200.jpg 300w\" sizes=\"auto, (max-width: 160px) 100vw, 160px\" \/>\u00a0\u00a0\u00a0\u00a0\u00a0<img loading=\"lazy\" decoding=\"async\" class=\"size-large wp-image-1301 alignnone\" src=\"https:\/\/theatre-pieces-detachees.org\/wp-content\/uploads\/2019\/02\/IMG_7315-1024x683.jpg\" alt=\"\" width=\"160\" height=\"107\" srcset=\"https:\/\/theatre-pieces-detachees.org\/wp-content\/uploads\/2019\/02\/IMG_7315-1024x683.jpg 1024w, https:\/\/theatre-pieces-detachees.org\/wp-content\/uploads\/2019\/02\/IMG_7315-150x100.jpg 150w, https:\/\/theatre-pieces-detachees.org\/wp-content\/uploads\/2019\/02\/IMG_7315-300x200.jpg 300w\" sizes=\"auto, (max-width: 160px) 100vw, 160px\" \/>\u00a0\u00a0\u00a0\u00a0 <img loading=\"lazy\" decoding=\"async\" class=\"size-large wp-image-1284 alignnone\" src=\"https:\/\/theatre-pieces-detachees.org\/wp-content\/uploads\/T\u00eates_com\u00e9diens\/IMG_7289-1024x683.jpg\" alt=\"\" width=\"160\" height=\"107\" srcset=\"https:\/\/theatre-pieces-detachees.org\/wp-content\/uploads\/T\u00eates_com\u00e9diens\/IMG_7289-1024x683.jpg 1024w, https:\/\/theatre-pieces-detachees.org\/wp-content\/uploads\/T\u00eates_com\u00e9diens\/IMG_7289-150x100.jpg 150w, https:\/\/theatre-pieces-detachees.org\/wp-content\/uploads\/T\u00eates_com\u00e9diens\/IMG_7289-300x200.jpg 300w\" sizes=\"auto, (max-width: 160px) 100vw, 160px\" \/><\/p>\r\n<h3 style=\"text-align: center;\">\u00a0<\/h3>\r\n<h2 style=\"text-align: center;\"><span style=\"font-family: comic sans ms,sans-serif;\"><strong>Les Com\u00e9diens <\/strong><\/span><\/h2>\r\n<h3 style=\"text-align: center;\"><span style=\"font-family: comic sans ms,sans-serif;\">Christophe\u00a0\u00a0\u00a0 \u00a0\u00a0\u00a0 \u00a0\u00a0 \u00a0\u00a0 \u00a0\u00a0 Jacky \u00a0 \u00a0 \u00a0 \u00a0 \u00a0\u00a0 \u00a0 \u00a0\u00a0 \u00a0 \u00a0 \u00a0 \u00a0 Olivier \u00a0 \u00a0 \u00a0 \u00a0 \u00a0 \u00a0 \u00a0\u00a0 \u00a0 \u00a0 Gilles\u00a0\u00a0\u00a0\u00a0\u00a0<\/span>\u00a0\u00a0\u00a0\u00a0<\/h3>\r\n<p style=\"text-align: center;\"><img loading=\"lazy\" decoding=\"async\" class=\"alignnone  wp-image-787\" src=\"https:\/\/theatre-pieces-detachees.org\/wp-content\/uploads\/T\u00eates_com\u00e9diens\/IMG_7299-300x200.jpg\" alt=\"\" width=\"160\" height=\"107\" srcset=\"https:\/\/theatre-pieces-detachees.org\/wp-content\/uploads\/T\u00eates_com\u00e9diens\/IMG_7299-300x200.jpg 300w, https:\/\/theatre-pieces-detachees.org\/wp-content\/uploads\/T\u00eates_com\u00e9diens\/IMG_7299-150x100.jpg 150w, https:\/\/theatre-pieces-detachees.org\/wp-content\/uploads\/T\u00eates_com\u00e9diens\/IMG_7299-1024x683.jpg 1024w\" sizes=\"auto, (max-width: 160px) 100vw, 160px\" \/>\u00a0\u00a0 \u00a0 <img loading=\"lazy\" decoding=\"async\" class=\"alignnone  wp-image-785\" src=\"https:\/\/theatre-pieces-detachees.org\/wp-content\/uploads\/T\u00eates_com\u00e9diens\/IMG_7330-300x200.jpg\" alt=\"\" width=\"160\" height=\"107\" srcset=\"https:\/\/theatre-pieces-detachees.org\/wp-content\/uploads\/T\u00eates_com\u00e9diens\/IMG_7330-300x200.jpg 300w, https:\/\/theatre-pieces-detachees.org\/wp-content\/uploads\/T\u00eates_com\u00e9diens\/IMG_7330-150x100.jpg 150w, https:\/\/theatre-pieces-detachees.org\/wp-content\/uploads\/T\u00eates_com\u00e9diens\/IMG_7330-1024x683.jpg 1024w\" sizes=\"auto, (max-width: 160px) 100vw, 160px\" \/> \u00a0 \u00a0\u00a0<img loading=\"lazy\" decoding=\"async\" class=\"size-large wp-image-1285 alignnone\" src=\"https:\/\/theatre-pieces-detachees.org\/wp-content\/uploads\/T\u00eates_com\u00e9diens\/IMG_7288-1024x683.jpg\" alt=\"\" width=\"160\" height=\"107\" srcset=\"https:\/\/theatre-pieces-detachees.org\/wp-content\/uploads\/T\u00eates_com\u00e9diens\/IMG_7288-1024x683.jpg 1024w, https:\/\/theatre-pieces-detachees.org\/wp-content\/uploads\/T\u00eates_com\u00e9diens\/IMG_7288-150x100.jpg 150w, https:\/\/theatre-pieces-detachees.org\/wp-content\/uploads\/T\u00eates_com\u00e9diens\/IMG_7288-300x200.jpg 300w\" sizes=\"auto, (max-width: 160px) 100vw, 160px\" \/> \u00a0 \u00a0\u00a0<img loading=\"lazy\" decoding=\"async\" class=\"size-large wp-image-1283 alignnone\" src=\"https:\/\/theatre-pieces-detachees.org\/wp-content\/uploads\/T\u00eates_com\u00e9diens\/IMG_7290-1024x683.jpg\" alt=\"\" width=\"160\" height=\"107\" srcset=\"https:\/\/theatre-pieces-detachees.org\/wp-content\/uploads\/T\u00eates_com\u00e9diens\/IMG_7290-1024x683.jpg 1024w, https:\/\/theatre-pieces-detachees.org\/wp-content\/uploads\/T\u00eates_com\u00e9diens\/IMG_7290-150x100.jpg 150w, https:\/\/theatre-pieces-detachees.org\/wp-content\/uploads\/T\u00eates_com\u00e9diens\/IMG_7290-300x200.jpg 300w\" sizes=\"auto, (max-width: 160px) 100vw, 160px\" \/><\/p>\r\n<p style=\"text-align: center;\">\u00a0<\/p>\r\n<h2 style=\"text-align: center;\"><span style=\"font-family: comic sans ms,sans-serif;\"><strong>Les musiciens<\/strong><\/span><\/h2>\r\n<h3 style=\"text-align: center;\"><span style=\"font-family: comic sans ms,sans-serif;\">Jean-Maurice et Joseph<\/span><\/h3>\r\n<h3 style=\"text-align: center;\"><img loading=\"lazy\" decoding=\"async\" class=\"size-full wp-image-1286 alignnone\" src=\"https:\/\/theatre-pieces-detachees.org\/wp-content\/uploads\/T\u00eates_com\u00e9diens\/MUSICIEN.jpg\" alt=\"\" width=\"300\" height=\"303\" srcset=\"https:\/\/theatre-pieces-detachees.org\/wp-content\/uploads\/T\u00eates_com\u00e9diens\/MUSICIEN.jpg 677w, https:\/\/theatre-pieces-detachees.org\/wp-content\/uploads\/T\u00eates_com\u00e9diens\/MUSICIEN-148x150.jpg 148w, https:\/\/theatre-pieces-detachees.org\/wp-content\/uploads\/T\u00eates_com\u00e9diens\/MUSICIEN-297x300.jpg 297w\" sizes=\"auto, (max-width: 300px) 100vw, 300px\" \/>\u00a0<\/h3>\r\n<h2 style=\"text-align: center;\"><span style=\"font-family: comic sans ms,sans-serif;\"><strong>Les techniciens<\/strong><\/span><\/h2>\r\n<h3 style=\"text-align: center;\"><span style=\"font-family: comic sans ms,sans-serif;\">Patricia, Jean-Marie C et Jean-Marie L<\/span><\/h3>\r\n<h3><img loading=\"lazy\" decoding=\"async\" class=\"alignnone size-medium wp-image-764 aligncenter\" src=\"https:\/\/theatre-pieces-detachees.org\/wp-content\/uploads\/2018\/12\/IMG_8516-300x200.jpg\" alt=\"\" width=\"300\" height=\"200\" srcset=\"https:\/\/theatre-pieces-detachees.org\/wp-content\/uploads\/2018\/12\/IMG_8516-300x200.jpg 300w, https:\/\/theatre-pieces-detachees.org\/wp-content\/uploads\/2018\/12\/IMG_8516-768x512.jpg 768w, https:\/\/theatre-pieces-detachees.org\/wp-content\/uploads\/2018\/12\/IMG_8516-1024x683.jpg 1024w\" sizes=\"auto, (max-width: 300px) 100vw, 300px\" \/><\/h3>\r\n","protected":false},"excerpt":{"rendered":"<p>&nbsp; Bonjour et bienvenue sur le site de la troupe de th\u00e9\u00e2tre laxovienne Pi\u00e8ces D\u00e9tach\u00e9es Avis : nous recherchons des jeunes actrices ou acteurs pour \u00e9toffer la troupe ! (Contactez-nous\u00a0 en indiquant vos coordonn\u00e9s en bas \u00e0 droite) &nbsp; La Metteuse en sc\u00e8ne Anne \u00a0 les Com\u00e9diennes Danielle \u00a0 \u00a0 \u00a0 \u00a0 \u00a0 \u00a0 \u00a0&hellip;<\/p>\n","protected":false},"author":4,"featured_media":0,"parent":0,"menu_order":1,"comment_status":"closed","ping_status":"closed","template":"","meta":{"footnotes":""},"class_list":["post-47","page","type-page","status-publish","hentry"],"yoast_head":"<!-- This site is optimized with the Yoast SEO plugin v27.5 - https:\/\/yoast.com\/product\/yoast-seo-wordpress\/ -->\n<title>Accueil - Pi\u00e8ces d\u00e9tach\u00e9es<\/title>\n<meta name=\"robots\" content=\"index, follow, max-snippet:-1, max-image-preview:large, max-video-preview:-1\" \/>\n<link rel=\"canonical\" href=\"https:\/\/theatre-pieces-detachees.org\/\" \/>\n<meta property=\"og:locale\" content=\"fr_FR\" \/>\n<meta property=\"og:type\" content=\"article\" \/>\n<meta property=\"og:title\" content=\"Accueil - Pi\u00e8ces d\u00e9tach\u00e9es\" \/>\n<meta property=\"og:description\" content=\"&nbsp; Bonjour et bienvenue sur le site de la troupe de th\u00e9\u00e2tre laxovienne Pi\u00e8ces D\u00e9tach\u00e9es Avis : nous recherchons des jeunes actrices ou acteurs pour \u00e9toffer la troupe ! (Contactez-nous\u00a0 en indiquant vos coordonn\u00e9s en bas \u00e0 droite) &nbsp; La Metteuse en sc\u00e8ne Anne \u00a0 les Com\u00e9diennes Danielle \u00a0 \u00a0 \u00a0 \u00a0 \u00a0 \u00a0 \u00a0&hellip;\" \/>\n<meta property=\"og:url\" content=\"https:\/\/theatre-pieces-detachees.org\/\" \/>\n<meta property=\"og:site_name\" content=\"Pi\u00e8ces d\u00e9tach\u00e9es\" \/>\n<meta property=\"article:modified_time\" content=\"2019-03-05T12:54:21+00:00\" \/>\n<meta property=\"og:image\" content=\"https:\/\/theatre-pieces-detachees.org\/wp-content\/uploads\/2019\/02\/des-mots-photo-madeleine-decaux-1024x1024.jpg\" \/>\n<meta name=\"twitter:card\" content=\"summary_large_image\" \/>\n<script type=\"application\/ld+json\" class=\"yoast-schema-graph\">{\"@context\":\"https:\\\/\\\/schema.org\",\"@graph\":[{\"@type\":\"WebPage\",\"@id\":\"https:\\\/\\\/theatre-pieces-detachees.org\\\/\",\"url\":\"https:\\\/\\\/theatre-pieces-detachees.org\\\/\",\"name\":\"Accueil - Pi\u00e8ces d\u00e9tach\u00e9es\",\"isPartOf\":{\"@id\":\"https:\\\/\\\/theatre-pieces-detachees.org\\\/#website\"},\"primaryImageOfPage\":{\"@id\":\"https:\\\/\\\/theatre-pieces-detachees.org\\\/#primaryimage\"},\"image\":{\"@id\":\"https:\\\/\\\/theatre-pieces-detachees.org\\\/#primaryimage\"},\"thumbnailUrl\":\"https:\\\/\\\/theatre-pieces-detachees.org\\\/wp-content\\\/uploads\\\/2019\\\/02\\\/des-mots-photo-madeleine-decaux-1024x1024.jpg\",\"datePublished\":\"2018-12-01T13:36:55+00:00\",\"dateModified\":\"2019-03-05T12:54:21+00:00\",\"breadcrumb\":{\"@id\":\"https:\\\/\\\/theatre-pieces-detachees.org\\\/#breadcrumb\"},\"inLanguage\":\"fr-FR\",\"potentialAction\":[{\"@type\":\"ReadAction\",\"target\":[\"https:\\\/\\\/theatre-pieces-detachees.org\\\/\"]}]},{\"@type\":\"ImageObject\",\"inLanguage\":\"fr-FR\",\"@id\":\"https:\\\/\\\/theatre-pieces-detachees.org\\\/#primaryimage\",\"url\":\"https:\\\/\\\/theatre-pieces-detachees.org\\\/wp-content\\\/uploads\\\/2019\\\/02\\\/des-mots-photo-madeleine-decaux.jpg\",\"contentUrl\":\"https:\\\/\\\/theatre-pieces-detachees.org\\\/wp-content\\\/uploads\\\/2019\\\/02\\\/des-mots-photo-madeleine-decaux.jpg\",\"width\":2006,\"height\":2008},{\"@type\":\"BreadcrumbList\",\"@id\":\"https:\\\/\\\/theatre-pieces-detachees.org\\\/#breadcrumb\",\"itemListElement\":[{\"@type\":\"ListItem\",\"position\":1,\"name\":\"Accueil\",\"item\":\"https:\\\/\\\/theatre-pieces-detachees.org\\\/\"},{\"@type\":\"ListItem\",\"position\":2,\"name\":\"Accueil\"}]},{\"@type\":\"WebSite\",\"@id\":\"https:\\\/\\\/theatre-pieces-detachees.org\\\/#website\",\"url\":\"https:\\\/\\\/theatre-pieces-detachees.org\\\/\",\"name\":\"Pi\u00e8ces d\u00e9tach\u00e9es\",\"description\":\"troupe de th\u00e9\u00e2tre laxovienne\",\"potentialAction\":[{\"@type\":\"SearchAction\",\"target\":{\"@type\":\"EntryPoint\",\"urlTemplate\":\"https:\\\/\\\/theatre-pieces-detachees.org\\\/?s={search_term_string}\"},\"query-input\":{\"@type\":\"PropertyValueSpecification\",\"valueRequired\":true,\"valueName\":\"search_term_string\"}}],\"inLanguage\":\"fr-FR\"}]}<\/script>\n<!-- \/ Yoast SEO plugin. -->","yoast_head_json":{"title":"Accueil - Pi\u00e8ces d\u00e9tach\u00e9es","robots":{"index":"index","follow":"follow","max-snippet":"max-snippet:-1","max-image-preview":"max-image-preview:large","max-video-preview":"max-video-preview:-1"},"canonical":"https:\/\/theatre-pieces-detachees.org\/","og_locale":"fr_FR","og_type":"article","og_title":"Accueil - Pi\u00e8ces d\u00e9tach\u00e9es","og_description":"&nbsp; Bonjour et bienvenue sur le site de la troupe de th\u00e9\u00e2tre laxovienne Pi\u00e8ces D\u00e9tach\u00e9es Avis : nous recherchons des jeunes actrices ou acteurs pour \u00e9toffer la troupe ! (Contactez-nous\u00a0 en indiquant vos coordonn\u00e9s en bas \u00e0 droite) &nbsp; La Metteuse en sc\u00e8ne Anne \u00a0 les Com\u00e9diennes Danielle \u00a0 \u00a0 \u00a0 \u00a0 \u00a0 \u00a0 \u00a0&hellip;","og_url":"https:\/\/theatre-pieces-detachees.org\/","og_site_name":"Pi\u00e8ces d\u00e9tach\u00e9es","article_modified_time":"2019-03-05T12:54:21+00:00","og_image":[{"url":"https:\/\/theatre-pieces-detachees.org\/wp-content\/uploads\/2019\/02\/des-mots-photo-madeleine-decaux-1024x1024.jpg","type":"","width":"","height":""}],"twitter_card":"summary_large_image","schema":{"@context":"https:\/\/schema.org","@graph":[{"@type":"WebPage","@id":"https:\/\/theatre-pieces-detachees.org\/","url":"https:\/\/theatre-pieces-detachees.org\/","name":"Accueil - Pi\u00e8ces d\u00e9tach\u00e9es","isPartOf":{"@id":"https:\/\/theatre-pieces-detachees.org\/#website"},"primaryImageOfPage":{"@id":"https:\/\/theatre-pieces-detachees.org\/#primaryimage"},"image":{"@id":"https:\/\/theatre-pieces-detachees.org\/#primaryimage"},"thumbnailUrl":"https:\/\/theatre-pieces-detachees.org\/wp-content\/uploads\/2019\/02\/des-mots-photo-madeleine-decaux-1024x1024.jpg","datePublished":"2018-12-01T13:36:55+00:00","dateModified":"2019-03-05T12:54:21+00:00","breadcrumb":{"@id":"https:\/\/theatre-pieces-detachees.org\/#breadcrumb"},"inLanguage":"fr-FR","potentialAction":[{"@type":"ReadAction","target":["https:\/\/theatre-pieces-detachees.org\/"]}]},{"@type":"ImageObject","inLanguage":"fr-FR","@id":"https:\/\/theatre-pieces-detachees.org\/#primaryimage","url":"https:\/\/theatre-pieces-detachees.org\/wp-content\/uploads\/2019\/02\/des-mots-photo-madeleine-decaux.jpg","contentUrl":"https:\/\/theatre-pieces-detachees.org\/wp-content\/uploads\/2019\/02\/des-mots-photo-madeleine-decaux.jpg","width":2006,"height":2008},{"@type":"BreadcrumbList","@id":"https:\/\/theatre-pieces-detachees.org\/#breadcrumb","itemListElement":[{"@type":"ListItem","position":1,"name":"Accueil","item":"https:\/\/theatre-pieces-detachees.org\/"},{"@type":"ListItem","position":2,"name":"Accueil"}]},{"@type":"WebSite","@id":"https:\/\/theatre-pieces-detachees.org\/#website","url":"https:\/\/theatre-pieces-detachees.org\/","name":"Pi\u00e8ces d\u00e9tach\u00e9es","description":"troupe de th\u00e9\u00e2tre laxovienne","potentialAction":[{"@type":"SearchAction","target":{"@type":"EntryPoint","urlTemplate":"https:\/\/theatre-pieces-detachees.org\/?s={search_term_string}"},"query-input":{"@type":"PropertyValueSpecification","valueRequired":true,"valueName":"search_term_string"}}],"inLanguage":"fr-FR"}]}},"_links":{"self":[{"href":"https:\/\/theatre-pieces-detachees.org\/index.php?rest_route=\/wp\/v2\/pages\/47","targetHints":{"allow":["GET"]}}],"collection":[{"href":"https:\/\/theatre-pieces-detachees.org\/index.php?rest_route=\/wp\/v2\/pages"}],"about":[{"href":"https:\/\/theatre-pieces-detachees.org\/index.php?rest_route=\/wp\/v2\/types\/page"}],"author":[{"embeddable":true,"href":"https:\/\/theatre-pieces-detachees.org\/index.php?rest_route=\/wp\/v2\/users\/4"}],"replies":[{"embeddable":true,"href":"https:\/\/theatre-pieces-detachees.org\/index.php?rest_route=%2Fwp%2Fv2%2Fcomments&post=47"}],"version-history":[{"count":64,"href":"https:\/\/theatre-pieces-detachees.org\/index.php?rest_route=\/wp\/v2\/pages\/47\/revisions"}],"predecessor-version":[{"id":1403,"href":"https:\/\/theatre-pieces-detachees.org\/index.php?rest_route=\/wp\/v2\/pages\/47\/revisions\/1403"}],"wp:attachment":[{"href":"https:\/\/theatre-pieces-detachees.org\/index.php?rest_route=%2Fwp%2Fv2%2Fmedia&parent=47"}],"curies":[{"name":"wp","href":"https:\/\/api.w.org\/{rel}","templated":true}]}}